{"id":7828,"date":"2021-06-30T12:56:45","date_gmt":"2021-06-30T12:56:45","guid":{"rendered":"http:\/\/parco-maremma.it\/?page_id=7828"},"modified":"2023-05-18T08:12:56","modified_gmt":"2023-05-18T08:12:56","slug":"le-spiagge-del-parco","status":"publish","type":"page","link":"https:\/\/parco-maremma.it\/en\/visita-il-parco\/le-spiagge-del-parco\/","title":{"rendered":"Le spiagge del Parco"},"content":{"rendered":"\n<h3 class=\"wp-block-heading\">Il litorale all\u2019interno del Parco Regionale della Maremma si estende per circa 25 km da Principina a Mare sino a Talamone.<br>Vediamo insieme nel dettaglio, quali sono le principali spiagge accessibili e come raggiungerle nelle varie stagioni.<\/h3>\n\n\n\n<p><\/p>\n\n\n\n<h4 class=\"wp-block-heading\">Spiaggia di Principina a Mare<\/h4>\n\n\n\n<p>E\u2019 conosciuta come la \u201cspiaggia dei capanni\u201d, anche se la pratica di spostare i legni per costruirli in realt\u00e0 non \u00e8 consentita. Si trova nel Comune di Grosseto e puoi raggiungerla in auto, il parcheggio \u00e8 gratuito, in autobus da Grosseto, oppure in bici passando dalla ciclabile che collega Grosseto a Marina di Grosseto.<br>Questa spiaggia non si trova su un itinerario preciso del Parco, ma \u00e8 particolarmente suggestiva per la sua naturalit\u00e0.<\/p>\n\n\n\n<h4 class=\"wp-block-heading\">Spiaggia di Marina di Alberese<\/h4>\n\n\n\n<p>E\u2019 la spiaggia a sud della foce dell\u2019Ombrone e si estende per qualche chilometro sino ad arrivare a Collelungo. In prossimit\u00e0 della spiaggia \u00e8 presente un Centro Servizi, dove sono presenti i servizi igienici, un punto ristoro, un punto vendite di prodotti locali ed un punto informativo, attivi con cadenza stagionale. Dal Centro servizi due stradelli pedonali portano alla spiaggia.&nbsp;<br>Si trova nel Comune di Grosseto ed \u00e8 una spiaggia accessibile anche a persone con disabilit\u00e0 motoria, con un\u2019area di sosta dedicata, da cui si accede ad una passarella con tre postazioni per l\u2019ombra ed una sedia job che permette di raggiungere il mare.<\/p>\n\n\n\n<div class=\"wp-block-cover alignwide is-light\" style=\"min-height:433px;aspect-ratio:unset;\"><span aria-hidden=\"true\" class=\"has-background-dim-0 wp-block-cover__gradient-background has-background-dim\"><\/span><img loading=\"lazy\" decoding=\"async\" width=\"912\" height=\"684\" class=\"wp-block-cover__image-background wp-image-12801\" alt=\"\" src=\"http:\/\/parco-maremma.it\/wp-content\/uploads\/2021\/07\/Parco-Regionale-della-Maremma_Marina-di-Alberese.jpg\" style=\"object-position:53% 50%\" data-object-fit=\"cover\" data-object-position=\"53% 50%\" srcset=\"https:\/\/parco-maremma.it\/wp-content\/uploads\/2021\/07\/Parco-Regionale-della-Maremma_Marina-di-Alberese.jpg 912w, https:\/\/parco-maremma.it\/wp-content\/uploads\/2021\/07\/Parco-Regionale-della-Maremma_Marina-di-Alberese-300x225.jpg 300w\" sizes=\"auto, (max-width: 912px) 100vw, 912px\" \/><div class=\"wp-block-cover__inner-container is-layout-flow wp-block-cover-is-layout-flow\">\n<p class=\"has-large-font-size\"><\/p>\n<\/div><\/div>\n\n\n\n<p><\/p>\n\n\n\n<p><strong>In estate<\/strong> puoi raggiungerla in tre modi:<\/p>\n\n\n\n<ul class=\"wp-block-list\"><li>in auto o in moto, con un\u2019area di sosta a pagamento, regolata da una barra presente in prossimit\u00e0 di Vaccareccia. Dato che i posti di sosta sono limitati, al raggiungimento del numero massimo la sbarra si chiude autonomamente sino a che non ci creano nuovi spazi liberi. Lungo la strada che porta a Marina di Alberese, prima delle colonne di Spergolaia,\u00a0 \u00e8 visibile un display che indica il numero dei posti disponibili.<\/li><li>In autobus, attraverso la navetta, attiva in estate e con corse implementate da tarda primavera sino a fine estate con partenze dalle frazioni di Alberese e Rispescia\u00a0<\/li><li>In bici, attraverso la ciclabile libera e gratuita<\/li><\/ul>\n\n\n\n<p>In <strong>autunno, inverno e primavera<\/strong> puoi raggiungerla in due modi:<\/p>\n\n\n\n<ul class=\"wp-block-list\"><li>in auto, il parcheggio, indicativamente dal 2 novembre \u00e8 gratuito, ma ti consigliamo di verificare sempre la data.<\/li><li>In bici, attraverso la ciclabile libera e gratuita<\/li><\/ul>\n\n\n\n<h4 class=\"wp-block-heading\">Spiaggia di Collelungo<\/h4>\n\n\n\n<p>Questa spiaggia, dominata dall\u2019omonima torre, si trova proprio nel cuore del Parco, per questo motivo non \u00e8 raggiungibile n\u00e9 in auto, n\u00e9 in autobus, ma puoi fruirne con queste modalit\u00e0:<\/p>\n\n\n\n<ul class=\"wp-block-list\"><li>in bici, attraverso il<a href=\"http:\/\/parco-maremma.it\/visita-il-parco\/in-bicicletta\/percorso-ciclabile-per-collelungo-pinastrellaia\/\" target=\"_blank\" rel=\"noreferrer noopener\"> Percorso ciclabile per Collelungo &#8211; Pinastrellaia<\/a> (massimo 150 posti al giorno)<\/li><li>A piedi, percorrendo il lungomare da Marina di Alberese<\/li><li>A piedi, con un trekking, attraverso il percorso <a href=\"http:\/\/parco-maremma.it\/visita-il-parco\/a-piedi\/a2-le-torri\/\" target=\"_blank\" rel=\"noreferrer noopener\">A2 Le Torri<\/a>.<\/li><\/ul>\n\n\n\n<div class=\"wp-block-cover is-light\" style=\"min-height:472px;aspect-ratio:unset;\"><span aria-hidden=\"true\" class=\"has-background-dim-0 wp-block-cover__gradient-background has-background-dim\"><\/span><img loading=\"lazy\" decoding=\"async\" width=\"1920\" height=\"1044\" class=\"wp-block-cover__image-background wp-image-12803\" alt=\"\" src=\"http:\/\/parco-maremma.it\/wp-content\/uploads\/2021\/07\/Collelungo.jpg\" data-object-fit=\"cover\" srcset=\"https:\/\/parco-maremma.it\/wp-content\/uploads\/2021\/07\/Collelungo.jpg 1920w, https:\/\/parco-maremma.it\/wp-content\/uploads\/2021\/07\/Collelungo-300x163.jpg 300w, https:\/\/parco-maremma.it\/wp-content\/uploads\/2021\/07\/Collelungo-1024x557.jpg 1024w\" sizes=\"auto, (max-width: 1920px) 100vw, 1920px\" \/><div class=\"wp-block-cover__inner-container is-layout-flow wp-block-cover-is-layout-flow\">\n<p class=\"has-large-font-size\"><\/p>\n<\/div><\/div>\n\n\n\n<p><\/p>\n\n\n\n<h4 class=\"wp-block-heading\">Cala Salto del Cervo<\/h4>\n\n\n\n<p>Questa piccola ma suggestiva cala si trova a Collecchio, nel Comune di Magliano in Toscana ed \u00e8 raggiungibile soltanto a piedi.&nbsp; I<strong>n estate, durante la disciplina estiva, si pu\u00f2 raggiungere <\/strong>soltanto con le visite guidate e su prenotazione, percorrendo a piedi il percorso C1 Salto del Cervo.<br>In <strong>autunno, inverno e primavera<\/strong> pu\u00f2 essere raggiunta in autonomia, previo comunque l\u2019acquisto del biglietto, attraverso il percorso <a href=\"http:\/\/parco-maremma.it\/visita-il-parco\/a-piedi\/c1-salto-del-cervo\/\" target=\"_blank\" rel=\"noreferrer noopener\">C1 Salto del Cervo <\/a>a piedi.<\/p>\n\n\n\n<div class=\"wp-block-cover alignwide is-light\" style=\"min-height:415px;aspect-ratio:unset;\"><span aria-hidden=\"true\" class=\"has-background-dim-0 wp-block-cover__gradient-background has-background-dim\"><\/span><img loading=\"lazy\" decoding=\"async\" width=\"1920\" height=\"1440\" class=\"wp-block-cover__image-background wp-image-12805\" alt=\"\" src=\"http:\/\/parco-maremma.it\/wp-content\/uploads\/2021\/07\/Salto-del-Cervo.jpg\" data-object-fit=\"cover\" srcset=\"https:\/\/parco-maremma.it\/wp-content\/uploads\/2021\/07\/Salto-del-Cervo.jpg 1920w, https:\/\/parco-maremma.it\/wp-content\/uploads\/2021\/07\/Salto-del-Cervo-300x225.jpg 300w, https:\/\/parco-maremma.it\/wp-content\/uploads\/2021\/07\/Salto-del-Cervo-1024x768.jpg 1024w\" sizes=\"auto, (max-width: 1920px) 100vw, 1920px\" \/><div class=\"wp-block-cover__inner-container is-layout-flow wp-block-cover-is-layout-flow\">\n<p class=\"has-large-font-size\"><\/p>\n<\/div><\/div>\n\n\n\n<p><\/p>\n\n\n\n<h4 class=\"wp-block-heading\">Spiaggia delle Cannelle<\/h4>\n\n\n\n<p>La baia delle Cannelle, si trova a Talamone nel Comune di Orbetello ed \u00e8 raggiungibile soltanto a piedi.<strong> Si pu\u00f2 raggiungere <\/strong>soltanto con le visite guidate e su prenotazione percorrendo il percorso T2 Le Cannelle a piedi.<br><\/p>\n\n\n\n<p><\/p>\n\n\n\n<h4 class=\"wp-block-heading\">Cala di Forno<\/h4>\n\n\n\n<p>Questa splendida cala si trova nel Comune di Magliano in Toscana tra la propaggine di Cala Francese e la scogliera di Talamone. E\u2019 raggiungibile attraverso il percorso A4 Cala di Forno e l&#8217;itinerario A4 Cala di Forno da Marina di Alberese.  In estate, con la disciplina estiva, \u00e8 raggiungibile solo in date specifiche con visite guidate e su prenotazione.<\/p>\n\n\n\n<figure class=\"wp-block-image alignwide size-large is-style-default\"><img loading=\"lazy\" decoding=\"async\" width=\"1024\" height=\"576\" src=\"http:\/\/parco-maremma.it\/wp-content\/uploads\/2021\/07\/Parco-Regionale-della-Maremma_Cala-di-Forno-1024x576.jpg\" alt=\"\" class=\"wp-image-12809\" srcset=\"https:\/\/parco-maremma.it\/wp-content\/uploads\/2021\/07\/Parco-Regionale-della-Maremma_Cala-di-Forno-1024x576.jpg 1024w, https:\/\/parco-maremma.it\/wp-content\/uploads\/2021\/07\/Parco-Regionale-della-Maremma_Cala-di-Forno-300x169.jpg 300w, https:\/\/parco-maremma.it\/wp-content\/uploads\/2021\/07\/Parco-Regionale-della-Maremma_Cala-di-Forno.jpg 1920w\" sizes=\"auto, (max-width: 1024px) 100vw, 1024px\" \/><\/figure>\n\n\n\n<p><\/p>\n","protected":false},"excerpt":{"rendered":"<p>Il litorale all\u2019interno del Parco Regionale della Maremma si estende per circa 25 km da Principina a Mare sino a Talamone.Vediamo insieme nel dettaglio, quali sono le principali spiagge accessibili&#8230;<\/p>\n","protected":false},"author":12,"featured_media":13173,"parent":28,"menu_order":0,"comment_status":"closed","ping_status":"closed","template":"","meta":{"_uag_custom_page_level_css":"","footnotes":""},"class_list":["post-7828","page","type-page","status-publish","has-post-thumbnail","hentry"],"acf":[],"yoast_head":"<!-- This site is optimized with the Yoast SEO plugin v25.5 - https:\/\/yoast.com\/wordpress\/plugins\/seo\/ -->\n<title>Le spiagge del Parco - Parco Maremma<\/title>\n<meta name=\"robots\" content=\"index, follow, max-snippet:-1, max-image-preview:large, max-video-preview:-1\" \/>\n<link rel=\"canonical\" href=\"https:\/\/parco-maremma.it\/visita-il-parco\/le-spiagge-del-parco\/\" \/>\n<meta property=\"og:locale\" content=\"en_US\" \/>\n<meta property=\"og:type\" content=\"article\" \/>\n<meta property=\"og:title\" content=\"Le spiagge del Parco - Parco Maremma\" \/>\n<meta property=\"og:description\" content=\"Il litorale all\u2019interno del Parco Regionale della Maremma si estende per circa 25 km da Principina a Mare sino a Talamone.Vediamo insieme nel dettaglio, quali sono le principali spiagge accessibili...\" \/>\n<meta property=\"og:url\" content=\"https:\/\/parco-maremma.it\/visita-il-parco\/le-spiagge-del-parco\/\" \/>\n<meta property=\"og:site_name\" content=\"Parco Maremma\" \/>\n<meta property=\"article:publisher\" content=\"https:\/\/www.facebook.com\/parcodellamaremma\" \/>\n<meta property=\"article:modified_time\" content=\"2023-05-18T08:12:56+00:00\" \/>\n<meta property=\"og:image\" content=\"https:\/\/parco-maremma.it\/wp-content\/uploads\/2021\/03\/RID_MARIA-TERZUOLI-mariatersa.terzuoli79@gmail.com_di-sole-e-dazzurro-copia.jpg\" \/>\n\t<meta property=\"og:image:width\" content=\"1000\" \/>\n\t<meta property=\"og:image:height\" content=\"563\" \/>\n\t<meta property=\"og:image:type\" content=\"image\/jpeg\" \/>\n<meta name=\"twitter:card\" content=\"summary_large_image\" \/>\n<meta name=\"twitter:label1\" content=\"Est. reading time\" \/>\n\t<meta name=\"twitter:data1\" content=\"5 minutes\" \/>\n<script type=\"application\/ld+json\" class=\"yoast-schema-graph\">{\"@context\":\"https:\/\/schema.org\",\"@graph\":[{\"@type\":\"WebPage\",\"@id\":\"https:\/\/parco-maremma.it\/visita-il-parco\/le-spiagge-del-parco\/\",\"url\":\"https:\/\/parco-maremma.it\/visita-il-parco\/le-spiagge-del-parco\/\",\"name\":\"Le spiagge del Parco - Parco Maremma\",\"isPartOf\":{\"@id\":\"https:\/\/parco-maremma.it\/#website\"},\"primaryImageOfPage\":{\"@id\":\"https:\/\/parco-maremma.it\/visita-il-parco\/le-spiagge-del-parco\/#primaryimage\"},\"image\":{\"@id\":\"https:\/\/parco-maremma.it\/visita-il-parco\/le-spiagge-del-parco\/#primaryimage\"},\"thumbnailUrl\":\"https:\/\/parco-maremma.it\/wp-content\/uploads\/2021\/03\/RID_MARIA-TERZUOLI-mariatersa.terzuoli79@gmail.com_di-sole-e-dazzurro-copia.jpg\",\"datePublished\":\"2021-06-30T12:56:45+00:00\",\"dateModified\":\"2023-05-18T08:12:56+00:00\",\"breadcrumb\":{\"@id\":\"https:\/\/parco-maremma.it\/visita-il-parco\/le-spiagge-del-parco\/#breadcrumb\"},\"inLanguage\":\"en-US\",\"potentialAction\":[{\"@type\":\"ReadAction\",\"target\":[\"https:\/\/parco-maremma.it\/visita-il-parco\/le-spiagge-del-parco\/\"]}]},{\"@type\":\"ImageObject\",\"inLanguage\":\"en-US\",\"@id\":\"https:\/\/parco-maremma.it\/visita-il-parco\/le-spiagge-del-parco\/#primaryimage\",\"url\":\"https:\/\/parco-maremma.it\/wp-content\/uploads\/2021\/03\/RID_MARIA-TERZUOLI-mariatersa.terzuoli79@gmail.com_di-sole-e-dazzurro-copia.jpg\",\"contentUrl\":\"https:\/\/parco-maremma.it\/wp-content\/uploads\/2021\/03\/RID_MARIA-TERZUOLI-mariatersa.terzuoli79@gmail.com_di-sole-e-dazzurro-copia.jpg\",\"width\":1000,\"height\":563,\"caption\":\"\\\"Di sole e d'azzurro\\\" di Maria Terzuoli\"},{\"@type\":\"BreadcrumbList\",\"@id\":\"https:\/\/parco-maremma.it\/visita-il-parco\/le-spiagge-del-parco\/#breadcrumb\",\"itemListElement\":[{\"@type\":\"ListItem\",\"position\":1,\"name\":\"Home\",\"item\":\"https:\/\/parco-maremma.it\/en\/home\/\"},{\"@type\":\"ListItem\",\"position\":2,\"name\":\"Visita il parco\",\"item\":\"https:\/\/parco-maremma.it\/visita-il-parco\/\"},{\"@type\":\"ListItem\",\"position\":3,\"name\":\"Le spiagge del Parco\"}]},{\"@type\":\"WebSite\",\"@id\":\"https:\/\/parco-maremma.it\/#website\",\"url\":\"https:\/\/parco-maremma.it\/\",\"name\":\"Parco Maremma\",\"description\":\"Sito ufficiale del Parco Regionale della Maremma\",\"publisher\":{\"@id\":\"https:\/\/parco-maremma.it\/#organization\"},\"potentialAction\":[{\"@type\":\"SearchAction\",\"target\":{\"@type\":\"EntryPoint\",\"urlTemplate\":\"https:\/\/parco-maremma.it\/?s={search_term_string}\"},\"query-input\":{\"@type\":\"PropertyValueSpecification\",\"valueRequired\":true,\"valueName\":\"search_term_string\"}}],\"inLanguage\":\"en-US\"},{\"@type\":\"Organization\",\"@id\":\"https:\/\/parco-maremma.it\/#organization\",\"name\":\"Parco Maremma\",\"url\":\"https:\/\/parco-maremma.it\/\",\"logo\":{\"@type\":\"ImageObject\",\"inLanguage\":\"en-US\",\"@id\":\"https:\/\/parco-maremma.it\/#\/schema\/logo\/image\/\",\"url\":\"https:\/\/parco-maremma.it\/wp-content\/uploads\/2023\/12\/Logo-sito.png\",\"contentUrl\":\"https:\/\/parco-maremma.it\/wp-content\/uploads\/2023\/12\/Logo-sito.png\",\"width\":1000,\"height\":1000,\"caption\":\"Parco Maremma\"},\"image\":{\"@id\":\"https:\/\/parco-maremma.it\/#\/schema\/logo\/image\/\"},\"sameAs\":[\"https:\/\/www.facebook.com\/parcodellamaremma\",\"https:\/\/www.instagram.com\/parcomaremma\"]}]}<\/script>\n<!-- \/ Yoast SEO plugin. -->","yoast_head_json":{"title":"Le spiagge del Parco - Parco Maremma","robots":{"index":"index","follow":"follow","max-snippet":"max-snippet:-1","max-image-preview":"max-image-preview:large","max-video-preview":"max-video-preview:-1"},"canonical":"https:\/\/parco-maremma.it\/visita-il-parco\/le-spiagge-del-parco\/","og_locale":"en_US","og_type":"article","og_title":"Le spiagge del Parco - Parco Maremma","og_description":"Il litorale all\u2019interno del Parco Regionale della Maremma si estende per circa 25 km da Principina a Mare sino a Talamone.Vediamo insieme nel dettaglio, quali sono le principali spiagge accessibili...","og_url":"https:\/\/parco-maremma.it\/visita-il-parco\/le-spiagge-del-parco\/","og_site_name":"Parco Maremma","article_publisher":"https:\/\/www.facebook.com\/parcodellamaremma","article_modified_time":"2023-05-18T08:12:56+00:00","og_image":[{"width":1000,"height":563,"url":"https:\/\/parco-maremma.it\/wp-content\/uploads\/2021\/03\/RID_MARIA-TERZUOLI-mariatersa.terzuoli79@gmail.com_di-sole-e-dazzurro-copia.jpg","type":"image\/jpeg"}],"twitter_card":"summary_large_image","twitter_misc":{"Est. reading time":"5 minutes"},"schema":{"@context":"https:\/\/schema.org","@graph":[{"@type":"WebPage","@id":"https:\/\/parco-maremma.it\/visita-il-parco\/le-spiagge-del-parco\/","url":"https:\/\/parco-maremma.it\/visita-il-parco\/le-spiagge-del-parco\/","name":"Le spiagge del Parco - Parco Maremma","isPartOf":{"@id":"https:\/\/parco-maremma.it\/#website"},"primaryImageOfPage":{"@id":"https:\/\/parco-maremma.it\/visita-il-parco\/le-spiagge-del-parco\/#primaryimage"},"image":{"@id":"https:\/\/parco-maremma.it\/visita-il-parco\/le-spiagge-del-parco\/#primaryimage"},"thumbnailUrl":"https:\/\/parco-maremma.it\/wp-content\/uploads\/2021\/03\/RID_MARIA-TERZUOLI-mariatersa.terzuoli79@gmail.com_di-sole-e-dazzurro-copia.jpg","datePublished":"2021-06-30T12:56:45+00:00","dateModified":"2023-05-18T08:12:56+00:00","breadcrumb":{"@id":"https:\/\/parco-maremma.it\/visita-il-parco\/le-spiagge-del-parco\/#breadcrumb"},"inLanguage":"en-US","potentialAction":[{"@type":"ReadAction","target":["https:\/\/parco-maremma.it\/visita-il-parco\/le-spiagge-del-parco\/"]}]},{"@type":"ImageObject","inLanguage":"en-US","@id":"https:\/\/parco-maremma.it\/visita-il-parco\/le-spiagge-del-parco\/#primaryimage","url":"https:\/\/parco-maremma.it\/wp-content\/uploads\/2021\/03\/RID_MARIA-TERZUOLI-mariatersa.terzuoli79@gmail.com_di-sole-e-dazzurro-copia.jpg","contentUrl":"https:\/\/parco-maremma.it\/wp-content\/uploads\/2021\/03\/RID_MARIA-TERZUOLI-mariatersa.terzuoli79@gmail.com_di-sole-e-dazzurro-copia.jpg","width":1000,"height":563,"caption":"\"Di sole e d'azzurro\" di Maria Terzuoli"},{"@type":"BreadcrumbList","@id":"https:\/\/parco-maremma.it\/visita-il-parco\/le-spiagge-del-parco\/#breadcrumb","itemListElement":[{"@type":"ListItem","position":1,"name":"Home","item":"https:\/\/parco-maremma.it\/en\/home\/"},{"@type":"ListItem","position":2,"name":"Visita il parco","item":"https:\/\/parco-maremma.it\/visita-il-parco\/"},{"@type":"ListItem","position":3,"name":"Le spiagge del Parco"}]},{"@type":"WebSite","@id":"https:\/\/parco-maremma.it\/#website","url":"https:\/\/parco-maremma.it\/","name":"Parco Maremma","description":"Sito ufficiale del Parco Regionale della Maremma","publisher":{"@id":"https:\/\/parco-maremma.it\/#organization"},"potentialAction":[{"@type":"SearchAction","target":{"@type":"EntryPoint","urlTemplate":"https:\/\/parco-maremma.it\/?s={search_term_string}"},"query-input":{"@type":"PropertyValueSpecification","valueRequired":true,"valueName":"search_term_string"}}],"inLanguage":"en-US"},{"@type":"Organization","@id":"https:\/\/parco-maremma.it\/#organization","name":"Parco Maremma","url":"https:\/\/parco-maremma.it\/","logo":{"@type":"ImageObject","inLanguage":"en-US","@id":"https:\/\/parco-maremma.it\/#\/schema\/logo\/image\/","url":"https:\/\/parco-maremma.it\/wp-content\/uploads\/2023\/12\/Logo-sito.png","contentUrl":"https:\/\/parco-maremma.it\/wp-content\/uploads\/2023\/12\/Logo-sito.png","width":1000,"height":1000,"caption":"Parco Maremma"},"image":{"@id":"https:\/\/parco-maremma.it\/#\/schema\/logo\/image\/"},"sameAs":["https:\/\/www.facebook.com\/parcodellamaremma","https:\/\/www.instagram.com\/parcomaremma"]}]}},"uagb_featured_image_src":{"full":["https:\/\/parco-maremma.it\/wp-content\/uploads\/2021\/03\/RID_MARIA-TERZUOLI-mariatersa.terzuoli79@gmail.com_di-sole-e-dazzurro-copia.jpg",1000,563,false],"thumbnail":["https:\/\/parco-maremma.it\/wp-content\/uploads\/2021\/03\/RID_MARIA-TERZUOLI-mariatersa.terzuoli79@gmail.com_di-sole-e-dazzurro-copia.jpg",150,84,false],"medium":["https:\/\/parco-maremma.it\/wp-content\/uploads\/2021\/03\/RID_MARIA-TERZUOLI-mariatersa.terzuoli79@gmail.com_di-sole-e-dazzurro-copia.jpg",300,169,false],"large":["https:\/\/parco-maremma.it\/wp-content\/uploads\/2021\/03\/RID_MARIA-TERZUOLI-mariatersa.terzuoli79@gmail.com_di-sole-e-dazzurro-copia.jpg",1000,563,false],"us_400_200_crop":["https:\/\/parco-maremma.it\/wp-content\/uploads\/2021\/03\/RID_MARIA-TERZUOLI-mariatersa.terzuoli79@gmail.com_di-sole-e-dazzurro-copia-400x200.jpg",400,200,true],"us_600_400_crop":["https:\/\/parco-maremma.it\/wp-content\/uploads\/2021\/03\/RID_MARIA-TERZUOLI-mariatersa.terzuoli79@gmail.com_di-sole-e-dazzurro-copia-600x400.jpg",600,400,true],"us_1440_500_crop":["https:\/\/parco-maremma.it\/wp-content\/uploads\/2021\/03\/RID_MARIA-TERZUOLI-mariatersa.terzuoli79@gmail.com_di-sole-e-dazzurro-copia.jpg",888,500,false]},"uagb_author_info":{"display_name":"Webmapp","author_link":"https:\/\/parco-maremma.it\/en\/author\/webmapp\/"},"uagb_comment_info":0,"uagb_excerpt":"Il litorale all\u2019interno del Parco Regionale della Maremma si estende per circa 25 km da Principina a Mare sino a Talamone.Vediamo insieme nel dettaglio, quali sono le principali spiagge accessibili...","_links":{"self":[{"href":"https:\/\/parco-maremma.it\/en\/wp-json\/wp\/v2\/pages\/7828","targetHints":{"allow":["GET"]}}],"collection":[{"href":"https:\/\/parco-maremma.it\/en\/wp-json\/wp\/v2\/pages"}],"about":[{"href":"https:\/\/parco-maremma.it\/en\/wp-json\/wp\/v2\/types\/page"}],"author":[{"embeddable":true,"href":"https:\/\/parco-maremma.it\/en\/wp-json\/wp\/v2\/users\/12"}],"replies":[{"embeddable":true,"href":"https:\/\/parco-maremma.it\/en\/wp-json\/wp\/v2\/comments?post=7828"}],"version-history":[{"count":2,"href":"https:\/\/parco-maremma.it\/en\/wp-json\/wp\/v2\/pages\/7828\/revisions"}],"predecessor-version":[{"id":20079,"href":"https:\/\/parco-maremma.it\/en\/wp-json\/wp\/v2\/pages\/7828\/revisions\/20079"}],"up":[{"embeddable":true,"href":"https:\/\/parco-maremma.it\/en\/wp-json\/wp\/v2\/pages\/28"}],"wp:featuredmedia":[{"embeddable":true,"href":"https:\/\/parco-maremma.it\/en\/wp-json\/wp\/v2\/media\/13173"}],"wp:attachment":[{"href":"https:\/\/parco-maremma.it\/en\/wp-json\/wp\/v2\/media?parent=7828"}],"curies":[{"name":"wp","href":"https:\/\/api.w.org\/{rel}","templated":true}]}}