{"id":7801,"date":"2021-06-28T11:25:12","date_gmt":"2021-06-28T11:25:12","guid":{"rendered":"http:\/\/parco-maremma.it\/?page_id=7801"},"modified":"2021-06-28T14:33:33","modified_gmt":"2021-06-28T14:33:33","slug":"sistema-di-gestione-ambientale-uni-eni-iso-14001","status":"publish","type":"page","link":"https:\/\/parco-maremma.it\/en\/ente\/certificazioni\/sistema-di-gestione-ambientale-uni-eni-iso-14001\/","title":{"rendered":"Sistema di Gestione Ambientale Uni Eni ISO 14001"},"content":{"rendered":"\n<h3 class=\"wp-block-heading\">La sigla&nbsp;<strong>ISO 14001<\/strong>&nbsp;identifica una&nbsp;norma tecnica&nbsp;dell&#8217;Organizzazione internazionale per la normazione&nbsp;(ISO) sui&nbsp;sistemi di gestione ambientale&nbsp;(SGA) che fissa i requisiti di un sistema di gestione ambientale di una qualsiasi&nbsp;organizzazione. Fa parte della serie di norme&nbsp;ISO 14000&nbsp;sviluppate dal comitato tecnico (TC, dall&#8217;inglese&nbsp;<em>Technical Commettee<\/em>) ISO\/TC 207.<br><br><\/h3>\n\n\n\n<div class=\"wp-block-media-text alignwide is-stacked-on-mobile\" style=\"grid-template-columns:26% auto\"><figure class=\"wp-block-media-text__media\"><img loading=\"lazy\" decoding=\"async\" width=\"1650\" height=\"1566\" src=\"http:\/\/parco-maremma.it\/wp-content\/uploads\/2019\/12\/dnv-gl-logo-trasp.png\" alt=\"\" class=\"wp-image-3613 size-full\" srcset=\"https:\/\/parco-maremma.it\/wp-content\/uploads\/2019\/12\/dnv-gl-logo-trasp.png 1650w, https:\/\/parco-maremma.it\/wp-content\/uploads\/2019\/12\/dnv-gl-logo-trasp-300x285.png 300w\" sizes=\"auto, (max-width: 1650px) 100vw, 1650px\" \/><\/figure><div class=\"wp-block-media-text__content\">\n<p>La norma ISO 14001, giunta alla sua terza edizione del 2015, si ispira esplicitamente al&nbsp;modello PDCA&nbsp;(<em>Plan-Do-Check-Act<\/em>, detto anche&nbsp;<a href=\"https:\/\/it.wikipedia.org\/wiki\/Ciclo_di_Deming\">ciclo di Deming<\/a>&nbsp;dal nome del suo ideatore&nbsp;William Edwards Deming).<\/p>\n<\/div><\/div>\n\n\n\n<p><br>La norma ISO 14001 (tradotta in italiano nella UNI EN ISO 14001) \u00e8 uno standard certificabile, ovvero \u00e8 possibile ottenere, da un&nbsp;organismo di certificazione&nbsp;accreditato che operi entro determinate regole, attestazioni di conformit\u00e0 ai requisiti in essa contenuti. Certificarsi secondo la ISO 14001 non \u00e8 obbligatorio, ma \u00e8 frutto della scelta volontaria dell&#8217;azienda\/organizzazione che decide di stabilire\/attuare\/mantenere attivo\/migliorare un proprio sistema di gestione ambientale.<\/p>\n\n\n\n<p>Essa sta a dimostrare che l&#8217;organizzazione certificata ha un sistema di gestione adeguato a tenere sotto controllo gli impatti ambientali delle proprie attivit\u00e0, e ne ricerca sistematicamente il miglioramento in modo coerente, efficace e soprattutto sostenibile. La ISO 14001 non \u00e8 quindi una certificazione di prodotto (come invece i&nbsp;marchi ecologici), bens\u00ec una<em>&nbsp;certificazione di processo<\/em>.<\/p>\n\n\n\n<h2 class=\"wp-block-heading\">Il Sistema di Gestione Ambientale del Parco<\/h2>\n\n\n\n<p><br>il <strong>Parco \u00e8 certificato UNI EN ISO 14001:2015<\/strong>. Lo<strong> scopo del Sistema di Gestione Ambientale del Parco<\/strong>, oltre a specificare i requisiti di un sistema in grado di contribuire allo sviluppo sostenibile, \u00e8 quello del raggiungimento degli obiettivi istituzionali, che si sostanziano nella <strong>tutela e conservazione delle peculiarit\u00e0 naturali, ambientali e storiche della Maremma<\/strong>, dell\u2019incremento dello sviluppo dell\u2019economia e del benessere della comunit\u00e0 locale e dell\u2019utenza in generale, la promozione della ricerca scientifica e dell\u2019educazione ambientale, attraverso:<\/p>\n\n\n\n<ul class=\"wp-block-list\"><li>Il miglioramento delle prestazioni ambientali e della performance;<\/li><li>La conformit\u00e0 agli obblighi di legge e a quelli assunti come tali;<\/li><li>Il raggiungimento degli obiettivi ambientali.<\/li><\/ul>\n\n\n\n<p>Il campo di applicazione della politica ambientale dell\u2019Ente Parco e dei relativi strumenti di attuazione, \u00e8 definito dalla competenza territoriale, dai settori di intervento istituzionalmente definiti e da tutto il resto di attivit\u00e0 necessarie al corretto svolgimento dell\u2019attivit\u00e0 amministrativa secondo i principi costituzionali di correttezza ed imparzialit\u00e0, in relazione alla realizzazione degli stessi nell\u2019ottica della massima sostenibilit\u00e0 ambientale, in conformit\u00e0 con la legislazione vigente.<\/p>\n\n\n\n<p>La norma internazionale aiuta un&#8217;organizzazione a raggiungere&nbsp;<strong>gli esiti attesi&nbsp;<\/strong>del proprio sistema di gestione ambientale, che forniscano valore per l&#8217;ambiente, per l\u2019organizzazione stessa e per le parti interessate.<\/p>\n\n\n\n<p>L&#8217;Organismo di Certificazione del Parco \u00e8 la societ\u00e0<a href=\"https:\/\/www.dnvgl.it\/assurance\/index.html\" target=\"_blank\" rel=\"noreferrer noopener\">&nbsp;DNV-GL Business Assurance Italia<\/a>.<\/p>\n","protected":false},"excerpt":{"rendered":"<p>La sigla&nbsp;ISO 14001&nbsp;identifica una&nbsp;norma tecnica&nbsp;dell&#8217;Organizzazione internazionale per la normazione&nbsp;(ISO) sui&nbsp;sistemi di gestione ambientale&nbsp;(SGA) che fissa i requisiti di un sistema di gestione ambientale di una qualsiasi&nbsp;organizzazione. Fa parte della serie&#8230;<\/p>\n","protected":false},"author":12,"featured_media":7476,"parent":51,"menu_order":0,"comment_status":"closed","ping_status":"closed","template":"","meta":{"_uag_custom_page_level_css":"","footnotes":""},"class_list":["post-7801","page","type-page","status-publish","has-post-thumbnail","hentry"],"acf":[],"yoast_head":"<!-- This site is optimized with the Yoast SEO plugin v25.5 - https:\/\/yoast.com\/wordpress\/plugins\/seo\/ -->\n<title>Sistema di Gestione Ambientale ISO 14001 | Parco Regionale Maremma<\/title>\n<meta name=\"description\" content=\"Lo scopo del Sistema di Gestione Ambientale del Parco, oltre a specificare i requisiti di un sistema in grado di contribuire allo sviluppo sostenibile, \u00e8 quello della tutela e conservazione delle peculiarit\u00e0 naturali, ambientali e storiche della Maremma\" \/>\n<meta name=\"robots\" content=\"index, follow, max-snippet:-1, max-image-preview:large, max-video-preview:-1\" \/>\n<link rel=\"canonical\" href=\"https:\/\/parco-maremma.it\/ente\/certificazioni\/sistema-di-gestione-ambientale-uni-eni-iso-14001\/\" \/>\n<meta property=\"og:locale\" content=\"en_US\" \/>\n<meta property=\"og:type\" content=\"article\" \/>\n<meta property=\"og:title\" content=\"Sistema di Gestione Ambientale ISO 14001 | Parco Regionale Maremma\" \/>\n<meta property=\"og:description\" content=\"Lo scopo del Sistema di Gestione Ambientale del Parco, oltre a specificare i requisiti di un sistema in grado di contribuire allo sviluppo sostenibile, \u00e8 quello della tutela e conservazione delle peculiarit\u00e0 naturali, ambientali e storiche della Maremma\" \/>\n<meta property=\"og:url\" content=\"https:\/\/parco-maremma.it\/ente\/certificazioni\/sistema-di-gestione-ambientale-uni-eni-iso-14001\/\" \/>\n<meta property=\"og:site_name\" content=\"Parco Maremma\" \/>\n<meta property=\"article:publisher\" content=\"https:\/\/www.facebook.com\/parcodellamaremma\" \/>\n<meta property=\"article:modified_time\" content=\"2021-06-28T14:33:33+00:00\" \/>\n<meta property=\"og:image\" content=\"https:\/\/parco-maremma.it\/wp-content\/uploads\/2021\/06\/di-notte-nel-cuore-del-parco.png\" \/>\n\t<meta property=\"og:image:width\" content=\"1240\" \/>\n\t<meta property=\"og:image:height\" content=\"450\" \/>\n\t<meta property=\"og:image:type\" content=\"image\/png\" \/>\n<meta name=\"twitter:card\" content=\"summary_large_image\" \/>\n<meta name=\"twitter:label1\" content=\"Est. reading time\" \/>\n\t<meta name=\"twitter:data1\" content=\"2 minutes\" \/>\n<script type=\"application\/ld+json\" class=\"yoast-schema-graph\">{\"@context\":\"https:\/\/schema.org\",\"@graph\":[{\"@type\":\"WebPage\",\"@id\":\"https:\/\/parco-maremma.it\/ente\/certificazioni\/sistema-di-gestione-ambientale-uni-eni-iso-14001\/\",\"url\":\"https:\/\/parco-maremma.it\/ente\/certificazioni\/sistema-di-gestione-ambientale-uni-eni-iso-14001\/\",\"name\":\"Sistema di Gestione Ambientale ISO 14001 | Parco Regionale Maremma\",\"isPartOf\":{\"@id\":\"https:\/\/parco-maremma.it\/#website\"},\"primaryImageOfPage\":{\"@id\":\"https:\/\/parco-maremma.it\/ente\/certificazioni\/sistema-di-gestione-ambientale-uni-eni-iso-14001\/#primaryimage\"},\"image\":{\"@id\":\"https:\/\/parco-maremma.it\/ente\/certificazioni\/sistema-di-gestione-ambientale-uni-eni-iso-14001\/#primaryimage\"},\"thumbnailUrl\":\"https:\/\/parco-maremma.it\/wp-content\/uploads\/2021\/06\/di-notte-nel-cuore-del-parco.png\",\"datePublished\":\"2021-06-28T11:25:12+00:00\",\"dateModified\":\"2021-06-28T14:33:33+00:00\",\"description\":\"Lo scopo del Sistema di Gestione Ambientale del Parco, oltre a specificare i requisiti di un sistema in grado di contribuire allo sviluppo sostenibile, \u00e8 quello della tutela e conservazione delle peculiarit\u00e0 naturali, ambientali e storiche della Maremma\",\"breadcrumb\":{\"@id\":\"https:\/\/parco-maremma.it\/ente\/certificazioni\/sistema-di-gestione-ambientale-uni-eni-iso-14001\/#breadcrumb\"},\"inLanguage\":\"en-US\",\"potentialAction\":[{\"@type\":\"ReadAction\",\"target\":[\"https:\/\/parco-maremma.it\/ente\/certificazioni\/sistema-di-gestione-ambientale-uni-eni-iso-14001\/\"]}]},{\"@type\":\"ImageObject\",\"inLanguage\":\"en-US\",\"@id\":\"https:\/\/parco-maremma.it\/ente\/certificazioni\/sistema-di-gestione-ambientale-uni-eni-iso-14001\/#primaryimage\",\"url\":\"https:\/\/parco-maremma.it\/wp-content\/uploads\/2021\/06\/di-notte-nel-cuore-del-parco.png\",\"contentUrl\":\"https:\/\/parco-maremma.it\/wp-content\/uploads\/2021\/06\/di-notte-nel-cuore-del-parco.png\",\"width\":1240,\"height\":450,\"caption\":\"di notte nel cuore del parco\"},{\"@type\":\"BreadcrumbList\",\"@id\":\"https:\/\/parco-maremma.it\/ente\/certificazioni\/sistema-di-gestione-ambientale-uni-eni-iso-14001\/#breadcrumb\",\"itemListElement\":[{\"@type\":\"ListItem\",\"position\":1,\"name\":\"Home\",\"item\":\"https:\/\/parco-maremma.it\/\"},{\"@type\":\"ListItem\",\"position\":2,\"name\":\"Ente\",\"item\":\"https:\/\/parco-maremma.it\/ente\/\"},{\"@type\":\"ListItem\",\"position\":3,\"name\":\"Certificazioni\",\"item\":\"https:\/\/parco-maremma.it\/ente\/certificazioni\/\"},{\"@type\":\"ListItem\",\"position\":4,\"name\":\"Sistema di Gestione Ambientale Uni Eni ISO 14001\"}]},{\"@type\":\"WebSite\",\"@id\":\"https:\/\/parco-maremma.it\/#website\",\"url\":\"https:\/\/parco-maremma.it\/\",\"name\":\"Parco Maremma\",\"description\":\"Sito ufficiale del Parco Regionale della Maremma\",\"publisher\":{\"@id\":\"https:\/\/parco-maremma.it\/#organization\"},\"potentialAction\":[{\"@type\":\"SearchAction\",\"target\":{\"@type\":\"EntryPoint\",\"urlTemplate\":\"https:\/\/parco-maremma.it\/?s={search_term_string}\"},\"query-input\":{\"@type\":\"PropertyValueSpecification\",\"valueRequired\":true,\"valueName\":\"search_term_string\"}}],\"inLanguage\":\"en-US\"},{\"@type\":\"Organization\",\"@id\":\"https:\/\/parco-maremma.it\/#organization\",\"name\":\"Parco Maremma\",\"url\":\"https:\/\/parco-maremma.it\/\",\"logo\":{\"@type\":\"ImageObject\",\"inLanguage\":\"en-US\",\"@id\":\"https:\/\/parco-maremma.it\/#\/schema\/logo\/image\/\",\"url\":\"https:\/\/parco-maremma.it\/wp-content\/uploads\/2023\/12\/Logo-sito.png\",\"contentUrl\":\"https:\/\/parco-maremma.it\/wp-content\/uploads\/2023\/12\/Logo-sito.png\",\"width\":1000,\"height\":1000,\"caption\":\"Parco Maremma\"},\"image\":{\"@id\":\"https:\/\/parco-maremma.it\/#\/schema\/logo\/image\/\"},\"sameAs\":[\"https:\/\/www.facebook.com\/parcodellamaremma\",\"https:\/\/www.instagram.com\/parcomaremma\"]}]}<\/script>\n<!-- \/ Yoast SEO plugin. -->","yoast_head_json":{"title":"Sistema di Gestione Ambientale ISO 14001 | Parco Regionale Maremma","description":"Lo scopo del Sistema di Gestione Ambientale del Parco, oltre a specificare i requisiti di un sistema in grado di contribuire allo sviluppo sostenibile, \u00e8 quello della tutela e conservazione delle peculiarit\u00e0 naturali, ambientali e storiche della Maremma","robots":{"index":"index","follow":"follow","max-snippet":"max-snippet:-1","max-image-preview":"max-image-preview:large","max-video-preview":"max-video-preview:-1"},"canonical":"https:\/\/parco-maremma.it\/ente\/certificazioni\/sistema-di-gestione-ambientale-uni-eni-iso-14001\/","og_locale":"en_US","og_type":"article","og_title":"Sistema di Gestione Ambientale ISO 14001 | Parco Regionale Maremma","og_description":"Lo scopo del Sistema di Gestione Ambientale del Parco, oltre a specificare i requisiti di un sistema in grado di contribuire allo sviluppo sostenibile, \u00e8 quello della tutela e conservazione delle peculiarit\u00e0 naturali, ambientali e storiche della Maremma","og_url":"https:\/\/parco-maremma.it\/ente\/certificazioni\/sistema-di-gestione-ambientale-uni-eni-iso-14001\/","og_site_name":"Parco Maremma","article_publisher":"https:\/\/www.facebook.com\/parcodellamaremma","article_modified_time":"2021-06-28T14:33:33+00:00","og_image":[{"width":1240,"height":450,"url":"https:\/\/parco-maremma.it\/wp-content\/uploads\/2021\/06\/di-notte-nel-cuore-del-parco.png","type":"image\/png"}],"twitter_card":"summary_large_image","twitter_misc":{"Est. reading time":"2 minutes"},"schema":{"@context":"https:\/\/schema.org","@graph":[{"@type":"WebPage","@id":"https:\/\/parco-maremma.it\/ente\/certificazioni\/sistema-di-gestione-ambientale-uni-eni-iso-14001\/","url":"https:\/\/parco-maremma.it\/ente\/certificazioni\/sistema-di-gestione-ambientale-uni-eni-iso-14001\/","name":"Sistema di Gestione Ambientale ISO 14001 | Parco Regionale Maremma","isPartOf":{"@id":"https:\/\/parco-maremma.it\/#website"},"primaryImageOfPage":{"@id":"https:\/\/parco-maremma.it\/ente\/certificazioni\/sistema-di-gestione-ambientale-uni-eni-iso-14001\/#primaryimage"},"image":{"@id":"https:\/\/parco-maremma.it\/ente\/certificazioni\/sistema-di-gestione-ambientale-uni-eni-iso-14001\/#primaryimage"},"thumbnailUrl":"https:\/\/parco-maremma.it\/wp-content\/uploads\/2021\/06\/di-notte-nel-cuore-del-parco.png","datePublished":"2021-06-28T11:25:12+00:00","dateModified":"2021-06-28T14:33:33+00:00","description":"Lo scopo del Sistema di Gestione Ambientale del Parco, oltre a specificare i requisiti di un sistema in grado di contribuire allo sviluppo sostenibile, \u00e8 quello della tutela e conservazione delle peculiarit\u00e0 naturali, ambientali e storiche della Maremma","breadcrumb":{"@id":"https:\/\/parco-maremma.it\/ente\/certificazioni\/sistema-di-gestione-ambientale-uni-eni-iso-14001\/#breadcrumb"},"inLanguage":"en-US","potentialAction":[{"@type":"ReadAction","target":["https:\/\/parco-maremma.it\/ente\/certificazioni\/sistema-di-gestione-ambientale-uni-eni-iso-14001\/"]}]},{"@type":"ImageObject","inLanguage":"en-US","@id":"https:\/\/parco-maremma.it\/ente\/certificazioni\/sistema-di-gestione-ambientale-uni-eni-iso-14001\/#primaryimage","url":"https:\/\/parco-maremma.it\/wp-content\/uploads\/2021\/06\/di-notte-nel-cuore-del-parco.png","contentUrl":"https:\/\/parco-maremma.it\/wp-content\/uploads\/2021\/06\/di-notte-nel-cuore-del-parco.png","width":1240,"height":450,"caption":"di notte nel cuore del parco"},{"@type":"BreadcrumbList","@id":"https:\/\/parco-maremma.it\/ente\/certificazioni\/sistema-di-gestione-ambientale-uni-eni-iso-14001\/#breadcrumb","itemListElement":[{"@type":"ListItem","position":1,"name":"Home","item":"https:\/\/parco-maremma.it\/"},{"@type":"ListItem","position":2,"name":"Ente","item":"https:\/\/parco-maremma.it\/ente\/"},{"@type":"ListItem","position":3,"name":"Certificazioni","item":"https:\/\/parco-maremma.it\/ente\/certificazioni\/"},{"@type":"ListItem","position":4,"name":"Sistema di Gestione Ambientale Uni Eni ISO 14001"}]},{"@type":"WebSite","@id":"https:\/\/parco-maremma.it\/#website","url":"https:\/\/parco-maremma.it\/","name":"Parco Maremma","description":"Sito ufficiale del Parco Regionale della Maremma","publisher":{"@id":"https:\/\/parco-maremma.it\/#organization"},"potentialAction":[{"@type":"SearchAction","target":{"@type":"EntryPoint","urlTemplate":"https:\/\/parco-maremma.it\/?s={search_term_string}"},"query-input":{"@type":"PropertyValueSpecification","valueRequired":true,"valueName":"search_term_string"}}],"inLanguage":"en-US"},{"@type":"Organization","@id":"https:\/\/parco-maremma.it\/#organization","name":"Parco Maremma","url":"https:\/\/parco-maremma.it\/","logo":{"@type":"ImageObject","inLanguage":"en-US","@id":"https:\/\/parco-maremma.it\/#\/schema\/logo\/image\/","url":"https:\/\/parco-maremma.it\/wp-content\/uploads\/2023\/12\/Logo-sito.png","contentUrl":"https:\/\/parco-maremma.it\/wp-content\/uploads\/2023\/12\/Logo-sito.png","width":1000,"height":1000,"caption":"Parco Maremma"},"image":{"@id":"https:\/\/parco-maremma.it\/#\/schema\/logo\/image\/"},"sameAs":["https:\/\/www.facebook.com\/parcodellamaremma","https:\/\/www.instagram.com\/parcomaremma"]}]}},"uagb_featured_image_src":{"full":["https:\/\/parco-maremma.it\/wp-content\/uploads\/2021\/06\/di-notte-nel-cuore-del-parco.png",1240,450,false],"thumbnail":["https:\/\/parco-maremma.it\/wp-content\/uploads\/2021\/06\/di-notte-nel-cuore-del-parco-150x150.png",150,150,true],"medium":["https:\/\/parco-maremma.it\/wp-content\/uploads\/2021\/06\/di-notte-nel-cuore-del-parco-300x109.png",300,109,true],"large":["https:\/\/parco-maremma.it\/wp-content\/uploads\/2021\/06\/di-notte-nel-cuore-del-parco-1024x372.png",1024,372,true],"us_400_200_crop":["https:\/\/parco-maremma.it\/wp-content\/uploads\/2021\/06\/di-notte-nel-cuore-del-parco-400x200.png",400,200,true],"us_600_400_crop":["https:\/\/parco-maremma.it\/wp-content\/uploads\/2021\/06\/di-notte-nel-cuore-del-parco-600x400.png",600,400,true],"us_1440_500_crop":["https:\/\/parco-maremma.it\/wp-content\/uploads\/2021\/06\/di-notte-nel-cuore-del-parco.png",1240,450,false]},"uagb_author_info":{"display_name":"Webmapp","author_link":"https:\/\/parco-maremma.it\/en\/author\/webmapp\/"},"uagb_comment_info":0,"uagb_excerpt":"La sigla&nbsp;ISO 14001&nbsp;identifica una&nbsp;norma tecnica&nbsp;dell&#8217;Organizzazione internazionale per la normazione&nbsp;(ISO) sui&nbsp;sistemi di gestione ambientale&nbsp;(SGA) che fissa i requisiti di un sistema di gestione ambientale di una qualsiasi&nbsp;organizzazione. Fa parte della serie...","_links":{"self":[{"href":"https:\/\/parco-maremma.it\/en\/wp-json\/wp\/v2\/pages\/7801","targetHints":{"allow":["GET"]}}],"collection":[{"href":"https:\/\/parco-maremma.it\/en\/wp-json\/wp\/v2\/pages"}],"about":[{"href":"https:\/\/parco-maremma.it\/en\/wp-json\/wp\/v2\/types\/page"}],"author":[{"embeddable":true,"href":"https:\/\/parco-maremma.it\/en\/wp-json\/wp\/v2\/users\/12"}],"replies":[{"embeddable":true,"href":"https:\/\/parco-maremma.it\/en\/wp-json\/wp\/v2\/comments?post=7801"}],"version-history":[{"count":7,"href":"https:\/\/parco-maremma.it\/en\/wp-json\/wp\/v2\/pages\/7801\/revisions"}],"predecessor-version":[{"id":7809,"href":"https:\/\/parco-maremma.it\/en\/wp-json\/wp\/v2\/pages\/7801\/revisions\/7809"}],"up":[{"embeddable":true,"href":"https:\/\/parco-maremma.it\/en\/wp-json\/wp\/v2\/pages\/51"}],"wp:featuredmedia":[{"embeddable":true,"href":"https:\/\/parco-maremma.it\/en\/wp-json\/wp\/v2\/media\/7476"}],"wp:attachment":[{"href":"https:\/\/parco-maremma.it\/en\/wp-json\/wp\/v2\/media?parent=7801"}],"curies":[{"name":"wp","href":"https:\/\/api.w.org\/{rel}","templated":true}]}}