{"id":6648,"date":"2020-02-11T10:27:01","date_gmt":"2020-02-11T10:27:01","guid":{"rendered":"http:\/\/parco-maremma.it\/amministrazione-trasparente-pianificazione-e-governo-del-territorio-piano-integrato-riferimenti-normativi-piano-integrato\/"},"modified":"2021-07-07T13:01:03","modified_gmt":"2021-07-07T13:01:03","slug":"riferimenti-normativi-piano-integrato","status":"publish","type":"page","link":"https:\/\/parco-maremma.it\/en\/ente\/piano-integrato\/riferimenti-normativi-piano-integrato\/","title":{"rendered":"Riferimenti normativi Piano Integrato"},"content":{"rendered":"<ul>\n<li><i>Legge Regionale 05\/06\/1975 n\u00b065: istituzione del <\/i><b><i>Parco naturale della Maremma<\/i><\/b><\/li>\n<li><b><i>L.<\/i><\/b><b>R.T. 16 MARZO 1994 N\u00b024: ISTITUZIONE DEGLI ENTI PARCO PER LA GESTIONE DEI PARCHI REGIONALI DELLA MAREMMA E DI MIGLIARINO, SAN ROSSORE, MASSACIUCCOLI:\u00a0\u00a0\u00a0\u00a0\u00a0\u00a0\u00a0\u00a0\u00a0\u00a0\u00a0\u00a0\u00a0\u00a0\u00a0\u00a0\u00a0\u00a0\u00a0\u00a0\u00a0\u00a0\u00a0\u00a0\u00a0\u00a0\u00a0\u00a0\u00a0\u00a0\u00a0\u00a0\u00a0\u00a0\u00a0\u00a0\u00a0\u00a0\u00a0\u00a0\u00a0\u00a0\u00a0\u00a0\u00a0\u00a0\u00a0\u00a0\u00a0\u00a0\u00a0\u00a0\u00a0\u00a0\u00a0\u00a0\u00a0\u00a0\u00a0\u00a0\u00a0\u00a0\u00a0\u00a0\u00a0\u00a0\u00a0\u00a0\u00a0\u00a0\u00a0\u00a0\u00a0\u00a0\u00a0\u00a0\u00a0\u00a0\u00a0\u00a0\u00a0\u00a0\u00a0\u00a0\u00a0\u00a0\u00a0\u00a0\u00a0\u00a0\u00a0\u00a0\u00a0\u00a0\u00a0\u00a0\u00a0\u00a0\u00a0\u00a0\u00a0\u00a0\u00a0\u00a0\u00a0\u00a0\u00a0\u00a0\u00a0\u00a0\u00a0\u00a0\u00a0\u00a0\u00a0\u00a0\u00a0\u00a0\u00a0\u00a0\u00a0\u00a0\u00a0\u00a0\u00a0\u00a0\u00a0\u00a0\u00a0\u00a0\u00a0\u00a0\u00a0\u00a0\u00a0\u00a0\u00a0\u00a0\u00a0\u00a0\u00a0\u00a0\u00a0\u00a0\u00a0\u00a0\u00a0\u00a0\u00a0\u00a0\u00a0\u00a0\u00a0\u00a0\u00a0\u00a0\u00a0\u00a0\u00a0\u00a0\u00a0\u00a0\u00a0\u00a0\u00a0\u00a0\u00a0\u00a0\u00a0\u00a0\u00a0\u00a0\u00a0\u00a0\u00a0\u00a0\u00a0\u00a0\u00a0\u00a0\u00a0\u00a0\u00a0\u00a0\u00a0\u00a0\u00a0\u00a0\u00a0\u00a0\u00a0\u00a0\u00a0\u00a0\u00a0\u00a0\u00a0\u00a0\u00a0\u00a0\u00a0\u00a0\u00a0\u00a0 <\/b><b><i>articolo 13:\u00a0 <\/i><\/b><b><i>Piano per il parco<\/i><\/b><i>\u2026 hanno valore di <\/i><b><i>piano paesistico e di piano urbanistico<\/i><\/b><i> e sostituiscono <\/i><b><i>i <\/i><\/b><i>piani paesistici, territoriali e urbanistici di qualsiasi livello ed hanno efficacia di dichiarazione di pubblico generale interesse, di urgenza e di indifferibilit\u00e0 per gli interventi in esso previsti &#8230;<\/i><b><i>articolo<\/i><\/b><b> 17<\/b><b><i>: \u00a0 <\/i><\/b><b><i>Piano pluriennale economico-sociale<\/i><\/b><b><i>\u2026 <\/i><\/b><i>\u00a0l\u2019ente promuove iniziative, coordinate con quelle della Regione e degli enti locali interessati, <\/i><b><i>atte a favorire lo sviluppo economico, sociale e culturale della collettivit\u00e0 residente all\u2019interno del parco e nei territori adiacenti<\/i><\/b><i>. \u2026\u00a0 Per i fini di cui al precedente comma <\/i><b><i>l\u2019ente adotta un piano pluriennale economico e sociale per la promozione delle attivit\u00e0 compatibili<\/i><\/b><i> \u2026<\/i><\/li>\n<li><b><a href=\"http:\/\/raccoltanormativa.consiglio.regione.toscana.it\/articolo?urndoc=urn:nir:regione.toscana:legge:2015-03-19;30\" target=\"_blank\" rel=\"noopener noreferrer\">L.R.T. 19 MARZO 2015 N\u00b030<\/a>: NORME PER LA CONSERVAZIONE E LA VALORIZZAZIONE DEL PATRIMONIO NATURALISTICO-AMBIENTALE REGIONALE. MODIFICHE ALLA L.R. 24\/1994, ALLA L.R. 65\/1997, ALLA L.R. 24\/2000 ED ALLA L.R. 10\/2010.<\/b><b><i>articolo 27:\u00a0 <\/i><\/b><b><i>Piano integrato per il parco<\/i><\/b><i>Il <\/i><b><i>piano integrato per il parco<\/i><\/b><i> \u00e8 lo strumento di attuazione delle finalit\u00e0 del parco e comprende, in\u00a0 <\/i><b><i>due sezioni distinte<\/i><\/b><i>, <\/i><b><i>gli atti di pianificazione e di programmazione<\/i><\/b><i> previsti dall&#8217;articolo 25, commi 1, 2 e 3, della l. 394\/1991<\/i><i>I contenuti della sezione relativa alla pianificazione del piano integrato per il parco <\/i><b><i>sono quelli di cui all\u2019articolo 12, commi 1 e 2, della l. 394\/1991<\/i><\/b><i>. Detta sezione riporta la <\/i><b><i>disciplina statutaria<\/i><\/b><i> di cui <\/i><b><i>all\u2019articolo 6 della l.r. 65\/2014 <\/i><\/b><i>e contiene <\/i><b><i>altres\u00ec la disciplina<\/i><\/b><i> di cui all\u2019<\/i><b><i>articolo 95 della medesima legge<\/i><\/b><\/li>\n<li><b><i>LEGGE <\/i><\/b><b>6 DICEMBRE 1991 N\u00b0394: LEGGE QUADRO SULLE AREE PROTETTE<\/b><b><i>articolo<\/i><\/b> <b><i>12: Piano per il parco &#8211; suddivisione del territorio<\/i><\/b><i>\u2026 il piano suddivide il territorio in base al diverso grado di protezione, prevedendo:<\/i>\u00d8<b><i>riserve integrali<\/i><\/b> <i>nelle quali l\u2019ambiente \u00e8 conservato nella sua integrit\u00e0<\/i>\n<p>\u00d8<b><i>riserve generali orientate<\/i><\/b> <i>nelle quali \u00e8 vietato costruire nuove opere edilizie, ampliare le costruzioni esistenti, eseguire opere di trasformazione del territorio \u2026 <\/i><\/p>\n<p>\u00d8<b><i>aree di protezione<\/i><\/b> <i>nelle quali, in armonia con le finalit\u00e0 istitutive ed in armonia ai criteri generali fissati dall\u2019Ente parco, possono continuare, secondo gli usi tradizionali ovvero secondo metodi di agricoltura biologica, le attivit\u00e0 agro-silvo-pastorali nonch\u00e9 di pesca e raccolta di prodotti naturali, ed \u00e8 incoraggiata anche la produzione artigianale di qualit\u00e0<\/i><\/p>\n<p>\u00d8<b><i>aree di promozione economica e sociale<\/i><\/b> <i>facenti parte del medesimo ecosistema, pi\u00f9 estesamente modificate dai processi di antropizzazione, nelle quali sono consentite attivit\u00e0 compatibili con le finalit\u00e0 istitutive del parco e finalizzate al miglioramento della vita socio-culturale delle collettivit\u00e0 locali e al miglior godimento del parco da parte dei visitatori<\/i><\/li>\n<li>\n<h5 class=\"intestazione\"><a href=\"http:\/\/raccoltanormativa.consiglio.regione.toscana.it\/articolo?urndoc=urn:nir:regione.toscana:legge:2014-11-10;65\" target=\"_blank\" rel=\"noopener noreferrer\"><strong>Legge regionale 10 novembre 2014, n. 65 &#8211; Norme per il governo del territorio.<\/strong><\/a><\/h5>\n<\/li>\n<\/ul>\n","protected":false},"excerpt":{"rendered":"<p>Legge Regionale 05\/06\/1975 n\u00b065: istituzione del Parco naturale della Maremma L.R.T. 16 MARZO 1994 N\u00b024: ISTITUZIONE DEGLI ENTI PARCO PER LA GESTIONE DEI PARCHI REGIONALI DELLA MAREMMA E DI MIGLIARINO,&#8230;<\/p>\n","protected":false},"author":12,"featured_media":0,"parent":48,"menu_order":0,"comment_status":"open","ping_status":"closed","template":"","meta":{"_uag_custom_page_level_css":"","footnotes":""},"class_list":["post-6648","page","type-page","status-publish","hentry"],"acf":[],"yoast_head":"<!-- This site is optimized with the Yoast SEO plugin v25.5 - https:\/\/yoast.com\/wordpress\/plugins\/seo\/ -->\n<title>Riferimenti normativi Piano Integrato - Parco Maremma<\/title>\n<meta name=\"robots\" content=\"index, follow, max-snippet:-1, max-image-preview:large, max-video-preview:-1\" \/>\n<link rel=\"canonical\" href=\"https:\/\/parco-maremma.it\/ente\/piano-integrato\/riferimenti-normativi-piano-integrato\/\" \/>\n<meta property=\"og:locale\" content=\"en_US\" \/>\n<meta property=\"og:type\" content=\"article\" \/>\n<meta property=\"og:title\" content=\"Riferimenti normativi Piano Integrato - Parco Maremma\" \/>\n<meta property=\"og:description\" content=\"Legge Regionale 05\/06\/1975 n\u00b065: istituzione del Parco naturale della Maremma L.R.T. 16 MARZO 1994 N\u00b024: ISTITUZIONE DEGLI ENTI PARCO PER LA GESTIONE DEI PARCHI REGIONALI DELLA MAREMMA E DI MIGLIARINO,...\" \/>\n<meta property=\"og:url\" content=\"https:\/\/parco-maremma.it\/ente\/piano-integrato\/riferimenti-normativi-piano-integrato\/\" \/>\n<meta property=\"og:site_name\" content=\"Parco Maremma\" \/>\n<meta property=\"article:publisher\" content=\"https:\/\/www.facebook.com\/parcodellamaremma\" \/>\n<meta property=\"article:modified_time\" content=\"2021-07-07T13:01:03+00:00\" \/>\n<meta property=\"og:image\" content=\"https:\/\/parco-maremma.it\/wp-content\/uploads\/2023\/12\/Logo-sito.png\" \/>\n\t<meta property=\"og:image:width\" content=\"1000\" \/>\n\t<meta property=\"og:image:height\" content=\"1000\" \/>\n\t<meta property=\"og:image:type\" content=\"image\/png\" \/>\n<meta name=\"twitter:card\" content=\"summary_large_image\" \/>\n<meta name=\"twitter:label1\" content=\"Est. reading time\" \/>\n\t<meta name=\"twitter:data1\" content=\"2 minutes\" \/>\n<script type=\"application\/ld+json\" class=\"yoast-schema-graph\">{\"@context\":\"https:\/\/schema.org\",\"@graph\":[{\"@type\":\"WebPage\",\"@id\":\"https:\/\/parco-maremma.it\/ente\/piano-integrato\/riferimenti-normativi-piano-integrato\/\",\"url\":\"https:\/\/parco-maremma.it\/ente\/piano-integrato\/riferimenti-normativi-piano-integrato\/\",\"name\":\"Riferimenti normativi Piano Integrato - Parco Maremma\",\"isPartOf\":{\"@id\":\"https:\/\/parco-maremma.it\/#website\"},\"datePublished\":\"2020-02-11T10:27:01+00:00\",\"dateModified\":\"2021-07-07T13:01:03+00:00\",\"breadcrumb\":{\"@id\":\"https:\/\/parco-maremma.it\/ente\/piano-integrato\/riferimenti-normativi-piano-integrato\/#breadcrumb\"},\"inLanguage\":\"en-US\",\"potentialAction\":[{\"@type\":\"ReadAction\",\"target\":[\"https:\/\/parco-maremma.it\/ente\/piano-integrato\/riferimenti-normativi-piano-integrato\/\"]}]},{\"@type\":\"BreadcrumbList\",\"@id\":\"https:\/\/parco-maremma.it\/ente\/piano-integrato\/riferimenti-normativi-piano-integrato\/#breadcrumb\",\"itemListElement\":[{\"@type\":\"ListItem\",\"position\":1,\"name\":\"Home\",\"item\":\"https:\/\/parco-maremma.it\/en\/home\/\"},{\"@type\":\"ListItem\",\"position\":2,\"name\":\"Ente\",\"item\":\"https:\/\/parco-maremma.it\/ente\/\"},{\"@type\":\"ListItem\",\"position\":3,\"name\":\"Piano integrato\",\"item\":\"https:\/\/parco-maremma.it\/ente\/piano-integrato\/\"},{\"@type\":\"ListItem\",\"position\":4,\"name\":\"Riferimenti normativi Piano Integrato\"}]},{\"@type\":\"WebSite\",\"@id\":\"https:\/\/parco-maremma.it\/#website\",\"url\":\"https:\/\/parco-maremma.it\/\",\"name\":\"Parco Maremma\",\"description\":\"Sito ufficiale del Parco Regionale della Maremma\",\"publisher\":{\"@id\":\"https:\/\/parco-maremma.it\/#organization\"},\"potentialAction\":[{\"@type\":\"SearchAction\",\"target\":{\"@type\":\"EntryPoint\",\"urlTemplate\":\"https:\/\/parco-maremma.it\/?s={search_term_string}\"},\"query-input\":{\"@type\":\"PropertyValueSpecification\",\"valueRequired\":true,\"valueName\":\"search_term_string\"}}],\"inLanguage\":\"en-US\"},{\"@type\":\"Organization\",\"@id\":\"https:\/\/parco-maremma.it\/#organization\",\"name\":\"Parco Maremma\",\"url\":\"https:\/\/parco-maremma.it\/\",\"logo\":{\"@type\":\"ImageObject\",\"inLanguage\":\"en-US\",\"@id\":\"https:\/\/parco-maremma.it\/#\/schema\/logo\/image\/\",\"url\":\"https:\/\/parco-maremma.it\/wp-content\/uploads\/2023\/12\/Logo-sito.png\",\"contentUrl\":\"https:\/\/parco-maremma.it\/wp-content\/uploads\/2023\/12\/Logo-sito.png\",\"width\":1000,\"height\":1000,\"caption\":\"Parco Maremma\"},\"image\":{\"@id\":\"https:\/\/parco-maremma.it\/#\/schema\/logo\/image\/\"},\"sameAs\":[\"https:\/\/www.facebook.com\/parcodellamaremma\",\"https:\/\/www.instagram.com\/parcomaremma\"]}]}<\/script>\n<!-- \/ Yoast SEO plugin. -->","yoast_head_json":{"title":"Riferimenti normativi Piano Integrato - Parco Maremma","robots":{"index":"index","follow":"follow","max-snippet":"max-snippet:-1","max-image-preview":"max-image-preview:large","max-video-preview":"max-video-preview:-1"},"canonical":"https:\/\/parco-maremma.it\/ente\/piano-integrato\/riferimenti-normativi-piano-integrato\/","og_locale":"en_US","og_type":"article","og_title":"Riferimenti normativi Piano Integrato - Parco Maremma","og_description":"Legge Regionale 05\/06\/1975 n\u00b065: istituzione del Parco naturale della Maremma L.R.T. 16 MARZO 1994 N\u00b024: ISTITUZIONE DEGLI ENTI PARCO PER LA GESTIONE DEI PARCHI REGIONALI DELLA MAREMMA E DI MIGLIARINO,...","og_url":"https:\/\/parco-maremma.it\/ente\/piano-integrato\/riferimenti-normativi-piano-integrato\/","og_site_name":"Parco Maremma","article_publisher":"https:\/\/www.facebook.com\/parcodellamaremma","article_modified_time":"2021-07-07T13:01:03+00:00","og_image":[{"width":1000,"height":1000,"url":"https:\/\/parco-maremma.it\/wp-content\/uploads\/2023\/12\/Logo-sito.png","type":"image\/png"}],"twitter_card":"summary_large_image","twitter_misc":{"Est. reading time":"2 minutes"},"schema":{"@context":"https:\/\/schema.org","@graph":[{"@type":"WebPage","@id":"https:\/\/parco-maremma.it\/ente\/piano-integrato\/riferimenti-normativi-piano-integrato\/","url":"https:\/\/parco-maremma.it\/ente\/piano-integrato\/riferimenti-normativi-piano-integrato\/","name":"Riferimenti normativi Piano Integrato - Parco Maremma","isPartOf":{"@id":"https:\/\/parco-maremma.it\/#website"},"datePublished":"2020-02-11T10:27:01+00:00","dateModified":"2021-07-07T13:01:03+00:00","breadcrumb":{"@id":"https:\/\/parco-maremma.it\/ente\/piano-integrato\/riferimenti-normativi-piano-integrato\/#breadcrumb"},"inLanguage":"en-US","potentialAction":[{"@type":"ReadAction","target":["https:\/\/parco-maremma.it\/ente\/piano-integrato\/riferimenti-normativi-piano-integrato\/"]}]},{"@type":"BreadcrumbList","@id":"https:\/\/parco-maremma.it\/ente\/piano-integrato\/riferimenti-normativi-piano-integrato\/#breadcrumb","itemListElement":[{"@type":"ListItem","position":1,"name":"Home","item":"https:\/\/parco-maremma.it\/en\/home\/"},{"@type":"ListItem","position":2,"name":"Ente","item":"https:\/\/parco-maremma.it\/ente\/"},{"@type":"ListItem","position":3,"name":"Piano integrato","item":"https:\/\/parco-maremma.it\/ente\/piano-integrato\/"},{"@type":"ListItem","position":4,"name":"Riferimenti normativi Piano Integrato"}]},{"@type":"WebSite","@id":"https:\/\/parco-maremma.it\/#website","url":"https:\/\/parco-maremma.it\/","name":"Parco Maremma","description":"Sito ufficiale del Parco Regionale della Maremma","publisher":{"@id":"https:\/\/parco-maremma.it\/#organization"},"potentialAction":[{"@type":"SearchAction","target":{"@type":"EntryPoint","urlTemplate":"https:\/\/parco-maremma.it\/?s={search_term_string}"},"query-input":{"@type":"PropertyValueSpecification","valueRequired":true,"valueName":"search_term_string"}}],"inLanguage":"en-US"},{"@type":"Organization","@id":"https:\/\/parco-maremma.it\/#organization","name":"Parco Maremma","url":"https:\/\/parco-maremma.it\/","logo":{"@type":"ImageObject","inLanguage":"en-US","@id":"https:\/\/parco-maremma.it\/#\/schema\/logo\/image\/","url":"https:\/\/parco-maremma.it\/wp-content\/uploads\/2023\/12\/Logo-sito.png","contentUrl":"https:\/\/parco-maremma.it\/wp-content\/uploads\/2023\/12\/Logo-sito.png","width":1000,"height":1000,"caption":"Parco Maremma"},"image":{"@id":"https:\/\/parco-maremma.it\/#\/schema\/logo\/image\/"},"sameAs":["https:\/\/www.facebook.com\/parcodellamaremma","https:\/\/www.instagram.com\/parcomaremma"]}]}},"uagb_featured_image_src":{"full":false,"thumbnail":false,"medium":false,"large":false,"us_400_200_crop":false,"us_600_400_crop":false,"us_1440_500_crop":false},"uagb_author_info":{"display_name":"Webmapp","author_link":"https:\/\/parco-maremma.it\/en\/author\/webmapp\/"},"uagb_comment_info":0,"uagb_excerpt":"Legge Regionale 05\/06\/1975 n\u00b065: istituzione del Parco naturale della Maremma L.R.T. 16 MARZO 1994 N\u00b024: ISTITUZIONE DEGLI ENTI PARCO PER LA GESTIONE DEI PARCHI REGIONALI DELLA MAREMMA E DI MIGLIARINO,...","_links":{"self":[{"href":"https:\/\/parco-maremma.it\/en\/wp-json\/wp\/v2\/pages\/6648","targetHints":{"allow":["GET"]}}],"collection":[{"href":"https:\/\/parco-maremma.it\/en\/wp-json\/wp\/v2\/pages"}],"about":[{"href":"https:\/\/parco-maremma.it\/en\/wp-json\/wp\/v2\/types\/page"}],"author":[{"embeddable":true,"href":"https:\/\/parco-maremma.it\/en\/wp-json\/wp\/v2\/users\/12"}],"replies":[{"embeddable":true,"href":"https:\/\/parco-maremma.it\/en\/wp-json\/wp\/v2\/comments?post=6648"}],"version-history":[{"count":1,"href":"https:\/\/parco-maremma.it\/en\/wp-json\/wp\/v2\/pages\/6648\/revisions"}],"predecessor-version":[{"id":6817,"href":"https:\/\/parco-maremma.it\/en\/wp-json\/wp\/v2\/pages\/6648\/revisions\/6817"}],"up":[{"embeddable":true,"href":"https:\/\/parco-maremma.it\/en\/wp-json\/wp\/v2\/pages\/48"}],"wp:attachment":[{"href":"https:\/\/parco-maremma.it\/en\/wp-json\/wp\/v2\/media?parent=6648"}],"curies":[{"name":"wp","href":"https:\/\/api.w.org\/{rel}","templated":true}]}}