{"id":6634,"date":"2018-11-12T09:59:20","date_gmt":"2018-11-12T09:59:20","guid":{"rendered":"http:\/\/parco-maremma.it\/amministrazione-trasparente-altri-contenuti-dati-ulteriori-sistema-di-gestione-ambientale-iso-140012015\/"},"modified":"2023-12-19T14:23:49","modified_gmt":"2023-12-19T14:23:49","slug":"sistema-di-gestione-ambientale-iso-140012015","status":"publish","type":"page","link":"https:\/\/parco-maremma.it\/en\/ente\/certificazioni\/sistema-di-gestione-ambientale-iso-140012015\/","title":{"rendered":"Sistema di Gestione Ambientale ISO 14001:2015"},"content":{"rendered":"<section class=\"l-section wpb_row height_small\"><div class=\"l-section-h i-cf\"><div class=\"g-cols vc_row via_flex valign_top type_default stacking_default\"><div class=\"vc_col-sm-12 wpb_column vc_column_container\"><div class=\"vc_column-inner\"><div class=\"wpb_wrapper\"><div class=\"wpb_text_column\"><div class=\"wpb_wrapper\"><p>Lo <a href=\"https:\/\/www.iso.org\/iso-14001-environmental-management.html\" target=\"_blank\" rel=\"noopener\">standard ISO 14001<\/a> (tradotto in italiano nella UNI EN ISO 14001:2015) \u00e8 uno standard certificabile, ovvero \u00e8 possibile ottenere, da un <a title=\"Organismo di certificazione\" href=\"https:\/\/it.wikipedia.org\/wiki\/Organismo_di_certificazione\">organismo di certificazione<\/a> accreditato che operi entro determinate regole, attestazioni di conformit\u00e0 ai requisiti in essa contenuti. Certificarsi secondo la ISO 14001 non \u00e8 obbligatorio, ma \u00e8 frutto della scelta volontaria dell&#8217;azienda\/organizzazione che decide di stabilire\/attuare\/mantenere attivo\/migliorare un proprio sistema di gestione ambientale. \u00c8 inoltre importante notare come la certificazione ISO 14001 non attesti una particolare prestazione ambientale, n\u00e9 tanto meno dimostri un particolarmente basso impatto, ma piuttosto stia a dimostrare che l&#8217;organizzazione certificata ha un sistema di gestione adeguato a tenere sotto controllo gli impatti ambientali delle proprie attivit\u00e0, e ne ricerchi sistematicamente il miglioramento in modo coerente, efficace e soprattutto sostenibile. Utile sottolineare ancora che la ISO 14001 non \u00e8 una certificazione di prodotto.<\/p>\n<p style=\"text-align: left;\">La norma ISO 14001, giunta alla sua terza edizione nel 2015, si ispira esplicitamente al modello <a href=\"https:\/\/it.wikipedia.org\/wiki\/Ciclo_di_Deming\" target=\"_blank\" rel=\"noopener\">PDCA (Plan-Do-Check-Act)<\/a> in italiano &#8220;Pianificare &#8211; Fare &#8211; Verificare &#8211; Agire&#8221;) \u00e8 un metodo di <a title=\"Gestione\" href=\"https:\/\/it.wikipedia.org\/wiki\/Gestione\">gestione<\/a> <a title=\"Iterazione\" href=\"https:\/\/it.wikipedia.org\/wiki\/Iterazione\">iterativo<\/a> in quattro fasi utilizzato per il controllo e il <a class=\"mw-redirect\" title=\"Miglioramento continuo\" href=\"https:\/\/it.wikipedia.org\/wiki\/Miglioramento_continuo\">miglioramento continuo<\/a> dei processi e dei <a title=\"Prodotto (project management)\" href=\"https:\/\/it.wikipedia.org\/wiki\/Prodotto_(project_management)\">prodotti<\/a>, detto anche Ciclo di Deming.<\/p>\n<p>I requisiti previsti nella norma sono del tutto generali, applicabili a qualsiasi tipo di organizzazione e schematizzabili secondo il modello del miglioramento continuo definito dal Ciclo di Deming.<\/p>\n<\/div><\/div><\/div><\/div><\/div><\/div><\/div><\/section><section class=\"l-section wpb_row height_small\"><div class=\"l-section-h i-cf\"><div class=\"g-cols vc_row via_flex valign_top type_default stacking_default\"><div class=\"vc_col-sm-12 wpb_column vc_column_container\"><div class=\"vc_column-inner\"><div class=\"wpb_wrapper\"><div class=\"w-btn-wrapper align_center\"><a class=\"w-btn us-btn-style_1\" target=\"_blank\" rel=\"nofollow\" href=\"https:\/\/parco-maremma.it\/wp-content\/uploads\/2021\/12\/SGA-2021_compressed.pdf\"><span class=\"w-btn-label\">Documento S.G.A. del Parco 2021<\/span><\/a><\/div><\/div><\/div><\/div><\/div><\/div><\/section><section class=\"l-section wpb_row height_small\"><div class=\"l-section-h i-cf\"><div class=\"g-cols vc_row via_flex valign_top type_default stacking_default\"><div class=\"vc_col-sm-12 wpb_column vc_column_container\"><div class=\"vc_column-inner\"><div class=\"wpb_wrapper\"><div class=\"wpb_text_column\"><div class=\"wpb_wrapper\"><h5 style=\"text-align: center;\"><span id=\"Definizione_di_una_politica_ambientale\" class=\"mw-headline\">Definizione di una politica ambientale<\/span><\/h5>\n<p>\u00c8 la definizione del quadro di riferimento sul quale impostare le attivit\u00e0 e definire gli obiettivi ambientali. In altre parole \u00e8 la definizione della <i>mission<\/i> aziendale nei confronti dell&#8217;ambiente e costituisce l&#8217;impegno formale che l&#8217;alta direzione dell&#8217;organizzazione assume nei confronti del miglioramento continuo, adeguatezza e diffusione del sistema di gestione ambientale.<\/p>\n<\/div><\/div><\/div><\/div><\/div><\/div><\/div><\/section><section class=\"l-section wpb_row height_small\"><div class=\"l-section-h i-cf\"><div class=\"g-cols vc_row via_flex valign_top type_default stacking_default\"><div class=\"vc_col-sm-12 wpb_column vc_column_container\"><div class=\"vc_column-inner\"><div class=\"wpb_wrapper\"><div class=\"w-btn-wrapper align_center\"><a class=\"w-btn us-btn-style_1\" target=\"_blank\" rel=\"nofollow\" href=\"https:\/\/parco-maremma.it\/amministrazione-trasparente\/politica-ambientale\/\"><span class=\"w-btn-label\">Politica Ambientale dell&#8217;Ente Parco<\/span><\/a><\/div><\/div><\/div><\/div><\/div><\/div><\/section>\n","protected":false},"excerpt":{"rendered":"Lo standard ISO 14001 (tradotto in italiano nella UNI EN ISO 14001:2015) \u00e8 uno standard certificabile, ovvero \u00e8 possibile ottenere, da un organismo di certificazione accreditato che operi entro determinate...","protected":false},"author":12,"featured_media":0,"parent":51,"menu_order":0,"comment_status":"open","ping_status":"closed","template":"","meta":{"_uag_custom_page_level_css":"","footnotes":""},"class_list":["post-6634","page","type-page","status-publish","hentry"],"acf":[],"yoast_head":"<!-- This site is optimized with the Yoast SEO plugin v25.5 - https:\/\/yoast.com\/wordpress\/plugins\/seo\/ -->\n<title>Sistema di Gestione Ambientale ISO 14001:2015 - Parco Maremma<\/title>\n<meta name=\"robots\" content=\"index, follow, max-snippet:-1, max-image-preview:large, max-video-preview:-1\" \/>\n<link rel=\"canonical\" href=\"https:\/\/parco-maremma.it\/ente\/certificazioni\/sistema-di-gestione-ambientale-iso-140012015\/\" \/>\n<meta property=\"og:locale\" content=\"en_US\" \/>\n<meta property=\"og:type\" content=\"article\" \/>\n<meta property=\"og:title\" content=\"Sistema di Gestione Ambientale ISO 14001:2015 - Parco Maremma\" \/>\n<meta property=\"og:url\" content=\"https:\/\/parco-maremma.it\/ente\/certificazioni\/sistema-di-gestione-ambientale-iso-140012015\/\" \/>\n<meta property=\"og:site_name\" content=\"Parco Maremma\" \/>\n<meta property=\"article:publisher\" content=\"https:\/\/www.facebook.com\/parcodellamaremma\" \/>\n<meta property=\"article:modified_time\" content=\"2023-12-19T14:23:49+00:00\" \/>\n<meta property=\"og:image\" content=\"https:\/\/parco-maremma.it\/wp-content\/uploads\/2023\/12\/Logo-sito.png\" \/>\n\t<meta property=\"og:image:width\" content=\"1000\" \/>\n\t<meta property=\"og:image:height\" content=\"1000\" \/>\n\t<meta property=\"og:image:type\" content=\"image\/png\" \/>\n<meta name=\"twitter:card\" content=\"summary_large_image\" \/>\n<meta name=\"twitter:label1\" content=\"Est. reading time\" \/>\n\t<meta name=\"twitter:data1\" content=\"2 minutes\" \/>\n<script type=\"application\/ld+json\" class=\"yoast-schema-graph\">{\"@context\":\"https:\/\/schema.org\",\"@graph\":[{\"@type\":\"WebPage\",\"@id\":\"https:\/\/parco-maremma.it\/ente\/certificazioni\/sistema-di-gestione-ambientale-iso-140012015\/\",\"url\":\"https:\/\/parco-maremma.it\/ente\/certificazioni\/sistema-di-gestione-ambientale-iso-140012015\/\",\"name\":\"Sistema di Gestione Ambientale ISO 14001:2015 - Parco Maremma\",\"isPartOf\":{\"@id\":\"https:\/\/parco-maremma.it\/#website\"},\"datePublished\":\"2018-11-12T09:59:20+00:00\",\"dateModified\":\"2023-12-19T14:23:49+00:00\",\"breadcrumb\":{\"@id\":\"https:\/\/parco-maremma.it\/ente\/certificazioni\/sistema-di-gestione-ambientale-iso-140012015\/#breadcrumb\"},\"inLanguage\":\"en-US\",\"potentialAction\":[{\"@type\":\"ReadAction\",\"target\":[\"https:\/\/parco-maremma.it\/ente\/certificazioni\/sistema-di-gestione-ambientale-iso-140012015\/\"]}]},{\"@type\":\"BreadcrumbList\",\"@id\":\"https:\/\/parco-maremma.it\/ente\/certificazioni\/sistema-di-gestione-ambientale-iso-140012015\/#breadcrumb\",\"itemListElement\":[{\"@type\":\"ListItem\",\"position\":1,\"name\":\"Home\",\"item\":\"https:\/\/parco-maremma.it\/en\/home\/\"},{\"@type\":\"ListItem\",\"position\":2,\"name\":\"Ente\",\"item\":\"https:\/\/parco-maremma.it\/ente\/\"},{\"@type\":\"ListItem\",\"position\":3,\"name\":\"Certificazioni\",\"item\":\"https:\/\/parco-maremma.it\/ente\/certificazioni\/\"},{\"@type\":\"ListItem\",\"position\":4,\"name\":\"Sistema di Gestione Ambientale ISO 14001:2015\"}]},{\"@type\":\"WebSite\",\"@id\":\"https:\/\/parco-maremma.it\/#website\",\"url\":\"https:\/\/parco-maremma.it\/\",\"name\":\"Parco Maremma\",\"description\":\"Sito ufficiale del Parco Regionale della Maremma\",\"publisher\":{\"@id\":\"https:\/\/parco-maremma.it\/#organization\"},\"potentialAction\":[{\"@type\":\"SearchAction\",\"target\":{\"@type\":\"EntryPoint\",\"urlTemplate\":\"https:\/\/parco-maremma.it\/?s={search_term_string}\"},\"query-input\":{\"@type\":\"PropertyValueSpecification\",\"valueRequired\":true,\"valueName\":\"search_term_string\"}}],\"inLanguage\":\"en-US\"},{\"@type\":\"Organization\",\"@id\":\"https:\/\/parco-maremma.it\/#organization\",\"name\":\"Parco Maremma\",\"url\":\"https:\/\/parco-maremma.it\/\",\"logo\":{\"@type\":\"ImageObject\",\"inLanguage\":\"en-US\",\"@id\":\"https:\/\/parco-maremma.it\/#\/schema\/logo\/image\/\",\"url\":\"https:\/\/parco-maremma.it\/wp-content\/uploads\/2023\/12\/Logo-sito.png\",\"contentUrl\":\"https:\/\/parco-maremma.it\/wp-content\/uploads\/2023\/12\/Logo-sito.png\",\"width\":1000,\"height\":1000,\"caption\":\"Parco Maremma\"},\"image\":{\"@id\":\"https:\/\/parco-maremma.it\/#\/schema\/logo\/image\/\"},\"sameAs\":[\"https:\/\/www.facebook.com\/parcodellamaremma\",\"https:\/\/www.instagram.com\/parcomaremma\"]}]}<\/script>\n<!-- \/ Yoast SEO plugin. -->","yoast_head_json":{"title":"Sistema di Gestione Ambientale ISO 14001:2015 - Parco Maremma","robots":{"index":"index","follow":"follow","max-snippet":"max-snippet:-1","max-image-preview":"max-image-preview:large","max-video-preview":"max-video-preview:-1"},"canonical":"https:\/\/parco-maremma.it\/ente\/certificazioni\/sistema-di-gestione-ambientale-iso-140012015\/","og_locale":"en_US","og_type":"article","og_title":"Sistema di Gestione Ambientale ISO 14001:2015 - Parco Maremma","og_url":"https:\/\/parco-maremma.it\/ente\/certificazioni\/sistema-di-gestione-ambientale-iso-140012015\/","og_site_name":"Parco Maremma","article_publisher":"https:\/\/www.facebook.com\/parcodellamaremma","article_modified_time":"2023-12-19T14:23:49+00:00","og_image":[{"width":1000,"height":1000,"url":"https:\/\/parco-maremma.it\/wp-content\/uploads\/2023\/12\/Logo-sito.png","type":"image\/png"}],"twitter_card":"summary_large_image","twitter_misc":{"Est. reading time":"2 minutes"},"schema":{"@context":"https:\/\/schema.org","@graph":[{"@type":"WebPage","@id":"https:\/\/parco-maremma.it\/ente\/certificazioni\/sistema-di-gestione-ambientale-iso-140012015\/","url":"https:\/\/parco-maremma.it\/ente\/certificazioni\/sistema-di-gestione-ambientale-iso-140012015\/","name":"Sistema di Gestione Ambientale ISO 14001:2015 - Parco Maremma","isPartOf":{"@id":"https:\/\/parco-maremma.it\/#website"},"datePublished":"2018-11-12T09:59:20+00:00","dateModified":"2023-12-19T14:23:49+00:00","breadcrumb":{"@id":"https:\/\/parco-maremma.it\/ente\/certificazioni\/sistema-di-gestione-ambientale-iso-140012015\/#breadcrumb"},"inLanguage":"en-US","potentialAction":[{"@type":"ReadAction","target":["https:\/\/parco-maremma.it\/ente\/certificazioni\/sistema-di-gestione-ambientale-iso-140012015\/"]}]},{"@type":"BreadcrumbList","@id":"https:\/\/parco-maremma.it\/ente\/certificazioni\/sistema-di-gestione-ambientale-iso-140012015\/#breadcrumb","itemListElement":[{"@type":"ListItem","position":1,"name":"Home","item":"https:\/\/parco-maremma.it\/en\/home\/"},{"@type":"ListItem","position":2,"name":"Ente","item":"https:\/\/parco-maremma.it\/ente\/"},{"@type":"ListItem","position":3,"name":"Certificazioni","item":"https:\/\/parco-maremma.it\/ente\/certificazioni\/"},{"@type":"ListItem","position":4,"name":"Sistema di Gestione Ambientale ISO 14001:2015"}]},{"@type":"WebSite","@id":"https:\/\/parco-maremma.it\/#website","url":"https:\/\/parco-maremma.it\/","name":"Parco Maremma","description":"Sito ufficiale del Parco Regionale della Maremma","publisher":{"@id":"https:\/\/parco-maremma.it\/#organization"},"potentialAction":[{"@type":"SearchAction","target":{"@type":"EntryPoint","urlTemplate":"https:\/\/parco-maremma.it\/?s={search_term_string}"},"query-input":{"@type":"PropertyValueSpecification","valueRequired":true,"valueName":"search_term_string"}}],"inLanguage":"en-US"},{"@type":"Organization","@id":"https:\/\/parco-maremma.it\/#organization","name":"Parco Maremma","url":"https:\/\/parco-maremma.it\/","logo":{"@type":"ImageObject","inLanguage":"en-US","@id":"https:\/\/parco-maremma.it\/#\/schema\/logo\/image\/","url":"https:\/\/parco-maremma.it\/wp-content\/uploads\/2023\/12\/Logo-sito.png","contentUrl":"https:\/\/parco-maremma.it\/wp-content\/uploads\/2023\/12\/Logo-sito.png","width":1000,"height":1000,"caption":"Parco Maremma"},"image":{"@id":"https:\/\/parco-maremma.it\/#\/schema\/logo\/image\/"},"sameAs":["https:\/\/www.facebook.com\/parcodellamaremma","https:\/\/www.instagram.com\/parcomaremma"]}]}},"uagb_featured_image_src":{"full":false,"thumbnail":false,"medium":false,"large":false,"us_400_200_crop":false,"us_600_400_crop":false,"us_1440_500_crop":false},"uagb_author_info":{"display_name":"Webmapp","author_link":"https:\/\/parco-maremma.it\/en\/author\/webmapp\/"},"uagb_comment_info":0,"uagb_excerpt":null,"_links":{"self":[{"href":"https:\/\/parco-maremma.it\/en\/wp-json\/wp\/v2\/pages\/6634","targetHints":{"allow":["GET"]}}],"collection":[{"href":"https:\/\/parco-maremma.it\/en\/wp-json\/wp\/v2\/pages"}],"about":[{"href":"https:\/\/parco-maremma.it\/en\/wp-json\/wp\/v2\/types\/page"}],"author":[{"embeddable":true,"href":"https:\/\/parco-maremma.it\/en\/wp-json\/wp\/v2\/users\/12"}],"replies":[{"embeddable":true,"href":"https:\/\/parco-maremma.it\/en\/wp-json\/wp\/v2\/comments?post=6634"}],"version-history":[{"count":3,"href":"https:\/\/parco-maremma.it\/en\/wp-json\/wp\/v2\/pages\/6634\/revisions"}],"predecessor-version":[{"id":16071,"href":"https:\/\/parco-maremma.it\/en\/wp-json\/wp\/v2\/pages\/6634\/revisions\/16071"}],"up":[{"embeddable":true,"href":"https:\/\/parco-maremma.it\/en\/wp-json\/wp\/v2\/pages\/51"}],"wp:attachment":[{"href":"https:\/\/parco-maremma.it\/en\/wp-json\/wp\/v2\/media?parent=6634"}],"curies":[{"name":"wp","href":"https:\/\/api.w.org\/{rel}","templated":true}]}}