{"id":6631,"date":"2018-03-27T10:58:50","date_gmt":"2018-03-27T10:58:50","guid":{"rendered":"http:\/\/parco-maremma.it\/amministrazione-trasparente-bandi-di-gara-e-contratti-atti-delle-amministrazioni-aggiudicatrici-e-degli-enti-aggiudicatori-distintamente-per-ogni-procedura-esiti-di-gara-2018\/"},"modified":"2023-07-06T06:47:54","modified_gmt":"2023-07-06T06:47:54","slug":"esiti-di-gara-2018","status":"publish","type":"page","link":"https:\/\/parco-maremma.it\/en\/esiti-di-gara-2018\/","title":{"rendered":"Esiti di gara 2018"},"content":{"rendered":"<ul>\n<li><a href=\"http:\/\/parco-maremma.it\/wp-content\/uploads\/2018\/03\/Esito-GUIDE-2018.pdf\" target=\"_blank\" rel=\"noopener\">Servizio di guida ambientale e di supporto nella gestione del front office nel Parco della Maremma<\/a><\/li>\n<li><a href=\"http:\/\/parco-maremma.it\/wp-content\/uploads\/2018\/06\/Esito-Gara-PickUp.pdf\" target=\"_blank\" rel=\"noopener\">Servizio di noleggio a lungo termine n. 2 autoveicoli per il servizio di Polizia Locale<\/a><\/li>\n<li><a href=\"http:\/\/parco-maremma.it\/wp-content\/uploads\/2018\/07\/Esito-EXELENTIA-S.r.l..pdf\" target=\"_blank\" rel=\"noopener\">Servizio di noleggio senza conducente di n\u00b0 01 veicolo elettrico 4&#215;4<\/a><\/li>\n<li><a href=\"http:\/\/parco-maremma.it\/wp-content\/uploads\/2018\/07\/Esito-1-stralcio-lavori.pdf\" target=\"_blank\" rel=\"noopener\">Primo stralcio dei lavori di un tratto della ciclovia tirrenica del progetto Intense di collegamento dal ponte sul fiume Ombrone alla frazione di Alberese<\/a><\/li>\n<li><a href=\"http:\/\/parco-maremma.it\/wp-content\/uploads\/2018\/08\/Esito-lavori-accessibilit\u00e0.pdf\" target=\"_blank\" rel=\"noopener\">Lavori per miglioramento della fruibilit\u00e0 e accessibilit\u00e0 del Parco in localit\u00e0 Marina di Alberese<\/a><\/li>\n<li><a href=\"http:\/\/parco-maremma.it\/wp-content\/uploads\/2018\/12\/det-249-5dic-2018-tesoreria.pdf\" target=\"_blank\" rel=\"noopener\">Servizio di Tesoreria e Cassa 2019\/2023<\/a><\/li>\n<\/ul>\n<p>&nbsp;<\/p>\n<p>&nbsp;<\/p>\n<p>&nbsp;<\/p>\n","protected":false},"excerpt":{"rendered":"<p>Servizio di guida ambientale e di supporto nella gestione del front office nel Parco della Maremma Servizio di noleggio a lungo termine n. 2 autoveicoli per il servizio di Polizia&#8230;<\/p>\n","protected":false},"author":12,"featured_media":0,"parent":0,"menu_order":0,"comment_status":"open","ping_status":"closed","template":"","meta":{"_uag_custom_page_level_css":"","footnotes":""},"class_list":["post-6631","page","type-page","status-publish","hentry"],"acf":[],"yoast_head":"<!-- This site is optimized with the Yoast SEO plugin v25.5 - https:\/\/yoast.com\/wordpress\/plugins\/seo\/ -->\n<title>Esiti di gara 2018 - Parco Maremma<\/title>\n<meta name=\"robots\" content=\"index, follow, max-snippet:-1, max-image-preview:large, max-video-preview:-1\" \/>\n<link rel=\"canonical\" href=\"https:\/\/parco-maremma.it\/esiti-di-gara-2018\/\" \/>\n<meta property=\"og:locale\" content=\"en_US\" \/>\n<meta property=\"og:type\" content=\"article\" \/>\n<meta property=\"og:title\" content=\"Esiti di gara 2018 - Parco Maremma\" \/>\n<meta property=\"og:description\" content=\"Servizio di guida ambientale e di supporto nella gestione del front office nel Parco della Maremma Servizio di noleggio a lungo termine n. 2 autoveicoli per il servizio di Polizia...\" \/>\n<meta property=\"og:url\" content=\"https:\/\/parco-maremma.it\/esiti-di-gara-2018\/\" \/>\n<meta property=\"og:site_name\" content=\"Parco Maremma\" \/>\n<meta property=\"article:publisher\" content=\"https:\/\/www.facebook.com\/parcodellamaremma\" \/>\n<meta property=\"article:modified_time\" content=\"2023-07-06T06:47:54+00:00\" \/>\n<meta property=\"og:image\" content=\"https:\/\/parco-maremma.it\/wp-content\/uploads\/2023\/12\/Logo-sito.png\" \/>\n\t<meta property=\"og:image:width\" content=\"1000\" \/>\n\t<meta property=\"og:image:height\" content=\"1000\" \/>\n\t<meta property=\"og:image:type\" content=\"image\/png\" \/>\n<meta name=\"twitter:card\" content=\"summary_large_image\" \/>\n<meta name=\"twitter:label1\" content=\"Est. reading time\" \/>\n\t<meta name=\"twitter:data1\" content=\"1 minute\" \/>\n<script type=\"application\/ld+json\" class=\"yoast-schema-graph\">{\"@context\":\"https:\/\/schema.org\",\"@graph\":[{\"@type\":\"WebPage\",\"@id\":\"https:\/\/parco-maremma.it\/esiti-di-gara-2018\/\",\"url\":\"https:\/\/parco-maremma.it\/esiti-di-gara-2018\/\",\"name\":\"Esiti di gara 2018 - Parco Maremma\",\"isPartOf\":{\"@id\":\"https:\/\/parco-maremma.it\/#website\"},\"datePublished\":\"2018-03-27T10:58:50+00:00\",\"dateModified\":\"2023-07-06T06:47:54+00:00\",\"breadcrumb\":{\"@id\":\"https:\/\/parco-maremma.it\/esiti-di-gara-2018\/#breadcrumb\"},\"inLanguage\":\"en-US\",\"potentialAction\":[{\"@type\":\"ReadAction\",\"target\":[\"https:\/\/parco-maremma.it\/esiti-di-gara-2018\/\"]}]},{\"@type\":\"BreadcrumbList\",\"@id\":\"https:\/\/parco-maremma.it\/esiti-di-gara-2018\/#breadcrumb\",\"itemListElement\":[{\"@type\":\"ListItem\",\"position\":1,\"name\":\"Home\",\"item\":\"https:\/\/parco-maremma.it\/en\/home\/\"},{\"@type\":\"ListItem\",\"position\":2,\"name\":\"Esiti di gara 2018\"}]},{\"@type\":\"WebSite\",\"@id\":\"https:\/\/parco-maremma.it\/#website\",\"url\":\"https:\/\/parco-maremma.it\/\",\"name\":\"Parco Maremma\",\"description\":\"Sito ufficiale del Parco Regionale della Maremma\",\"publisher\":{\"@id\":\"https:\/\/parco-maremma.it\/#organization\"},\"potentialAction\":[{\"@type\":\"SearchAction\",\"target\":{\"@type\":\"EntryPoint\",\"urlTemplate\":\"https:\/\/parco-maremma.it\/?s={search_term_string}\"},\"query-input\":{\"@type\":\"PropertyValueSpecification\",\"valueRequired\":true,\"valueName\":\"search_term_string\"}}],\"inLanguage\":\"en-US\"},{\"@type\":\"Organization\",\"@id\":\"https:\/\/parco-maremma.it\/#organization\",\"name\":\"Parco Maremma\",\"url\":\"https:\/\/parco-maremma.it\/\",\"logo\":{\"@type\":\"ImageObject\",\"inLanguage\":\"en-US\",\"@id\":\"https:\/\/parco-maremma.it\/#\/schema\/logo\/image\/\",\"url\":\"https:\/\/parco-maremma.it\/wp-content\/uploads\/2023\/12\/Logo-sito.png\",\"contentUrl\":\"https:\/\/parco-maremma.it\/wp-content\/uploads\/2023\/12\/Logo-sito.png\",\"width\":1000,\"height\":1000,\"caption\":\"Parco Maremma\"},\"image\":{\"@id\":\"https:\/\/parco-maremma.it\/#\/schema\/logo\/image\/\"},\"sameAs\":[\"https:\/\/www.facebook.com\/parcodellamaremma\",\"https:\/\/www.instagram.com\/parcomaremma\"]}]}<\/script>\n<!-- \/ Yoast SEO plugin. -->","yoast_head_json":{"title":"Esiti di gara 2018 - Parco Maremma","robots":{"index":"index","follow":"follow","max-snippet":"max-snippet:-1","max-image-preview":"max-image-preview:large","max-video-preview":"max-video-preview:-1"},"canonical":"https:\/\/parco-maremma.it\/esiti-di-gara-2018\/","og_locale":"en_US","og_type":"article","og_title":"Esiti di gara 2018 - Parco Maremma","og_description":"Servizio di guida ambientale e di supporto nella gestione del front office nel Parco della Maremma Servizio di noleggio a lungo termine n. 2 autoveicoli per il servizio di Polizia...","og_url":"https:\/\/parco-maremma.it\/esiti-di-gara-2018\/","og_site_name":"Parco Maremma","article_publisher":"https:\/\/www.facebook.com\/parcodellamaremma","article_modified_time":"2023-07-06T06:47:54+00:00","og_image":[{"width":1000,"height":1000,"url":"https:\/\/parco-maremma.it\/wp-content\/uploads\/2023\/12\/Logo-sito.png","type":"image\/png"}],"twitter_card":"summary_large_image","twitter_misc":{"Est. reading time":"1 minute"},"schema":{"@context":"https:\/\/schema.org","@graph":[{"@type":"WebPage","@id":"https:\/\/parco-maremma.it\/esiti-di-gara-2018\/","url":"https:\/\/parco-maremma.it\/esiti-di-gara-2018\/","name":"Esiti di gara 2018 - Parco Maremma","isPartOf":{"@id":"https:\/\/parco-maremma.it\/#website"},"datePublished":"2018-03-27T10:58:50+00:00","dateModified":"2023-07-06T06:47:54+00:00","breadcrumb":{"@id":"https:\/\/parco-maremma.it\/esiti-di-gara-2018\/#breadcrumb"},"inLanguage":"en-US","potentialAction":[{"@type":"ReadAction","target":["https:\/\/parco-maremma.it\/esiti-di-gara-2018\/"]}]},{"@type":"BreadcrumbList","@id":"https:\/\/parco-maremma.it\/esiti-di-gara-2018\/#breadcrumb","itemListElement":[{"@type":"ListItem","position":1,"name":"Home","item":"https:\/\/parco-maremma.it\/en\/home\/"},{"@type":"ListItem","position":2,"name":"Esiti di gara 2018"}]},{"@type":"WebSite","@id":"https:\/\/parco-maremma.it\/#website","url":"https:\/\/parco-maremma.it\/","name":"Parco Maremma","description":"Sito ufficiale del Parco Regionale della Maremma","publisher":{"@id":"https:\/\/parco-maremma.it\/#organization"},"potentialAction":[{"@type":"SearchAction","target":{"@type":"EntryPoint","urlTemplate":"https:\/\/parco-maremma.it\/?s={search_term_string}"},"query-input":{"@type":"PropertyValueSpecification","valueRequired":true,"valueName":"search_term_string"}}],"inLanguage":"en-US"},{"@type":"Organization","@id":"https:\/\/parco-maremma.it\/#organization","name":"Parco Maremma","url":"https:\/\/parco-maremma.it\/","logo":{"@type":"ImageObject","inLanguage":"en-US","@id":"https:\/\/parco-maremma.it\/#\/schema\/logo\/image\/","url":"https:\/\/parco-maremma.it\/wp-content\/uploads\/2023\/12\/Logo-sito.png","contentUrl":"https:\/\/parco-maremma.it\/wp-content\/uploads\/2023\/12\/Logo-sito.png","width":1000,"height":1000,"caption":"Parco Maremma"},"image":{"@id":"https:\/\/parco-maremma.it\/#\/schema\/logo\/image\/"},"sameAs":["https:\/\/www.facebook.com\/parcodellamaremma","https:\/\/www.instagram.com\/parcomaremma"]}]}},"uagb_featured_image_src":{"full":false,"thumbnail":false,"medium":false,"large":false,"us_400_200_crop":false,"us_600_400_crop":false,"us_1440_500_crop":false},"uagb_author_info":{"display_name":"Webmapp","author_link":"https:\/\/parco-maremma.it\/en\/author\/webmapp\/"},"uagb_comment_info":0,"uagb_excerpt":"Servizio di guida ambientale e di supporto nella gestione del front office nel Parco della Maremma Servizio di noleggio a lungo termine n. 2 autoveicoli per il servizio di Polizia...","_links":{"self":[{"href":"https:\/\/parco-maremma.it\/en\/wp-json\/wp\/v2\/pages\/6631","targetHints":{"allow":["GET"]}}],"collection":[{"href":"https:\/\/parco-maremma.it\/en\/wp-json\/wp\/v2\/pages"}],"about":[{"href":"https:\/\/parco-maremma.it\/en\/wp-json\/wp\/v2\/types\/page"}],"author":[{"embeddable":true,"href":"https:\/\/parco-maremma.it\/en\/wp-json\/wp\/v2\/users\/12"}],"replies":[{"embeddable":true,"href":"https:\/\/parco-maremma.it\/en\/wp-json\/wp\/v2\/comments?post=6631"}],"version-history":[{"count":1,"href":"https:\/\/parco-maremma.it\/en\/wp-json\/wp\/v2\/pages\/6631\/revisions"}],"predecessor-version":[{"id":6800,"href":"https:\/\/parco-maremma.it\/en\/wp-json\/wp\/v2\/pages\/6631\/revisions\/6800"}],"wp:attachment":[{"href":"https:\/\/parco-maremma.it\/en\/wp-json\/wp\/v2\/media?parent=6631"}],"curies":[{"name":"wp","href":"https:\/\/api.w.org\/{rel}","templated":true}]}}