{"id":6630,"date":"2018-03-13T08:23:22","date_gmt":"2018-03-13T08:23:22","guid":{"rendered":"http:\/\/parco-maremma.it\/amministrazione-trasparente-bandi-di-gara-e-contratti-patto-di-integrita\/"},"modified":"2022-08-18T08:30:33","modified_gmt":"2022-08-18T08:30:33","slug":"patto-di-integrita","status":"publish","type":"page","link":"https:\/\/parco-maremma.it\/en\/amministrazione-trasparente\/bandi-di-gara-e-contratti-2\/patto-di-integrita\/","title":{"rendered":"Patto di Integrit\u00e0"},"content":{"rendered":"<div class=\"c1\" style=\"text-align: center;\">In ottemperanza a quanto disposto dall&#8217;<a href=\"http:\/\/www.normattiva.it\/uri-res\/N2Ls?urn:nir:stato:legge:2012-11-06;190!vig=\" target=\"_blank\" rel=\"noopener\"><abbr title=\"Articolo\">art. 1<\/abbr>, comma 17 della legge 6 novembre 2012, n. 190<\/a> &#8220;Disposizioni per la prevenzione e la repressione della corruzione e dell&#8217;illegalit\u00e0 nella Pubblica Amministrazione&#8221; e della <a href=\"https:\/\/www.anticorruzione.it\/portal\/public\/classic\/AttivitaAutorita\/AttiDellAutorita\/_Atto?ca=6550\" target=\"_blank\" rel=\"noopener\">delibera ANAC&nbsp; n. 831\/2016<\/a> (Piano Nazionale Anticorruzione), \u00e8 stato predisposto il testo del Patto di Integrit\u00e0, valido per tutte le procedure di affidamento sopra e sotto soglia.<\/div>\n<div class=\"c1\" style=\"text-align: center;\">Il Patto di Integrit\u00e0 dovr\u00e0 essere inserito, pertanto, a cura di ciascuna delle strutture che svolgono attivit\u00e0 contrattuale, nella documentazione di ogni relativa procedura per essere poi obbligatoriamente prodotto da ciascun partecipante debitamente sottoscritto per accettazione.<\/div>\n<div class=\"c1\" style=\"text-align: center;\">Il documento elaborato contiene una serie di obblighi che rafforzano comportamenti gi\u00e0 doverosi sia per l&#8217;Amministrazione che per gli operatori economici, per i quali ultimi l&#8217;accettazione del Patto costituisce presupposto necessario e condizionante alla partecipazione alle singole procedure di affidamento dei contratti pubblici.<\/div>\n<div>&nbsp;<\/div>\n<ul>\n<li><a href=\"http:\/\/parco-maremma.it\/wp-content\/uploads\/2018\/03\/Delibera-approvazione-schema-Patto-Integrita\u0300.pdf\" target=\"_blank\" rel=\"noopener\">Deliberazione del Consiglio Direttivo n. 12 del 5 marzo 2018<\/a> di approvazione dello schema del Patto di Intergrit\u00e0 dell&#8217;Ente Parco<\/li>\n<li><a href=\"http:\/\/parco-maremma.it\/wp-content\/uploads\/2018\/03\/Schema-Patto-Integrita\u0300.pdf\" target=\"_blank\" rel=\"noopener\">Schema del Patto di Integrit\u00e0<\/a> approvato, da allegare alle singole procedure contrattuali<\/li>\n<\/ul>\n\n\n<p><\/p>\n","protected":false},"excerpt":{"rendered":"<p>In ottemperanza a quanto disposto dall&#8217;art. 1, comma 17 della legge 6 novembre 2012, n. 190 &#8220;Disposizioni per la prevenzione e la repressione della corruzione e dell&#8217;illegalit\u00e0 nella Pubblica Amministrazione&#8221;&#8230;<\/p>\n","protected":false},"author":12,"featured_media":0,"parent":6664,"menu_order":0,"comment_status":"open","ping_status":"closed","template":"","meta":{"_uag_custom_page_level_css":"","footnotes":""},"class_list":["post-6630","page","type-page","status-publish","hentry"],"acf":[],"yoast_head":"<!-- This site is optimized with the Yoast SEO plugin v25.5 - https:\/\/yoast.com\/wordpress\/plugins\/seo\/ -->\n<title>Patto di Integrit\u00e0 - Parco Maremma<\/title>\n<meta name=\"robots\" content=\"index, follow, max-snippet:-1, max-image-preview:large, max-video-preview:-1\" \/>\n<link rel=\"canonical\" href=\"https:\/\/parco-maremma.it\/amministrazione-trasparente\/bandi-di-gara-e-contratti-2\/patto-di-integrita\/\" \/>\n<meta property=\"og:locale\" content=\"en_US\" \/>\n<meta property=\"og:type\" content=\"article\" \/>\n<meta property=\"og:title\" content=\"Patto di Integrit\u00e0 - Parco Maremma\" \/>\n<meta property=\"og:description\" content=\"In ottemperanza a quanto disposto dall&#8217;art. 1, comma 17 della legge 6 novembre 2012, n. 190 &#8220;Disposizioni per la prevenzione e la repressione della corruzione e dell&#8217;illegalit\u00e0 nella Pubblica Amministrazione&#8221;...\" \/>\n<meta property=\"og:url\" content=\"https:\/\/parco-maremma.it\/amministrazione-trasparente\/bandi-di-gara-e-contratti-2\/patto-di-integrita\/\" \/>\n<meta property=\"og:site_name\" content=\"Parco Maremma\" \/>\n<meta property=\"article:publisher\" content=\"https:\/\/www.facebook.com\/parcodellamaremma\" \/>\n<meta property=\"article:modified_time\" content=\"2022-08-18T08:30:33+00:00\" \/>\n<meta property=\"og:image\" content=\"https:\/\/parco-maremma.it\/wp-content\/uploads\/2023\/12\/Logo-sito.png\" \/>\n\t<meta property=\"og:image:width\" content=\"1000\" \/>\n\t<meta property=\"og:image:height\" content=\"1000\" \/>\n\t<meta property=\"og:image:type\" content=\"image\/png\" \/>\n<meta name=\"twitter:card\" content=\"summary_large_image\" \/>\n<meta name=\"twitter:label1\" content=\"Est. reading time\" \/>\n\t<meta name=\"twitter:data1\" content=\"1 minute\" \/>\n<script type=\"application\/ld+json\" class=\"yoast-schema-graph\">{\"@context\":\"https:\/\/schema.org\",\"@graph\":[{\"@type\":\"WebPage\",\"@id\":\"https:\/\/parco-maremma.it\/amministrazione-trasparente\/bandi-di-gara-e-contratti-2\/patto-di-integrita\/\",\"url\":\"https:\/\/parco-maremma.it\/amministrazione-trasparente\/bandi-di-gara-e-contratti-2\/patto-di-integrita\/\",\"name\":\"Patto di Integrit\u00e0 - Parco Maremma\",\"isPartOf\":{\"@id\":\"https:\/\/parco-maremma.it\/#website\"},\"datePublished\":\"2018-03-13T08:23:22+00:00\",\"dateModified\":\"2022-08-18T08:30:33+00:00\",\"breadcrumb\":{\"@id\":\"https:\/\/parco-maremma.it\/amministrazione-trasparente\/bandi-di-gara-e-contratti-2\/patto-di-integrita\/#breadcrumb\"},\"inLanguage\":\"en-US\",\"potentialAction\":[{\"@type\":\"ReadAction\",\"target\":[\"https:\/\/parco-maremma.it\/amministrazione-trasparente\/bandi-di-gara-e-contratti-2\/patto-di-integrita\/\"]}]},{\"@type\":\"BreadcrumbList\",\"@id\":\"https:\/\/parco-maremma.it\/amministrazione-trasparente\/bandi-di-gara-e-contratti-2\/patto-di-integrita\/#breadcrumb\",\"itemListElement\":[{\"@type\":\"ListItem\",\"position\":1,\"name\":\"Home\",\"item\":\"https:\/\/parco-maremma.it\/en\/home\/\"},{\"@type\":\"ListItem\",\"position\":2,\"name\":\"Amministrazione trasparente\",\"item\":\"https:\/\/parco-maremma.it\/amministrazione-trasparente\/\"},{\"@type\":\"ListItem\",\"position\":3,\"name\":\"Bandi di gara e contratti\",\"item\":\"https:\/\/parco-maremma.it\/amministrazione-trasparente\/bandi-di-gara-e-contratti-2\/\"},{\"@type\":\"ListItem\",\"position\":4,\"name\":\"Patto di Integrit\u00e0\"}]},{\"@type\":\"WebSite\",\"@id\":\"https:\/\/parco-maremma.it\/#website\",\"url\":\"https:\/\/parco-maremma.it\/\",\"name\":\"Parco Maremma\",\"description\":\"Sito ufficiale del Parco Regionale della Maremma\",\"publisher\":{\"@id\":\"https:\/\/parco-maremma.it\/#organization\"},\"potentialAction\":[{\"@type\":\"SearchAction\",\"target\":{\"@type\":\"EntryPoint\",\"urlTemplate\":\"https:\/\/parco-maremma.it\/?s={search_term_string}\"},\"query-input\":{\"@type\":\"PropertyValueSpecification\",\"valueRequired\":true,\"valueName\":\"search_term_string\"}}],\"inLanguage\":\"en-US\"},{\"@type\":\"Organization\",\"@id\":\"https:\/\/parco-maremma.it\/#organization\",\"name\":\"Parco Maremma\",\"url\":\"https:\/\/parco-maremma.it\/\",\"logo\":{\"@type\":\"ImageObject\",\"inLanguage\":\"en-US\",\"@id\":\"https:\/\/parco-maremma.it\/#\/schema\/logo\/image\/\",\"url\":\"https:\/\/parco-maremma.it\/wp-content\/uploads\/2023\/12\/Logo-sito.png\",\"contentUrl\":\"https:\/\/parco-maremma.it\/wp-content\/uploads\/2023\/12\/Logo-sito.png\",\"width\":1000,\"height\":1000,\"caption\":\"Parco Maremma\"},\"image\":{\"@id\":\"https:\/\/parco-maremma.it\/#\/schema\/logo\/image\/\"},\"sameAs\":[\"https:\/\/www.facebook.com\/parcodellamaremma\",\"https:\/\/www.instagram.com\/parcomaremma\"]}]}<\/script>\n<!-- \/ Yoast SEO plugin. -->","yoast_head_json":{"title":"Patto di Integrit\u00e0 - Parco Maremma","robots":{"index":"index","follow":"follow","max-snippet":"max-snippet:-1","max-image-preview":"max-image-preview:large","max-video-preview":"max-video-preview:-1"},"canonical":"https:\/\/parco-maremma.it\/amministrazione-trasparente\/bandi-di-gara-e-contratti-2\/patto-di-integrita\/","og_locale":"en_US","og_type":"article","og_title":"Patto di Integrit\u00e0 - Parco Maremma","og_description":"In ottemperanza a quanto disposto dall&#8217;art. 1, comma 17 della legge 6 novembre 2012, n. 190 &#8220;Disposizioni per la prevenzione e la repressione della corruzione e dell&#8217;illegalit\u00e0 nella Pubblica Amministrazione&#8221;...","og_url":"https:\/\/parco-maremma.it\/amministrazione-trasparente\/bandi-di-gara-e-contratti-2\/patto-di-integrita\/","og_site_name":"Parco Maremma","article_publisher":"https:\/\/www.facebook.com\/parcodellamaremma","article_modified_time":"2022-08-18T08:30:33+00:00","og_image":[{"width":1000,"height":1000,"url":"https:\/\/parco-maremma.it\/wp-content\/uploads\/2023\/12\/Logo-sito.png","type":"image\/png"}],"twitter_card":"summary_large_image","twitter_misc":{"Est. reading time":"1 minute"},"schema":{"@context":"https:\/\/schema.org","@graph":[{"@type":"WebPage","@id":"https:\/\/parco-maremma.it\/amministrazione-trasparente\/bandi-di-gara-e-contratti-2\/patto-di-integrita\/","url":"https:\/\/parco-maremma.it\/amministrazione-trasparente\/bandi-di-gara-e-contratti-2\/patto-di-integrita\/","name":"Patto di Integrit\u00e0 - Parco Maremma","isPartOf":{"@id":"https:\/\/parco-maremma.it\/#website"},"datePublished":"2018-03-13T08:23:22+00:00","dateModified":"2022-08-18T08:30:33+00:00","breadcrumb":{"@id":"https:\/\/parco-maremma.it\/amministrazione-trasparente\/bandi-di-gara-e-contratti-2\/patto-di-integrita\/#breadcrumb"},"inLanguage":"en-US","potentialAction":[{"@type":"ReadAction","target":["https:\/\/parco-maremma.it\/amministrazione-trasparente\/bandi-di-gara-e-contratti-2\/patto-di-integrita\/"]}]},{"@type":"BreadcrumbList","@id":"https:\/\/parco-maremma.it\/amministrazione-trasparente\/bandi-di-gara-e-contratti-2\/patto-di-integrita\/#breadcrumb","itemListElement":[{"@type":"ListItem","position":1,"name":"Home","item":"https:\/\/parco-maremma.it\/en\/home\/"},{"@type":"ListItem","position":2,"name":"Amministrazione trasparente","item":"https:\/\/parco-maremma.it\/amministrazione-trasparente\/"},{"@type":"ListItem","position":3,"name":"Bandi di gara e contratti","item":"https:\/\/parco-maremma.it\/amministrazione-trasparente\/bandi-di-gara-e-contratti-2\/"},{"@type":"ListItem","position":4,"name":"Patto di Integrit\u00e0"}]},{"@type":"WebSite","@id":"https:\/\/parco-maremma.it\/#website","url":"https:\/\/parco-maremma.it\/","name":"Parco Maremma","description":"Sito ufficiale del Parco Regionale della Maremma","publisher":{"@id":"https:\/\/parco-maremma.it\/#organization"},"potentialAction":[{"@type":"SearchAction","target":{"@type":"EntryPoint","urlTemplate":"https:\/\/parco-maremma.it\/?s={search_term_string}"},"query-input":{"@type":"PropertyValueSpecification","valueRequired":true,"valueName":"search_term_string"}}],"inLanguage":"en-US"},{"@type":"Organization","@id":"https:\/\/parco-maremma.it\/#organization","name":"Parco Maremma","url":"https:\/\/parco-maremma.it\/","logo":{"@type":"ImageObject","inLanguage":"en-US","@id":"https:\/\/parco-maremma.it\/#\/schema\/logo\/image\/","url":"https:\/\/parco-maremma.it\/wp-content\/uploads\/2023\/12\/Logo-sito.png","contentUrl":"https:\/\/parco-maremma.it\/wp-content\/uploads\/2023\/12\/Logo-sito.png","width":1000,"height":1000,"caption":"Parco Maremma"},"image":{"@id":"https:\/\/parco-maremma.it\/#\/schema\/logo\/image\/"},"sameAs":["https:\/\/www.facebook.com\/parcodellamaremma","https:\/\/www.instagram.com\/parcomaremma"]}]}},"uagb_featured_image_src":{"full":false,"thumbnail":false,"medium":false,"large":false,"us_400_200_crop":false,"us_600_400_crop":false,"us_1440_500_crop":false},"uagb_author_info":{"display_name":"Webmapp","author_link":"https:\/\/parco-maremma.it\/en\/author\/webmapp\/"},"uagb_comment_info":0,"uagb_excerpt":"In ottemperanza a quanto disposto dall&#8217;art. 1, comma 17 della legge 6 novembre 2012, n. 190 &#8220;Disposizioni per la prevenzione e la repressione della corruzione e dell&#8217;illegalit\u00e0 nella Pubblica Amministrazione&#8221;...","_links":{"self":[{"href":"https:\/\/parco-maremma.it\/en\/wp-json\/wp\/v2\/pages\/6630","targetHints":{"allow":["GET"]}}],"collection":[{"href":"https:\/\/parco-maremma.it\/en\/wp-json\/wp\/v2\/pages"}],"about":[{"href":"https:\/\/parco-maremma.it\/en\/wp-json\/wp\/v2\/types\/page"}],"author":[{"embeddable":true,"href":"https:\/\/parco-maremma.it\/en\/wp-json\/wp\/v2\/users\/12"}],"replies":[{"embeddable":true,"href":"https:\/\/parco-maremma.it\/en\/wp-json\/wp\/v2\/comments?post=6630"}],"version-history":[{"count":3,"href":"https:\/\/parco-maremma.it\/en\/wp-json\/wp\/v2\/pages\/6630\/revisions"}],"predecessor-version":[{"id":17842,"href":"https:\/\/parco-maremma.it\/en\/wp-json\/wp\/v2\/pages\/6630\/revisions\/17842"}],"up":[{"embeddable":true,"href":"https:\/\/parco-maremma.it\/en\/wp-json\/wp\/v2\/pages\/6664"}],"wp:attachment":[{"href":"https:\/\/parco-maremma.it\/en\/wp-json\/wp\/v2\/media?parent=6630"}],"curies":[{"name":"wp","href":"https:\/\/api.w.org\/{rel}","templated":true}]}}