{"id":6533,"date":"2015-08-17T10:41:54","date_gmt":"2015-08-17T10:41:54","guid":{"rendered":"http:\/\/parco-maremma.it\/amministrazione-trasparente-politica-ambientale\/"},"modified":"2021-12-06T08:27:31","modified_gmt":"2021-12-06T08:27:31","slug":"politica-ambientale","status":"publish","type":"page","link":"https:\/\/parco-maremma.it\/en\/politica-ambientale\/","title":{"rendered":"Politica Ambientale"},"content":{"rendered":"<p>L\u2019Ente Parco Regionale della Maremma, consapevole delle proprie responsabilit\u00e0 connesse alla gestione del territorio ed alla qualit\u00e0 della vita, presente e futura, delle persone che lo abitano e che lo frequentano, e consapevole del proprio ruolo di soggetto attivo nella pianificazione e gestione territoriale, intende avviare, attraverso il proprio Consiglio Direttivo, ulteriori nuove azioni per il miglioramento della gestione ambientale delle attivit\u00e0, come integrazione e parziale modifica di quelle intraprese dai precedenti organi istituzionali.<br \/>\nQuesto si rende particolarmente necessario in conseguenza ad alcuni sostanziali cambiamenti delle norme di settore che hanno riguardato direttamente l\u2019Ente rispetto all\u2019ultima revisione del presente documento di Politica Ambientale, risalente al luglio 2013, con particolare riferimento all\u2019entrata in vigore della nuova Legge Regionale n. 30\/2015 recante \u201cNorme per la conservazione e la valorizzazione del patrimonio naturalistico-ambientale regionale\u201d, l\u2019approvazione del nuovo Regolamento dell\u2019Ente, pubblicato sul Bollettino Ufficiale della Regione Toscana nel maggio 2016, nonch\u00e9 per le sopraggiunte modifiche apportate alla ISO 14001, in seguito alla revisione della norma del 2004 sfociata nella norma ISO 14001:2015.<br \/>\nLe suddette nuove previsioni normative e regolamentari hanno inevitabilmente, ciascuna per il proprio livello di influenza, degli effetti profondi sulla politica ambientale dell\u2019Ente; tali effetti si dispiegheranno attraverso l\u2019adozione del nuovo Statuto e dell\u2019adeguamento dello strumento urbanistico che verr\u00e0 denominato Piano Integrato per il Parco (oggi Piano per il Parco), passaggi entrambi previsti dalla nuova normativa regionale di riferimento, come strumento integrato di gestione del territorio con efficacia di dichiarazione di pubblica utilit\u00e0, urgenza e indifferibilit\u00e0 degli interventi in esso previsti al quale, quindi, si dovranno rifare tutti gli strumenti urbanistici dei comuni interessati. Di uguale importanza, ai fini della definizione della politica ambientale dell\u2019Ente, saranno le previsioni della sezione programmatica del Piano integrato, in coerenza con il Piano Regionale di Sviluppo (P.R.S.) e con gli strumenti della programmazione regionale che riguarderanno specificamente le seguenti azioni: attuazione degli obiettivi e dei fini istitutivi del Parco; individuazione e promuozione di iniziative ed attivit\u00e0 di soggetti pubblici e privati compatibili con le finalit\u00e0 del Parco atte a favorire lo sviluppo economico, sociale e culturale della collettivit\u00e0 residente; confermare il ruolo delle attivit\u00e0 agricole e zootecniche ai fini della tutela ambientale e paesaggistica; individuare le azioni relative alla didattica, alla comunicazione, alla formazione, ambientale e all\u2019educazione allo sviluppo sostenibile; sviluppo del Turismo Sostenibile attraverso il percorso di acquisizione, gi\u00e0 iniziato, della Carta Europea del Turismo Sostenibile per le aree protette (European Charter for Sustainable Tourism \u2013 Europarks Federation \u2013 FederParchi Italia).<br \/>\nIn coerenza con norma ISO 14001:2015, pubblicata nel settembre 2015, la presente revisione del documento di Politica Ambientale dell\u2019Ente, predisposto dalla Presidenza ed approvato dal Consiglio Direttivo, si rende necessaria in quanto le nuove norme relative ai sistemi di gestione si baseranno su una struttura coerente, con testi e terminologia comuni (contesto, leadership, pianificazione ecc..).<br \/>\nPertanto \u00e8 stata ridefinita la presente Politica Ambientale dell\u2019Ente Parco Regionale della Maremma per soddisfare le esigenze imposte dal cambiamento del \u201ccontesto\u201d nel quale si muove l\u2019Ente, in particolar modo quello giuridico-istituzionale (compliance obligation), ma anche per sottolineare il ruolo di \u201cleadership\u201d degli organi di natura politica, nell\u2019ottica del continuo miglioramento della gestione ambientale e della relativa comunicazione alle parti interessate interne ed esterne, in modo da garantire che questi aspetti del sistema, siano adeguatamente assegnati, comunicati e compresi. L\u2019Ente Parco adotta, quindi, i seguenti principi istituzionali al fine di strutturare una Politica Ambientale conforme ai requisiti della norma ISO 14001 con particolare riferimento alla revisione adottata dall\u2019Organismo Internazionale nel settembre 2015, ed in base alla quale definire la \u201cpianificazione degli obiettivi\u201d, attraverso un accurata \u201canalisi del contesto\u201d, con particolare riferimento a quella dei \u201crischi\u201d, in un ottica di miglioramento continuo per garantire una efficace performance ambientale.<br \/>\nIl campo di applicazione del Sistema di Gestione Ambientale \u00e8 il seguente:<br \/>\n\uf0b7 Gestione e funzionamento degli uffici amministrativi e del patrimonio con valutazione dei prodotti\/servizi forniti nonch\u00e9 dei relativi possibili impatti ambientali, dalla produzione e utilizzo fino allo smaltimento\/recupero finale, valutando cio\u00e8 il \u201cciclo di vita\u201d.<br \/>\n\uf0b7 Gestione del territorio nel proprio ambito di competenza;<br \/>\n\uf0b7 Analisi dei Rischi Ambientali;<br \/>\n\uf0b7 Programmazione e pianificazione dei servizi all\u2019utenza e alle parti interessate;<br \/>\n\uf0b7 Realizzazione di progetti finalizzati alla valorizzazione delle risorse del Parco ed alla sua fruizione sostenibile;<br \/>\n\uf0b7 Promozione e comunicazione istituzionale con particolare riferimento alle parti interessate e all\u2019interno dell\u2019organizzazione;<br \/>\n\uf0b7 Attivit\u00e0 culturali per l\u2019ambiente e la didattica ambientale;<br \/>\n\uf0b7 Vigilanza e controllo.<br \/>\nI principi ispiratori della politica ambientale dell\u2019Ente Parco Regionale della Maremma, nell\u2019impegno verso il miglioramento continuo delle proprie prestazioni ambientali, lo sviluppo sostenibile e la prevenzione dall\u2019inquinamento, sono:<br \/>\n\uf0b7 Tutelare e conservare le caratteristiche naturali, ambientali, paesaggistiche e storiche del territorio del Parco, anche in funzione dell\u2019uso sociale di tali valori.<br \/>\n\uf0b7 Ripristinare le condizioni ambientali del territorio del Parco concorrendo ad eliminare le cause di inquinamento, degrado e impatto ambientale anche attraverso interventi specifici.<br \/>\n\uf0b7 Concorrere al miglioramento delle condizioni naturali dell\u2019area.<br \/>\n\uf0b7 Essere conforme alla legislazione e regolamentazione ambientale applicabile, ed in particolare rispettare tutte le prescrizioni legislative e regolamentari di carattere nazionale, regionale e locale, coinvolgenti l\u2019ambiente, sorvegliandone costantemente il rispetto.<br \/>\n\uf0b7 Migliorare le prestazioni ambientali in relazione agli aspetti coinvolti nel SGA, riducendo in maniera progressiva gli impatti ambientali connessi a tali attivit\u00e0, con particolare attenzione alla riduzione degli sprechi di risorse, ai consumi, alla gestione dei rifiuti, all\u2019utilizzo di materie prime, valutando l\u2019opportunit\u00e0 di ricorrere, ove possibile, a prodotti eco-compatibili, introducendo criteri ambientali nelle forniture di beni e servizi, nonch\u00e9 opere pubbliche.<br \/>\n\uf0b7 Adottare le precauzioni e le disposizioni necessarie per prevenire, eliminare o ridurre qualsiasi forma di rischio ed incrementare le opportunit\u00e0 di continuo miglioramento della propria performance ambientale.<br \/>\n\uf0b7 Promuovere ed organizzare il territorio ed i servizi per la fruizione a fini didattici, culturali, scientifici, ricreativi e turistici.<br \/>\n\uf0b7 Utilizzare il territorio in maniera sostenibile, coniugando lo sviluppo economico con la compatibilit\u00e0 ambientale per la promozione di un turismo sostenibile.<br \/>\n\uf0b7 Promuovere il senso di responsabilit\u00e0 ambientale tra il personale interno ed operante nel Parco; creare un dialogo aperto con il pubblico, comunicando all\u2019interno e all\u2019esterno tutte le informazioni necessarie a comprendere gli effetti ambientali delle attivit\u00e0.<br \/>\n\uf0b7 Promuovere la didattica e le attivit\u00e0 di studio e di ricerca scientifica.<br \/>\n\uf0b7 Promuovere ogni iniziativa necessaria o utile alla qualificazione delle attivit\u00e0 agricole esistenti.<br \/>\n\uf0b7 Incentivare le attivit\u00e0 produttive locali che siano compatibili con la valorizzazione e riqualificazione dell\u2019ambiente.<br \/>\n\uf0b7 Promozione e diffusione dell\u2019educazione ambientale tra i cittadini, gli operatori economici e i turisti.<br \/>\n\uf0b7 Tutelare e valorizzare le specie faunistiche e floristiche presenti sul territorio, con particolare riferimento alle aree dunali della zona costiera, sensibilizzando una fruizione consapevole della spiaggia e della pineta del Parco.<br \/>\n\uf0b7 Programmare interventi di utilizzo del territorio in ragione delle esigenze economiche e di sviluppo dello stesso, compatibilmente con le caratteristiche ambientali dei luoghi.<br \/>\n\uf0b7 Valorizzare l\u2019esperienza pluriennale del Laboratorio di Educazione Ambientale continuando a promuovere iniziative di sensibilizzazione e informazione rivolte alla popolazione locale ed anche ai turisti, al fine di garantire attivit\u00e0 umane compatibili con la necessit\u00e0 di tutelare l\u2019ambiente.<br \/>\n\uf0b7 Garantire che tutto il personale del Parco sia a conoscenza della Politica Ambientale e dei suoi obiettivi, sia responsabile e collaborativo alla sua implementazione e gestione mediante un adeguato processo di informazione e formazione, al fine di elevarne il grado di coinvolgimento e di cultura dell\u2019ambiente.<br \/>\n\uf0b7 Rendere disponibile alle parti interessate la propria politica ambientale.<br \/>\n\uf0b7 Promuovere forme di mobilit\u00e0 sostenibile all\u2019interno del Parco.<br \/>\nL\u2019efficienza ed il mantenimento degli obiettivi, in coerenza con la politica ambientale, saranno assicurati attraverso l\u2019applicazione di metodi di controllo efficaci e sempre attivi sotto forma di \u201cmonitoraggio\u201d. In caso di deviazione da quanto stabilito, saranno attivate le previste misure di correzione al fine di soddisfare l\u2019importante principio di \u201ccredibilit\u00e0\u201d delle azioni dell\u2019Ente. La concreta realizzazione degli obiettivi sopra esposti si consegue attraverso il mantenimento e miglioramento del Sistema di Gestione Ambientale in conformit\u00e0 ai requisiti della norma ISO 14001.<\/p>\n<p style=\"text-align: left;\">Alberese, 26 aprile 2017<br \/>\nLa Presidente dell\u2019Ente Parco Regionale della Maremma<br \/>\nLucia Venturi<\/p>\n","protected":false},"excerpt":{"rendered":"<p>L\u2019Ente Parco Regionale della Maremma, consapevole delle proprie responsabilit\u00e0 connesse alla gestione del territorio ed alla qualit\u00e0 della vita, presente e futura, delle persone che lo abitano e che lo&#8230;<\/p>\n","protected":false},"author":12,"featured_media":0,"parent":0,"menu_order":0,"comment_status":"open","ping_status":"closed","template":"","meta":{"_uag_custom_page_level_css":"","footnotes":""},"class_list":["post-6533","page","type-page","status-publish","hentry"],"acf":[],"yoast_head":"<!-- This site is optimized with the Yoast SEO plugin v25.5 - https:\/\/yoast.com\/wordpress\/plugins\/seo\/ -->\n<title>Politica Ambientale - Parco Maremma<\/title>\n<meta name=\"robots\" content=\"index, follow, max-snippet:-1, max-image-preview:large, max-video-preview:-1\" \/>\n<link rel=\"canonical\" href=\"https:\/\/parco-maremma.it\/politica-ambientale\/\" \/>\n<meta property=\"og:locale\" content=\"en_US\" \/>\n<meta property=\"og:type\" content=\"article\" \/>\n<meta property=\"og:title\" content=\"Politica Ambientale - Parco Maremma\" \/>\n<meta property=\"og:description\" content=\"L\u2019Ente Parco Regionale della Maremma, consapevole delle proprie responsabilit\u00e0 connesse alla gestione del territorio ed alla qualit\u00e0 della vita, presente e futura, delle persone che lo abitano e che lo...\" \/>\n<meta property=\"og:url\" content=\"https:\/\/parco-maremma.it\/politica-ambientale\/\" \/>\n<meta property=\"og:site_name\" content=\"Parco Maremma\" \/>\n<meta property=\"article:publisher\" content=\"https:\/\/www.facebook.com\/parcodellamaremma\" \/>\n<meta property=\"article:modified_time\" content=\"2021-12-06T08:27:31+00:00\" \/>\n<meta property=\"og:image\" content=\"https:\/\/parco-maremma.it\/wp-content\/uploads\/2023\/12\/Logo-sito.png\" \/>\n\t<meta property=\"og:image:width\" content=\"1000\" \/>\n\t<meta property=\"og:image:height\" content=\"1000\" \/>\n\t<meta property=\"og:image:type\" content=\"image\/png\" \/>\n<meta name=\"twitter:card\" content=\"summary_large_image\" \/>\n<meta name=\"twitter:label1\" content=\"Est. reading time\" \/>\n\t<meta name=\"twitter:data1\" content=\"6 minutes\" \/>\n<script type=\"application\/ld+json\" class=\"yoast-schema-graph\">{\"@context\":\"https:\/\/schema.org\",\"@graph\":[{\"@type\":\"WebPage\",\"@id\":\"https:\/\/parco-maremma.it\/politica-ambientale\/\",\"url\":\"https:\/\/parco-maremma.it\/politica-ambientale\/\",\"name\":\"Politica Ambientale - Parco Maremma\",\"isPartOf\":{\"@id\":\"https:\/\/parco-maremma.it\/#website\"},\"datePublished\":\"2015-08-17T10:41:54+00:00\",\"dateModified\":\"2021-12-06T08:27:31+00:00\",\"breadcrumb\":{\"@id\":\"https:\/\/parco-maremma.it\/politica-ambientale\/#breadcrumb\"},\"inLanguage\":\"en-US\",\"potentialAction\":[{\"@type\":\"ReadAction\",\"target\":[\"https:\/\/parco-maremma.it\/politica-ambientale\/\"]}]},{\"@type\":\"BreadcrumbList\",\"@id\":\"https:\/\/parco-maremma.it\/politica-ambientale\/#breadcrumb\",\"itemListElement\":[{\"@type\":\"ListItem\",\"position\":1,\"name\":\"Home\",\"item\":\"https:\/\/parco-maremma.it\/en\/home\/\"},{\"@type\":\"ListItem\",\"position\":2,\"name\":\"Politica Ambientale\"}]},{\"@type\":\"WebSite\",\"@id\":\"https:\/\/parco-maremma.it\/#website\",\"url\":\"https:\/\/parco-maremma.it\/\",\"name\":\"Parco Maremma\",\"description\":\"Sito ufficiale del Parco Regionale della Maremma\",\"publisher\":{\"@id\":\"https:\/\/parco-maremma.it\/#organization\"},\"potentialAction\":[{\"@type\":\"SearchAction\",\"target\":{\"@type\":\"EntryPoint\",\"urlTemplate\":\"https:\/\/parco-maremma.it\/?s={search_term_string}\"},\"query-input\":{\"@type\":\"PropertyValueSpecification\",\"valueRequired\":true,\"valueName\":\"search_term_string\"}}],\"inLanguage\":\"en-US\"},{\"@type\":\"Organization\",\"@id\":\"https:\/\/parco-maremma.it\/#organization\",\"name\":\"Parco Maremma\",\"url\":\"https:\/\/parco-maremma.it\/\",\"logo\":{\"@type\":\"ImageObject\",\"inLanguage\":\"en-US\",\"@id\":\"https:\/\/parco-maremma.it\/#\/schema\/logo\/image\/\",\"url\":\"https:\/\/parco-maremma.it\/wp-content\/uploads\/2023\/12\/Logo-sito.png\",\"contentUrl\":\"https:\/\/parco-maremma.it\/wp-content\/uploads\/2023\/12\/Logo-sito.png\",\"width\":1000,\"height\":1000,\"caption\":\"Parco Maremma\"},\"image\":{\"@id\":\"https:\/\/parco-maremma.it\/#\/schema\/logo\/image\/\"},\"sameAs\":[\"https:\/\/www.facebook.com\/parcodellamaremma\",\"https:\/\/www.instagram.com\/parcomaremma\"]}]}<\/script>\n<!-- \/ Yoast SEO plugin. -->","yoast_head_json":{"title":"Politica Ambientale - Parco Maremma","robots":{"index":"index","follow":"follow","max-snippet":"max-snippet:-1","max-image-preview":"max-image-preview:large","max-video-preview":"max-video-preview:-1"},"canonical":"https:\/\/parco-maremma.it\/politica-ambientale\/","og_locale":"en_US","og_type":"article","og_title":"Politica Ambientale - Parco Maremma","og_description":"L\u2019Ente Parco Regionale della Maremma, consapevole delle proprie responsabilit\u00e0 connesse alla gestione del territorio ed alla qualit\u00e0 della vita, presente e futura, delle persone che lo abitano e che lo...","og_url":"https:\/\/parco-maremma.it\/politica-ambientale\/","og_site_name":"Parco Maremma","article_publisher":"https:\/\/www.facebook.com\/parcodellamaremma","article_modified_time":"2021-12-06T08:27:31+00:00","og_image":[{"width":1000,"height":1000,"url":"https:\/\/parco-maremma.it\/wp-content\/uploads\/2023\/12\/Logo-sito.png","type":"image\/png"}],"twitter_card":"summary_large_image","twitter_misc":{"Est. reading time":"6 minutes"},"schema":{"@context":"https:\/\/schema.org","@graph":[{"@type":"WebPage","@id":"https:\/\/parco-maremma.it\/politica-ambientale\/","url":"https:\/\/parco-maremma.it\/politica-ambientale\/","name":"Politica Ambientale - Parco Maremma","isPartOf":{"@id":"https:\/\/parco-maremma.it\/#website"},"datePublished":"2015-08-17T10:41:54+00:00","dateModified":"2021-12-06T08:27:31+00:00","breadcrumb":{"@id":"https:\/\/parco-maremma.it\/politica-ambientale\/#breadcrumb"},"inLanguage":"en-US","potentialAction":[{"@type":"ReadAction","target":["https:\/\/parco-maremma.it\/politica-ambientale\/"]}]},{"@type":"BreadcrumbList","@id":"https:\/\/parco-maremma.it\/politica-ambientale\/#breadcrumb","itemListElement":[{"@type":"ListItem","position":1,"name":"Home","item":"https:\/\/parco-maremma.it\/en\/home\/"},{"@type":"ListItem","position":2,"name":"Politica Ambientale"}]},{"@type":"WebSite","@id":"https:\/\/parco-maremma.it\/#website","url":"https:\/\/parco-maremma.it\/","name":"Parco Maremma","description":"Sito ufficiale del Parco Regionale della Maremma","publisher":{"@id":"https:\/\/parco-maremma.it\/#organization"},"potentialAction":[{"@type":"SearchAction","target":{"@type":"EntryPoint","urlTemplate":"https:\/\/parco-maremma.it\/?s={search_term_string}"},"query-input":{"@type":"PropertyValueSpecification","valueRequired":true,"valueName":"search_term_string"}}],"inLanguage":"en-US"},{"@type":"Organization","@id":"https:\/\/parco-maremma.it\/#organization","name":"Parco Maremma","url":"https:\/\/parco-maremma.it\/","logo":{"@type":"ImageObject","inLanguage":"en-US","@id":"https:\/\/parco-maremma.it\/#\/schema\/logo\/image\/","url":"https:\/\/parco-maremma.it\/wp-content\/uploads\/2023\/12\/Logo-sito.png","contentUrl":"https:\/\/parco-maremma.it\/wp-content\/uploads\/2023\/12\/Logo-sito.png","width":1000,"height":1000,"caption":"Parco Maremma"},"image":{"@id":"https:\/\/parco-maremma.it\/#\/schema\/logo\/image\/"},"sameAs":["https:\/\/www.facebook.com\/parcodellamaremma","https:\/\/www.instagram.com\/parcomaremma"]}]}},"uagb_featured_image_src":{"full":false,"thumbnail":false,"medium":false,"large":false,"us_400_200_crop":false,"us_600_400_crop":false,"us_1440_500_crop":false},"uagb_author_info":{"display_name":"Webmapp","author_link":"https:\/\/parco-maremma.it\/en\/author\/webmapp\/"},"uagb_comment_info":0,"uagb_excerpt":"L\u2019Ente Parco Regionale della Maremma, consapevole delle proprie responsabilit\u00e0 connesse alla gestione del territorio ed alla qualit\u00e0 della vita, presente e futura, delle persone che lo abitano e che lo...","_links":{"self":[{"href":"https:\/\/parco-maremma.it\/en\/wp-json\/wp\/v2\/pages\/6533","targetHints":{"allow":["GET"]}}],"collection":[{"href":"https:\/\/parco-maremma.it\/en\/wp-json\/wp\/v2\/pages"}],"about":[{"href":"https:\/\/parco-maremma.it\/en\/wp-json\/wp\/v2\/types\/page"}],"author":[{"embeddable":true,"href":"https:\/\/parco-maremma.it\/en\/wp-json\/wp\/v2\/users\/12"}],"replies":[{"embeddable":true,"href":"https:\/\/parco-maremma.it\/en\/wp-json\/wp\/v2\/comments?post=6533"}],"version-history":[{"count":2,"href":"https:\/\/parco-maremma.it\/en\/wp-json\/wp\/v2\/pages\/6533\/revisions"}],"predecessor-version":[{"id":16072,"href":"https:\/\/parco-maremma.it\/en\/wp-json\/wp\/v2\/pages\/6533\/revisions\/16072"}],"wp:attachment":[{"href":"https:\/\/parco-maremma.it\/en\/wp-json\/wp\/v2\/media?parent=6533"}],"curies":[{"name":"wp","href":"https:\/\/api.w.org\/{rel}","templated":true}]}}