{"id":24186,"date":"2023-12-21T21:15:50","date_gmt":"2023-12-21T21:15:50","guid":{"rendered":"http:\/\/parco-maremma.it\/ente\/president\/"},"modified":"2024-01-02T13:47:52","modified_gmt":"2024-01-02T13:47:52","slug":"president","status":"publish","type":"page","link":"https:\/\/parco-maremma.it\/en\/ente\/president\/","title":{"rendered":"President"},"content":{"rendered":"\n<figure class=\"wp-block-image size-full is-resized pm-council-image\"><img loading=\"lazy\" decoding=\"async\" width=\"521\" height=\"625\" src=\"http:\/\/parco-maremma.it\/wp-content\/uploads\/2023\/12\/Simine-Rusci.png\" alt=\"\" class=\"wp-image-24157\" style=\"width:400px\" srcset=\"https:\/\/parco-maremma.it\/wp-content\/uploads\/2023\/12\/Simine-Rusci.png 521w, https:\/\/parco-maremma.it\/wp-content\/uploads\/2023\/12\/Simine-Rusci-250x300.png 250w\" sizes=\"auto, (max-width: 521px) 100vw, 521px\" \/><\/figure>\n\n<p><strong>Simone Rusci<\/strong> was appointed President of the Maremma Park with the Decree of the President of the Tuscany Regional Council n.80 of 13 May 2022, after a five-year experience as Councilor under the presidency of Lucia Venturi.<\/p>\n\n<p>Since 2022 he has been a member of the Board of Directors of Federparchi-Europarc and since 2023 he has also been a member of the Scientific Committee.<\/p>\n\n<p>Graduated with honors in Architecture from the University of Florence in 2008, Simone Rusci obtained a PhD in Sciences and Methods of the European City and Territory in 2013 from the University of Pisa where, since 2019, he has been Professor of Technique and Planning urban planning.<\/p>\n\n<p>He carries out research and teaching activities in the field of urban and territorial planning, with particular interest in the interactions between economic processes and spatial organisation. On this topic he is the author of books and scientific articles published in national and international journals. He is involved in research projects with Italian universities (Polytechnic University of Milan, University of Milan Bicocca) and European universities (Universit\u00e9 de la Cote d&#8217;Azur, Universit\u00e4t Wien, Chalmers Tekniska H\u00f6gskola). He is a reviewer of numerous scientific journals and a member of the editorial board of the journal Archivio di Studi Urbani e Regionali.<\/p>\n\n<p>Member of the Order of Architects of the Province of Grosseto, Simone Rusci is also a member of the Italian Association of Regional Sciences, the Italian Society of Urban Planners and the Italian Society of Estimation and Evaluation.<\/p>\n","protected":false},"excerpt":{"rendered":"<p>Simone Rusci was appointed President of the Maremma Park with the Decree of the President of the Tuscany Regional Council n.80 of 13 May 2022, after a five-year experience as&#8230;<\/p>\n","protected":false},"author":11,"featured_media":0,"parent":23986,"menu_order":0,"comment_status":"closed","ping_status":"closed","template":"","meta":{"_uag_custom_page_level_css":"","footnotes":""},"class_list":["post-24186","page","type-page","status-publish","hentry"],"acf":[],"yoast_head":"<!-- This site is optimized with the Yoast SEO plugin v25.5 - https:\/\/yoast.com\/wordpress\/plugins\/seo\/ -->\n<title>President - Parco Maremma<\/title>\n<meta name=\"robots\" content=\"index, follow, max-snippet:-1, max-image-preview:large, max-video-preview:-1\" \/>\n<link rel=\"canonical\" href=\"https:\/\/parco-maremma.it\/en\/ente\/president\/\" \/>\n<meta property=\"og:locale\" content=\"en_US\" \/>\n<meta property=\"og:type\" content=\"article\" \/>\n<meta property=\"og:title\" content=\"President - Parco Maremma\" \/>\n<meta property=\"og:description\" content=\"Simone Rusci was appointed President of the Maremma Park with the Decree of the President of the Tuscany Regional Council n.80 of 13 May 2022, after a five-year experience as...\" \/>\n<meta property=\"og:url\" content=\"https:\/\/parco-maremma.it\/en\/ente\/president\/\" \/>\n<meta property=\"og:site_name\" content=\"Parco Maremma\" \/>\n<meta property=\"article:publisher\" content=\"https:\/\/www.facebook.com\/parcodellamaremma\" \/>\n<meta property=\"article:modified_time\" content=\"2024-01-02T13:47:52+00:00\" \/>\n<meta property=\"og:image\" content=\"http:\/\/parco-maremma.it\/wp-content\/uploads\/2023\/12\/Simine-Rusci.png\" \/>\n<meta name=\"twitter:card\" content=\"summary_large_image\" \/>\n<meta name=\"twitter:label1\" content=\"Est. reading time\" \/>\n\t<meta name=\"twitter:data1\" content=\"1 minute\" \/>\n<script type=\"application\/ld+json\" class=\"yoast-schema-graph\">{\"@context\":\"https:\/\/schema.org\",\"@graph\":[{\"@type\":\"WebPage\",\"@id\":\"https:\/\/parco-maremma.it\/en\/ente\/president\/\",\"url\":\"https:\/\/parco-maremma.it\/en\/ente\/president\/\",\"name\":\"President - Parco Maremma\",\"isPartOf\":{\"@id\":\"https:\/\/parco-maremma.it\/#website\"},\"primaryImageOfPage\":{\"@id\":\"https:\/\/parco-maremma.it\/en\/ente\/president\/#primaryimage\"},\"image\":{\"@id\":\"https:\/\/parco-maremma.it\/en\/ente\/president\/#primaryimage\"},\"thumbnailUrl\":\"http:\/\/parco-maremma.it\/wp-content\/uploads\/2023\/12\/Simine-Rusci.png\",\"datePublished\":\"2023-12-21T21:15:50+00:00\",\"dateModified\":\"2024-01-02T13:47:52+00:00\",\"breadcrumb\":{\"@id\":\"https:\/\/parco-maremma.it\/en\/ente\/president\/#breadcrumb\"},\"inLanguage\":\"en-US\",\"potentialAction\":[{\"@type\":\"ReadAction\",\"target\":[\"https:\/\/parco-maremma.it\/en\/ente\/president\/\"]}]},{\"@type\":\"ImageObject\",\"inLanguage\":\"en-US\",\"@id\":\"https:\/\/parco-maremma.it\/en\/ente\/president\/#primaryimage\",\"url\":\"http:\/\/parco-maremma.it\/wp-content\/uploads\/2023\/12\/Simine-Rusci.png\",\"contentUrl\":\"http:\/\/parco-maremma.it\/wp-content\/uploads\/2023\/12\/Simine-Rusci.png\"},{\"@type\":\"BreadcrumbList\",\"@id\":\"https:\/\/parco-maremma.it\/en\/ente\/president\/#breadcrumb\",\"itemListElement\":[{\"@type\":\"ListItem\",\"position\":1,\"name\":\"Home\",\"item\":\"https:\/\/parco-maremma.it\/en\/home\/\"},{\"@type\":\"ListItem\",\"position\":2,\"name\":\"Ente\",\"item\":\"https:\/\/parco-maremma.it\/en\/ente\/\"},{\"@type\":\"ListItem\",\"position\":3,\"name\":\"President\"}]},{\"@type\":\"WebSite\",\"@id\":\"https:\/\/parco-maremma.it\/#website\",\"url\":\"https:\/\/parco-maremma.it\/\",\"name\":\"Parco Maremma\",\"description\":\"Sito ufficiale del Parco Regionale della Maremma\",\"publisher\":{\"@id\":\"https:\/\/parco-maremma.it\/#organization\"},\"potentialAction\":[{\"@type\":\"SearchAction\",\"target\":{\"@type\":\"EntryPoint\",\"urlTemplate\":\"https:\/\/parco-maremma.it\/?s={search_term_string}\"},\"query-input\":{\"@type\":\"PropertyValueSpecification\",\"valueRequired\":true,\"valueName\":\"search_term_string\"}}],\"inLanguage\":\"en-US\"},{\"@type\":\"Organization\",\"@id\":\"https:\/\/parco-maremma.it\/#organization\",\"name\":\"Parco Maremma\",\"url\":\"https:\/\/parco-maremma.it\/\",\"logo\":{\"@type\":\"ImageObject\",\"inLanguage\":\"en-US\",\"@id\":\"https:\/\/parco-maremma.it\/#\/schema\/logo\/image\/\",\"url\":\"https:\/\/parco-maremma.it\/wp-content\/uploads\/2023\/12\/Logo-sito.png\",\"contentUrl\":\"https:\/\/parco-maremma.it\/wp-content\/uploads\/2023\/12\/Logo-sito.png\",\"width\":1000,\"height\":1000,\"caption\":\"Parco Maremma\"},\"image\":{\"@id\":\"https:\/\/parco-maremma.it\/#\/schema\/logo\/image\/\"},\"sameAs\":[\"https:\/\/www.facebook.com\/parcodellamaremma\",\"https:\/\/www.instagram.com\/parcomaremma\"]}]}<\/script>\n<!-- \/ Yoast SEO plugin. -->","yoast_head_json":{"title":"President - Parco Maremma","robots":{"index":"index","follow":"follow","max-snippet":"max-snippet:-1","max-image-preview":"max-image-preview:large","max-video-preview":"max-video-preview:-1"},"canonical":"https:\/\/parco-maremma.it\/en\/ente\/president\/","og_locale":"en_US","og_type":"article","og_title":"President - Parco Maremma","og_description":"Simone Rusci was appointed President of the Maremma Park with the Decree of the President of the Tuscany Regional Council n.80 of 13 May 2022, after a five-year experience as...","og_url":"https:\/\/parco-maremma.it\/en\/ente\/president\/","og_site_name":"Parco Maremma","article_publisher":"https:\/\/www.facebook.com\/parcodellamaremma","article_modified_time":"2024-01-02T13:47:52+00:00","og_image":[{"url":"http:\/\/parco-maremma.it\/wp-content\/uploads\/2023\/12\/Simine-Rusci.png","type":"","width":"","height":""}],"twitter_card":"summary_large_image","twitter_misc":{"Est. reading time":"1 minute"},"schema":{"@context":"https:\/\/schema.org","@graph":[{"@type":"WebPage","@id":"https:\/\/parco-maremma.it\/en\/ente\/president\/","url":"https:\/\/parco-maremma.it\/en\/ente\/president\/","name":"President - Parco Maremma","isPartOf":{"@id":"https:\/\/parco-maremma.it\/#website"},"primaryImageOfPage":{"@id":"https:\/\/parco-maremma.it\/en\/ente\/president\/#primaryimage"},"image":{"@id":"https:\/\/parco-maremma.it\/en\/ente\/president\/#primaryimage"},"thumbnailUrl":"http:\/\/parco-maremma.it\/wp-content\/uploads\/2023\/12\/Simine-Rusci.png","datePublished":"2023-12-21T21:15:50+00:00","dateModified":"2024-01-02T13:47:52+00:00","breadcrumb":{"@id":"https:\/\/parco-maremma.it\/en\/ente\/president\/#breadcrumb"},"inLanguage":"en-US","potentialAction":[{"@type":"ReadAction","target":["https:\/\/parco-maremma.it\/en\/ente\/president\/"]}]},{"@type":"ImageObject","inLanguage":"en-US","@id":"https:\/\/parco-maremma.it\/en\/ente\/president\/#primaryimage","url":"http:\/\/parco-maremma.it\/wp-content\/uploads\/2023\/12\/Simine-Rusci.png","contentUrl":"http:\/\/parco-maremma.it\/wp-content\/uploads\/2023\/12\/Simine-Rusci.png"},{"@type":"BreadcrumbList","@id":"https:\/\/parco-maremma.it\/en\/ente\/president\/#breadcrumb","itemListElement":[{"@type":"ListItem","position":1,"name":"Home","item":"https:\/\/parco-maremma.it\/en\/home\/"},{"@type":"ListItem","position":2,"name":"Ente","item":"https:\/\/parco-maremma.it\/en\/ente\/"},{"@type":"ListItem","position":3,"name":"President"}]},{"@type":"WebSite","@id":"https:\/\/parco-maremma.it\/#website","url":"https:\/\/parco-maremma.it\/","name":"Parco Maremma","description":"Sito ufficiale del Parco Regionale della Maremma","publisher":{"@id":"https:\/\/parco-maremma.it\/#organization"},"potentialAction":[{"@type":"SearchAction","target":{"@type":"EntryPoint","urlTemplate":"https:\/\/parco-maremma.it\/?s={search_term_string}"},"query-input":{"@type":"PropertyValueSpecification","valueRequired":true,"valueName":"search_term_string"}}],"inLanguage":"en-US"},{"@type":"Organization","@id":"https:\/\/parco-maremma.it\/#organization","name":"Parco Maremma","url":"https:\/\/parco-maremma.it\/","logo":{"@type":"ImageObject","inLanguage":"en-US","@id":"https:\/\/parco-maremma.it\/#\/schema\/logo\/image\/","url":"https:\/\/parco-maremma.it\/wp-content\/uploads\/2023\/12\/Logo-sito.png","contentUrl":"https:\/\/parco-maremma.it\/wp-content\/uploads\/2023\/12\/Logo-sito.png","width":1000,"height":1000,"caption":"Parco Maremma"},"image":{"@id":"https:\/\/parco-maremma.it\/#\/schema\/logo\/image\/"},"sameAs":["https:\/\/www.facebook.com\/parcodellamaremma","https:\/\/www.instagram.com\/parcomaremma"]}]}},"uagb_featured_image_src":{"full":false,"thumbnail":false,"medium":false,"large":false,"us_400_200_crop":false,"us_600_400_crop":false,"us_1440_500_crop":false},"uagb_author_info":{"display_name":"Rubens Garofalo","author_link":"https:\/\/parco-maremma.it\/en\/author\/rubens\/"},"uagb_comment_info":0,"uagb_excerpt":"Simone Rusci was appointed President of the Maremma Park with the Decree of the President of the Tuscany Regional Council n.80 of 13 May 2022, after a five-year experience as...","_links":{"self":[{"href":"https:\/\/parco-maremma.it\/en\/wp-json\/wp\/v2\/pages\/24186","targetHints":{"allow":["GET"]}}],"collection":[{"href":"https:\/\/parco-maremma.it\/en\/wp-json\/wp\/v2\/pages"}],"about":[{"href":"https:\/\/parco-maremma.it\/en\/wp-json\/wp\/v2\/types\/page"}],"author":[{"embeddable":true,"href":"https:\/\/parco-maremma.it\/en\/wp-json\/wp\/v2\/users\/11"}],"replies":[{"embeddable":true,"href":"https:\/\/parco-maremma.it\/en\/wp-json\/wp\/v2\/comments?post=24186"}],"version-history":[{"count":2,"href":"https:\/\/parco-maremma.it\/en\/wp-json\/wp\/v2\/pages\/24186\/revisions"}],"predecessor-version":[{"id":24312,"href":"https:\/\/parco-maremma.it\/en\/wp-json\/wp\/v2\/pages\/24186\/revisions\/24312"}],"up":[{"embeddable":true,"href":"https:\/\/parco-maremma.it\/en\/wp-json\/wp\/v2\/pages\/23986"}],"wp:attachment":[{"href":"https:\/\/parco-maremma.it\/en\/wp-json\/wp\/v2\/media?parent=24186"}],"curies":[{"name":"wp","href":"https:\/\/api.w.org\/{rel}","templated":true}]}}