{"id":23613,"date":"2023-12-17T15:48:46","date_gmt":"2023-12-17T15:48:46","guid":{"rendered":"http:\/\/parco-maremma.it\/activity\/parco-brand\/"},"modified":"2023-12-17T15:48:46","modified_gmt":"2023-12-17T15:48:46","slug":"parco-brand","status":"publish","type":"page","link":"https:\/\/parco-maremma.it\/en\/activity\/parco-brand\/","title":{"rendered":"Parco Brand\u00ae"},"content":{"rendered":"<p>.<section class=\"l-section wpb_row height_small\"><div class=\"l-section-h i-cf\"><div class=\"g-cols vc_row via_flex valign_top type_default stacking_default\"><div class=\"vc_col-sm-12 wpb_column vc_column_container\"><div class=\"vc_column-inner\"><div class=\"wpb_wrapper\"><div class=\"wpb_text_column\"><div class=\"wpb_wrapper\"><p>&#13;<\/p>\n<h4 class=\"wp-block-heading\">Cos&#8217;\u00e8<\/h4>\n<p>&#13;<\/p>\n<h4><\/h4>\n<p>.<\/p>\n<p>&#13;<\/p>\n<h4 class=\"wp-block-heading\">Il <strong>Marchio del Parco\u00ae<\/strong> \u00e8 un <strong>marchio collettivo di qualit\u00e0<\/strong> che viene assegnato a operatori del settore turistico e agroalimentare impegnati in un percorso di qualit\u00e0 e sostenibilit\u00e0. I soggetti identificati con il Marchio Parco\u00ae <strong>valorizzano il territorio dell\u2019area protetta<\/strong> e dell<strong>\u2019area contigua<\/strong>, incentivando lo <strong>sviluppo ed il potenziamento del sistema agricolo\/produttivo<\/strong>.<\/h4>\n<p>&#13;<\/p>\n<p>.<\/p>\n<hr class=\"wp-block-separator is-style-default\" \/>\n<p><p>.<\/p>\n<p>&#13;<\/p>\n<h2 class=\"wp-block-heading\">Regolamento<\/h2>\n<p>&#13;<\/p>\n<p>L\u2019Ente Parco Regionale della Maremma ha stabilito un <strong>regolamento generale e specifici disciplinari per la concessione del Marchio del Parco\u00ae <\/strong>ad operatori di tutte le attivit\u00e0 economiche rilevanti per l\u2019economia locale, a cominciare dalle attivit\u00e0 della filiera turistica, di quella agro-silvo-pastorale e di quella artigianale e commerciale.&#13;<\/p>\n<p>Nell\u2019ambito del territorio di riferimento l\u2019Ente Parco Regionale della Maremma intende distinguere, attraverso il riconoscimento di<strong> tre differenti espressioni del marchio<\/strong>, l\u2019appartenenza del beneficiario ad una delle tre seguenti categorie:&#13;<\/p>\n<p>.<\/p>\n<div class=\"wp-block-media-text alignwide is-stacked-on-mobile\" style=\"grid-template-columns: 21% auto;\">\n<figure class=\"wp-block-media-text__media\"><img loading=\"lazy\" decoding=\"async\" width=\"392\" height=\"389\" class=\"wp-image-7584 size-full\" src=\"https:\/\/parco-maremma.it\/wp-content\/uploads\/2021\/06\/MARCHIO-QUALITO\u0308-AGRO-BIO-1.jpg\" alt=\"\" srcset=\"https:\/\/parco-maremma.it\/wp-content\/uploads\/2021\/06\/MARCHIO-QUALITO\u0308-AGRO-BIO-1.jpg 392w, https:\/\/parco-maremma.it\/wp-content\/uploads\/2021\/06\/MARCHIO-QUALITO\u0308-AGRO-BIO-1-300x298.jpg 300w, https:\/\/parco-maremma.it\/wp-content\/uploads\/2021\/06\/MARCHIO-QUALITO\u0308-AGRO-BIO-1-150x150.jpg 150w\" sizes=\"auto, (max-width: 392px) 100vw, 392px\" \/><\/figure>\n<div class=\"wp-block-media-text__content\">\n<p>\u201c<strong>QUALIT\u00c0 AGRO BIO<\/strong>\u201d per prodotti biologici sia di origine vegetale che animale realizzati in conformit\u00e0 con quanto previsto dal Reg. (CE) n\u00ba 834\/200&#13;\n<\/div>\n<\/div>\n<p><p>.<\/p>\n<div class=\"wp-block-media-text alignwide is-stacked-on-mobile\" style=\"grid-template-columns: 21% auto;\">\n<figure class=\"wp-block-media-text__media\"><img loading=\"lazy\" decoding=\"async\" width=\"392\" height=\"389\" class=\"wp-image-7587 size-full\" src=\"https:\/\/parco-maremma.it\/wp-content\/uploads\/2021\/06\/MARCHIO-QUALITO\u0308-AGRO-1.jpg\" alt=\"\" srcset=\"https:\/\/parco-maremma.it\/wp-content\/uploads\/2021\/06\/MARCHIO-QUALITO\u0308-AGRO-1.jpg 392w, https:\/\/parco-maremma.it\/wp-content\/uploads\/2021\/06\/MARCHIO-QUALITO\u0308-AGRO-1-300x298.jpg 300w, https:\/\/parco-maremma.it\/wp-content\/uploads\/2021\/06\/MARCHIO-QUALITO\u0308-AGRO-1-150x150.jpg 150w\" sizes=\"auto, (max-width: 392px) 100vw, 392px\" \/><\/figure>\n<div class=\"wp-block-media-text__content\">\n<p>\u201c<strong>QUALIT\u00c0 AGRO<\/strong>\u201d per prodotti sia di origine vegetale che animale non realizzati in conformit\u00e0 con quanto previsto dal Reg. (CE) n\u00ba 834\/2007;&#13;\n<\/div>\n<\/div>\n<p><p>.<\/p>\n<div class=\"wp-block-media-text alignwide is-stacked-on-mobile\" style=\"grid-template-columns: 21% auto;\">\n<figure class=\"wp-block-media-text__media\"><img loading=\"lazy\" decoding=\"async\" width=\"392\" height=\"389\" class=\"wp-image-7589 size-full\" src=\"https:\/\/parco-maremma.it\/wp-content\/uploads\/2021\/06\/MARCHIO-QUALITO\u0308-SERVIZI-1.jpg\" alt=\"\" srcset=\"https:\/\/parco-maremma.it\/wp-content\/uploads\/2021\/06\/MARCHIO-QUALITO\u0308-SERVIZI-1.jpg 392w, https:\/\/parco-maremma.it\/wp-content\/uploads\/2021\/06\/MARCHIO-QUALITO\u0308-SERVIZI-1-300x298.jpg 300w, https:\/\/parco-maremma.it\/wp-content\/uploads\/2021\/06\/MARCHIO-QUALITO\u0308-SERVIZI-1-150x150.jpg 150w\" sizes=\"auto, (max-width: 392px) 100vw, 392px\" \/><\/figure>\n<div class=\"wp-block-media-text__content\">\n<p>\u201c<strong>QUALIT\u00c0 SERVIZI<\/strong>\u201d per attivit\u00e0 inerenti il turismo, l\u2019artigianato, il commercio e la fruizione ambientale.&#13;\n<\/div>\n<\/div>\n<p><p>.<\/p>\n<hr class=\"wp-block-separator is-style-default\" \/>\n<p><p>.<\/p>\n<p>&#13;<\/p>\n<h2 class=\"wp-block-heading\">Chi pu\u00f2 ottenerlo?<\/h2>\n<p>&#13;<\/p>\n<p>Tutti i produttori o imprese turistiche locali, dopo una verifica dei requisiti richiesti, che appartengono al settore agro-alimentare e al settore ricettivo\/turistico. Gli operatori devono avere l&#8217;attivit\u00e0 all&#8217;interno dell&#8217;area protetta o nelle zone limitrofe.&#13;<\/p>\n<p>.<\/p>\n<p>&#13;<\/p>\n<p class=\"wm_gutenberg_default_btn\"><a href=\"http:\/\/parco-maremma.it\/cosa-facciamo\/marchio-parco\/ottenere-attribuzione-del-marchio-parco\/\">Ottieni l&#8217;attribuzione del Marchio Parco<\/a><\/p>\n<p>&#13;<\/p>\n<p>.<\/p>\n<p>&#13;<\/p>\n<p class=\"wm_gutenberg_default_btn\"><a href=\"http:\/\/parco-maremma.it\/cosa-facciamo\/marchio-parco\/rinnovare-attribuzione-del-marchio-parco\/\">Rinnova l&#8217;attribuzione del Marchio Parco<\/a><\/p>\n<p>&#13;<\/p>\n<p>.<\/p>\n<hr class=\"wp-block-separator is-style-default\" \/>\n<p><p>.<\/p>\n<p>&#13;<\/p>\n<h2 class=\"wp-block-heading\">Deposito presso il Ministero dello Sviluppo Economico<\/h2>\n<p>&#13;<\/p>\n<p>.<\/p>\n<p>&#13;<\/p>\n<h5 class=\"wp-block-heading\">Il Marchio Collettivo di Qualit\u00e0 dell&#8217;Ente Parco \u00e8 depositato presso il\u00a0<a href=\"https:\/\/uibm.mise.gov.it\/index.php\/it\/component\/organigram\/?view=structure&amp;id=11\" target=\"_blank\" rel=\"noreferrer noopener\">Ministero dello Sviluppo Economico &#8211; Direzione generale per la Tutela della Propiet\u00e0 Industriale (DGLC) &#8211; Ufficio Italiano Brevetti e Marchi (UIBM)<\/a><\/h5>\n<p>&#13;<\/p>\n<p>\u00c8 quindi tutelato dalla\u00a0<a href=\"https:\/\/uibm.mise.gov.it\/index.php\/it\/normativa-pi\" target=\"_blank\" rel=\"noreferrer noopener\"><strong>normativa vigente<\/strong><\/a>, prevista in particolare dal Codice della Propriet\u00e0 industriale.&#13;<\/p>\n<p>Con l&#8217;entrata in vigore del\u00a0<a href=\"http:\/\/www.normattiva.it\/uri-res\/N2Ls?urn:nir:stato:decreto.legislativo:2019-02-20;15!vig=2020-03-09\" target=\"_blank\" rel=\"noreferrer noopener\">DLgs 15\/2019<\/a>\u00a0in attuazione della direttiva (UE) 2015\/2436 del Parlamento europeo e del Consiglio, del 16 dicembre 2015, sul ravvicinamento delle legislazioni degli Stati membri in materia di marchi d&#8217;impresa nonche&#8217; per l&#8217;adeguamento della normativa nazionale alle disposizioni del regolamento (UE) 2015\/2424 del Parlamento europeo e del Consiglio, del 16 dicembre 2015, recante modifica al regolamento sul marchio comunitario, l&#8217;Ente Parco ha provveduto al nuovo deposito che va a sostituire quello effettuato nel 2016. Nel dettaglio i dati identificativi della nuova registrazione dei tre Marchi di propiet\u00e0:&#13;<\/p>\n<p>.<\/p>\n<p>&#13;<\/p>\n<figure class=\"wp-block-table\">&#13;<\/p>\n<table>&#13;<\/p>\n<tbody>&#13;<\/p>\n<tr>&#13;<\/p>\n<td><strong>PROPRIETARIO<\/strong><\/td>\n<p>&#13;<\/p>\n<td><strong>DEFINIZIONE<\/strong><\/td>\n<p>&#13;<\/p>\n<td><strong>IDENTIFICATIVO<\/strong><\/td>\n<p>&#13;<\/p>\n<td><strong>DATA DEPOSITO<\/strong><\/td>\n<p>&#13;<br \/>\n<\/tr>\n<p>&#13;<\/p>\n<tr>&#13;<\/p>\n<td>Ente Parco regionale della Maremma (100%)<\/td>\n<p>&#13;<\/p>\n<td>Marchio di Qualit\u00e0 AGRO BIO<\/td>\n<p>&#13;<\/p>\n<td>302020000020212<\/td>\n<p>&#13;<\/p>\n<td>04.03.2020<\/td>\n<p>&#13;<br \/>\n<\/tr>\n<p>&#13;<\/p>\n<tr>&#13;<\/p>\n<td>Ente Parco regionale della Maremma (100%)<\/td>\n<p>&#13;<\/p>\n<td>Marchio di Qualit\u00e0 AGRO<\/td>\n<p>&#13;<\/p>\n<td>302020000020263<\/td>\n<p>&#13;<\/p>\n<td>04.03.2020<\/td>\n<p>&#13;<br \/>\n<\/tr>\n<p>&#13;<\/p>\n<tr>&#13;<\/p>\n<td>Ente Parco regionale della Maremma (100%)<\/td>\n<p>&#13;<\/p>\n<td>Marchio di Qualit\u00e0 SERVIZI<\/td>\n<p>&#13;<\/p>\n<td>302020000020278<\/td>\n<p>&#13;<\/p>\n<td>04.03.2020<\/td>\n<p>&#13;<br \/>\n<\/tr>\n<p>&#13;<br \/>\n<\/tbody>\n<p>&#13;<br \/>\n<\/table>\n<p>&#13;<br \/>\n<\/figure>\n<p>&#13;<\/p>\n<p>Il deposito ha validit\u00e0 di anni 10, per i quali si estende la tutela giuridica relativa all&#8217;immagine grafica depositata, trattandosi di marchio figurativo, unitamente al Regolamento d&#8217;uso e ai singoli disciplinari dei diversi settori merceologici.&#13;<\/p>\n<\/div><\/div><\/div><\/div><\/div><\/div><\/div><\/section><section class=\"l-section wpb_row height_small\"><div class=\"l-section-h i-cf\"><div class=\"g-cols vc_row via_flex valign_top type_default stacking_default\"><div class=\"vc_col-sm-12 wpb_column vc_column_container\"><div class=\"vc_column-inner\"><div class=\"wpb_wrapper\"><div class=\"w-btn-wrapper align_center\"><a class=\"w-btn us-btn-style_1\" target=\"_blank\" href=\"https:\/\/parco-maremma.it\/wp-content\/uploads\/2023\/07\/REGISTRO-DEL-MARCHIO-7lug2023.pdf\"><span class=\"w-btn-label\">REGISTRO UFFICIALE DEL MARCHIO<\/span><\/a><\/div><\/div><\/div><\/div><\/div><\/div><\/section>.<\/p>\n","protected":false},"excerpt":{"rendered":"<p>..<\/p>\n","protected":false},"author":12,"featured_media":7086,"parent":23589,"menu_order":0,"comment_status":"closed","ping_status":"closed","template":"","meta":{"_uag_custom_page_level_css":"","footnotes":""},"class_list":["post-23613","page","type-page","status-publish","has-post-thumbnail","hentry"],"acf":[],"yoast_head":"<!-- This site is optimized with the Yoast SEO plugin v25.5 - https:\/\/yoast.com\/wordpress\/plugins\/seo\/ -->\n<title>Il Marchio Parco | Parco Regionale della Maremma<\/title>\n<meta name=\"description\" content=\"Il Marchio del Parco\u00ae \u00e8 un marchio collettivo di qualit\u00e0 che viene assegnato a operatori del settore turistico e agroalimentare impegnati in un percorso di qualit\u00e0 e sostenibilit\u00e0\" \/>\n<meta name=\"robots\" content=\"index, follow, max-snippet:-1, max-image-preview:large, max-video-preview:-1\" \/>\n<link rel=\"canonical\" href=\"https:\/\/parco-maremma.it\/en\/activity\/parco-brand\/\" \/>\n<meta property=\"og:locale\" content=\"en_US\" \/>\n<meta property=\"og:type\" content=\"article\" \/>\n<meta property=\"og:title\" content=\"Il Marchio Parco | Parco Regionale della Maremma\" \/>\n<meta property=\"og:description\" content=\"Il Marchio del Parco\u00ae \u00e8 un marchio collettivo di qualit\u00e0 che viene assegnato a operatori del settore turistico e agroalimentare impegnati in un percorso di qualit\u00e0 e sostenibilit\u00e0\" \/>\n<meta property=\"og:url\" content=\"https:\/\/parco-maremma.it\/en\/activity\/parco-brand\/\" \/>\n<meta property=\"og:site_name\" content=\"Parco Maremma\" \/>\n<meta property=\"article:publisher\" content=\"https:\/\/www.facebook.com\/parcodellamaremma\" \/>\n<meta property=\"og:image\" content=\"https:\/\/parco-maremma.it\/wp-content\/uploads\/2021\/06\/maja-petric-vGQ49l9I4EE-unsplash.jpg\" \/>\n\t<meta property=\"og:image:width\" content=\"1920\" \/>\n\t<meta property=\"og:image:height\" content=\"1280\" \/>\n\t<meta property=\"og:image:type\" content=\"image\/jpeg\" \/>\n<meta name=\"twitter:card\" content=\"summary_large_image\" \/>\n<meta name=\"twitter:label1\" content=\"Est. reading time\" \/>\n\t<meta name=\"twitter:data1\" content=\"3 minutes\" \/>\n<script type=\"application\/ld+json\" class=\"yoast-schema-graph\">{\"@context\":\"https:\/\/schema.org\",\"@graph\":[{\"@type\":\"WebPage\",\"@id\":\"https:\/\/parco-maremma.it\/en\/activity\/parco-brand\/\",\"url\":\"https:\/\/parco-maremma.it\/en\/activity\/parco-brand\/\",\"name\":\"Il Marchio Parco | Parco Regionale della Maremma\",\"isPartOf\":{\"@id\":\"https:\/\/parco-maremma.it\/#website\"},\"primaryImageOfPage\":{\"@id\":\"https:\/\/parco-maremma.it\/en\/activity\/parco-brand\/#primaryimage\"},\"image\":{\"@id\":\"https:\/\/parco-maremma.it\/en\/activity\/parco-brand\/#primaryimage\"},\"thumbnailUrl\":\"https:\/\/parco-maremma.it\/wp-content\/uploads\/2021\/06\/maja-petric-vGQ49l9I4EE-unsplash.jpg\",\"datePublished\":\"2023-12-17T15:48:46+00:00\",\"description\":\"Il Marchio del Parco\u00ae \u00e8 un marchio collettivo di qualit\u00e0 che viene assegnato a operatori del settore turistico e agroalimentare impegnati in un percorso di qualit\u00e0 e sostenibilit\u00e0\",\"breadcrumb\":{\"@id\":\"https:\/\/parco-maremma.it\/en\/activity\/parco-brand\/#breadcrumb\"},\"inLanguage\":\"en-US\",\"potentialAction\":[{\"@type\":\"ReadAction\",\"target\":[\"https:\/\/parco-maremma.it\/en\/activity\/parco-brand\/\"]}]},{\"@type\":\"ImageObject\",\"inLanguage\":\"en-US\",\"@id\":\"https:\/\/parco-maremma.it\/en\/activity\/parco-brand\/#primaryimage\",\"url\":\"https:\/\/parco-maremma.it\/wp-content\/uploads\/2021\/06\/maja-petric-vGQ49l9I4EE-unsplash.jpg\",\"contentUrl\":\"https:\/\/parco-maremma.it\/wp-content\/uploads\/2021\/06\/maja-petric-vGQ49l9I4EE-unsplash.jpg\",\"width\":1920,\"height\":1280},{\"@type\":\"BreadcrumbList\",\"@id\":\"https:\/\/parco-maremma.it\/en\/activity\/parco-brand\/#breadcrumb\",\"itemListElement\":[{\"@type\":\"ListItem\",\"position\":1,\"name\":\"Home\",\"item\":\"https:\/\/parco-maremma.it\/en\/home\/\"},{\"@type\":\"ListItem\",\"position\":2,\"name\":\"Activity\",\"item\":\"https:\/\/parco-maremma.it\/en\/activity\/\"},{\"@type\":\"ListItem\",\"position\":3,\"name\":\"Parco Brand\u00ae\"}]},{\"@type\":\"WebSite\",\"@id\":\"https:\/\/parco-maremma.it\/#website\",\"url\":\"https:\/\/parco-maremma.it\/\",\"name\":\"Parco Maremma\",\"description\":\"Sito ufficiale del Parco Regionale della Maremma\",\"publisher\":{\"@id\":\"https:\/\/parco-maremma.it\/#organization\"},\"potentialAction\":[{\"@type\":\"SearchAction\",\"target\":{\"@type\":\"EntryPoint\",\"urlTemplate\":\"https:\/\/parco-maremma.it\/?s={search_term_string}\"},\"query-input\":{\"@type\":\"PropertyValueSpecification\",\"valueRequired\":true,\"valueName\":\"search_term_string\"}}],\"inLanguage\":\"en-US\"},{\"@type\":\"Organization\",\"@id\":\"https:\/\/parco-maremma.it\/#organization\",\"name\":\"Parco Maremma\",\"url\":\"https:\/\/parco-maremma.it\/\",\"logo\":{\"@type\":\"ImageObject\",\"inLanguage\":\"en-US\",\"@id\":\"https:\/\/parco-maremma.it\/#\/schema\/logo\/image\/\",\"url\":\"https:\/\/parco-maremma.it\/wp-content\/uploads\/2023\/12\/Logo-sito.png\",\"contentUrl\":\"https:\/\/parco-maremma.it\/wp-content\/uploads\/2023\/12\/Logo-sito.png\",\"width\":1000,\"height\":1000,\"caption\":\"Parco Maremma\"},\"image\":{\"@id\":\"https:\/\/parco-maremma.it\/#\/schema\/logo\/image\/\"},\"sameAs\":[\"https:\/\/www.facebook.com\/parcodellamaremma\",\"https:\/\/www.instagram.com\/parcomaremma\"]}]}<\/script>\n<!-- \/ Yoast SEO plugin. -->","yoast_head_json":{"title":"Il Marchio Parco | Parco Regionale della Maremma","description":"Il Marchio del Parco\u00ae \u00e8 un marchio collettivo di qualit\u00e0 che viene assegnato a operatori del settore turistico e agroalimentare impegnati in un percorso di qualit\u00e0 e sostenibilit\u00e0","robots":{"index":"index","follow":"follow","max-snippet":"max-snippet:-1","max-image-preview":"max-image-preview:large","max-video-preview":"max-video-preview:-1"},"canonical":"https:\/\/parco-maremma.it\/en\/activity\/parco-brand\/","og_locale":"en_US","og_type":"article","og_title":"Il Marchio Parco | Parco Regionale della Maremma","og_description":"Il Marchio del Parco\u00ae \u00e8 un marchio collettivo di qualit\u00e0 che viene assegnato a operatori del settore turistico e agroalimentare impegnati in un percorso di qualit\u00e0 e sostenibilit\u00e0","og_url":"https:\/\/parco-maremma.it\/en\/activity\/parco-brand\/","og_site_name":"Parco Maremma","article_publisher":"https:\/\/www.facebook.com\/parcodellamaremma","og_image":[{"width":1920,"height":1280,"url":"https:\/\/parco-maremma.it\/wp-content\/uploads\/2021\/06\/maja-petric-vGQ49l9I4EE-unsplash.jpg","type":"image\/jpeg"}],"twitter_card":"summary_large_image","twitter_misc":{"Est. reading time":"3 minutes"},"schema":{"@context":"https:\/\/schema.org","@graph":[{"@type":"WebPage","@id":"https:\/\/parco-maremma.it\/en\/activity\/parco-brand\/","url":"https:\/\/parco-maremma.it\/en\/activity\/parco-brand\/","name":"Il Marchio Parco | Parco Regionale della Maremma","isPartOf":{"@id":"https:\/\/parco-maremma.it\/#website"},"primaryImageOfPage":{"@id":"https:\/\/parco-maremma.it\/en\/activity\/parco-brand\/#primaryimage"},"image":{"@id":"https:\/\/parco-maremma.it\/en\/activity\/parco-brand\/#primaryimage"},"thumbnailUrl":"https:\/\/parco-maremma.it\/wp-content\/uploads\/2021\/06\/maja-petric-vGQ49l9I4EE-unsplash.jpg","datePublished":"2023-12-17T15:48:46+00:00","description":"Il Marchio del Parco\u00ae \u00e8 un marchio collettivo di qualit\u00e0 che viene assegnato a operatori del settore turistico e agroalimentare impegnati in un percorso di qualit\u00e0 e sostenibilit\u00e0","breadcrumb":{"@id":"https:\/\/parco-maremma.it\/en\/activity\/parco-brand\/#breadcrumb"},"inLanguage":"en-US","potentialAction":[{"@type":"ReadAction","target":["https:\/\/parco-maremma.it\/en\/activity\/parco-brand\/"]}]},{"@type":"ImageObject","inLanguage":"en-US","@id":"https:\/\/parco-maremma.it\/en\/activity\/parco-brand\/#primaryimage","url":"https:\/\/parco-maremma.it\/wp-content\/uploads\/2021\/06\/maja-petric-vGQ49l9I4EE-unsplash.jpg","contentUrl":"https:\/\/parco-maremma.it\/wp-content\/uploads\/2021\/06\/maja-petric-vGQ49l9I4EE-unsplash.jpg","width":1920,"height":1280},{"@type":"BreadcrumbList","@id":"https:\/\/parco-maremma.it\/en\/activity\/parco-brand\/#breadcrumb","itemListElement":[{"@type":"ListItem","position":1,"name":"Home","item":"https:\/\/parco-maremma.it\/en\/home\/"},{"@type":"ListItem","position":2,"name":"Activity","item":"https:\/\/parco-maremma.it\/en\/activity\/"},{"@type":"ListItem","position":3,"name":"Parco Brand\u00ae"}]},{"@type":"WebSite","@id":"https:\/\/parco-maremma.it\/#website","url":"https:\/\/parco-maremma.it\/","name":"Parco Maremma","description":"Sito ufficiale del Parco Regionale della Maremma","publisher":{"@id":"https:\/\/parco-maremma.it\/#organization"},"potentialAction":[{"@type":"SearchAction","target":{"@type":"EntryPoint","urlTemplate":"https:\/\/parco-maremma.it\/?s={search_term_string}"},"query-input":{"@type":"PropertyValueSpecification","valueRequired":true,"valueName":"search_term_string"}}],"inLanguage":"en-US"},{"@type":"Organization","@id":"https:\/\/parco-maremma.it\/#organization","name":"Parco Maremma","url":"https:\/\/parco-maremma.it\/","logo":{"@type":"ImageObject","inLanguage":"en-US","@id":"https:\/\/parco-maremma.it\/#\/schema\/logo\/image\/","url":"https:\/\/parco-maremma.it\/wp-content\/uploads\/2023\/12\/Logo-sito.png","contentUrl":"https:\/\/parco-maremma.it\/wp-content\/uploads\/2023\/12\/Logo-sito.png","width":1000,"height":1000,"caption":"Parco Maremma"},"image":{"@id":"https:\/\/parco-maremma.it\/#\/schema\/logo\/image\/"},"sameAs":["https:\/\/www.facebook.com\/parcodellamaremma","https:\/\/www.instagram.com\/parcomaremma"]}]}},"uagb_featured_image_src":{"full":["https:\/\/parco-maremma.it\/wp-content\/uploads\/2021\/06\/maja-petric-vGQ49l9I4EE-unsplash.jpg",1920,1280,false],"thumbnail":["https:\/\/parco-maremma.it\/wp-content\/uploads\/2021\/06\/maja-petric-vGQ49l9I4EE-unsplash-150x150.jpg",150,150,true],"medium":["https:\/\/parco-maremma.it\/wp-content\/uploads\/2021\/06\/maja-petric-vGQ49l9I4EE-unsplash-300x200.jpg",300,200,true],"large":["https:\/\/parco-maremma.it\/wp-content\/uploads\/2021\/06\/maja-petric-vGQ49l9I4EE-unsplash-1024x683.jpg",1024,683,true],"us_400_200_crop":["https:\/\/parco-maremma.it\/wp-content\/uploads\/2021\/06\/maja-petric-vGQ49l9I4EE-unsplash-400x200.jpg",400,200,true],"us_600_400_crop":["https:\/\/parco-maremma.it\/wp-content\/uploads\/2021\/06\/maja-petric-vGQ49l9I4EE-unsplash-600x400.jpg",600,400,true],"us_1440_500_crop":["https:\/\/parco-maremma.it\/wp-content\/uploads\/2021\/06\/maja-petric-vGQ49l9I4EE-unsplash-1440x500.jpg",1440,500,true]},"uagb_author_info":{"display_name":"Webmapp","author_link":"https:\/\/parco-maremma.it\/en\/author\/webmapp\/"},"uagb_comment_info":0,"uagb_excerpt":"..","_links":{"self":[{"href":"https:\/\/parco-maremma.it\/en\/wp-json\/wp\/v2\/pages\/23613","targetHints":{"allow":["GET"]}}],"collection":[{"href":"https:\/\/parco-maremma.it\/en\/wp-json\/wp\/v2\/pages"}],"about":[{"href":"https:\/\/parco-maremma.it\/en\/wp-json\/wp\/v2\/types\/page"}],"author":[{"embeddable":true,"href":"https:\/\/parco-maremma.it\/en\/wp-json\/wp\/v2\/users\/12"}],"replies":[{"embeddable":true,"href":"https:\/\/parco-maremma.it\/en\/wp-json\/wp\/v2\/comments?post=23613"}],"version-history":[{"count":1,"href":"https:\/\/parco-maremma.it\/en\/wp-json\/wp\/v2\/pages\/23613\/revisions"}],"predecessor-version":[{"id":23614,"href":"https:\/\/parco-maremma.it\/en\/wp-json\/wp\/v2\/pages\/23613\/revisions\/23614"}],"up":[{"embeddable":true,"href":"https:\/\/parco-maremma.it\/en\/wp-json\/wp\/v2\/pages\/23589"}],"wp:featuredmedia":[{"embeddable":true,"href":"https:\/\/parco-maremma.it\/en\/wp-json\/wp\/v2\/media\/7086"}],"wp:attachment":[{"href":"https:\/\/parco-maremma.it\/en\/wp-json\/wp\/v2\/media?parent=23613"}],"curies":[{"name":"wp","href":"https:\/\/api.w.org\/{rel}","templated":true}]}}