{"id":20112,"date":"2023-05-29T06:50:20","date_gmt":"2023-05-29T06:50:20","guid":{"rendered":"http:\/\/parco-maremma.it\/?page_id=20112"},"modified":"2023-05-29T11:40:42","modified_gmt":"2023-05-29T11:40:42","slug":"avviso-di-dismissione-autocarro-cassonato-con-gru","status":"publish","type":"page","link":"https:\/\/parco-maremma.it\/en\/avviso-di-dismissione-autocarro-cassonato-con-gru\/","title":{"rendered":"AVVISO di DISMISSIONE AUTOCARRO CASSONATO con GRU"},"content":{"rendered":"\n<p>L\u2019Ente Parco Regionale della Maremma rende noto che \u00e8 stata disposta la dismissione di un veicolo di propriet\u00e0 non pi\u00f9 in grado di essere adeguatamente utilizzato nell\u2019attivit\u00e0 amministrativa dell\u2019Ente, nello stato di fatto e di diritto in cui si trova.<\/p>\n\n\n\n<p>Chiunque fosse interessato ad instaurare una trattativa privata con l\u2019Ente Parco, finalizzata all\u2019eventuale acquisto del bene, potr\u00e0 far pervenire al protocollo dell\u2019ente&nbsp;<strong>entro e non oltre le ore 10.00 del giorno 29 maggio 2023<\/strong>&nbsp;una propria dichiarazione di manifestazione d\u2019interesse all\u2019instaurazione di una trattativa privata, corredata dell\u2019offerta proposta della documentazione richiesta.<\/p>\n\n\n\n<p>La manifestazione d\u2019interesse da presentarsi in<strong>&nbsp;busta chiusa<\/strong>&nbsp;, idoneamente sigillata o controfirmata sui lembi di chiusura, contrassegnata dalla seguente dicitura:&nbsp;<strong>\u201cContiene manifestazione d\u2019interesse all\u2019acquisto di autocarro con gru\u201d&nbsp;<\/strong>e dovr\u00e0 contenere<strong>&nbsp;uno dei modelli allegati al presente avviso<\/strong>, a seconda che l\u2019offerente sia una persona fisica (allegato&nbsp;<strong>B1<\/strong>) un societ\u00e0 (<strong>allegato B2<\/strong>) od una associazione o altro ente pubblico (<strong>allegato B3<\/strong>). I moduli sono compilabili e poi scaricabili per la firma.<\/p>\n\n\n\n<p><strong>Dovr\u00e0, inoltre, essere allegata una copia di un documento di riconoscimento fronte\/retro del richiedente<\/strong>.<\/p>\n\n\n\n<p>Si precisa che in caso di pluralit\u00e0 di interessati l\u2019Ente Parco aliener\u00e0 il bene sopra indicato alla&nbsp;<strong>migliore offerta pervenuta<\/strong>, che sia almeno pari o superiore a quello fissato dall\u2019 avviso. Si proceder\u00e0 alla vendita dei beni anche in presenza di una sola offerta e in caso di una pluralit\u00e0 di offerte uguali si proceder\u00e0 mediante sorteggio.<\/p>\n\n\n\n<p>L\u2019apertura delle buste sar\u00e0 effettuata dal Direttore del Parco, o suo delegato, alla presenza di due dipendenti testimoni&nbsp;<strong>il giorno 29 maggio 2023 alle ore 12.00<\/strong>&nbsp;presso la sede dell\u2019Ente in Alberese&nbsp; (GR), via del Bersagliere 7\/9. La seduta di apertura delle buste \u00e8 pubblica.<\/p>\n\n\n\n<ul class=\"wp-block-list\"><li><a href=\"http:\/\/parco-maremma.it\/wp-content\/uploads\/2023\/05\/4.-AUTOCARRO-avviso-dasta.pdf\" target=\"_blank\" rel=\"noreferrer noopener\">AVVISO di alienazione<\/a><\/li><li><a href=\"http:\/\/parco-maremma.it\/wp-content\/uploads\/2023\/05\/autocarro-avviso-Modello-B1.pdf\" target=\"_blank\" rel=\"noreferrer noopener\">Allegato B1 (persone fisiche)<\/a><\/li><li><a href=\"http:\/\/parco-maremma.it\/wp-content\/uploads\/2023\/05\/autocarro-Modello-B2.pdf\" target=\"_blank\" rel=\"noreferrer noopener\">Allegato B2 (societ\u00e0)<\/a><\/li><li><a href=\"http:\/\/parco-maremma.it\/wp-content\/uploads\/2023\/05\/autocarro-Modello-B3.pdf\" target=\"_blank\" rel=\"noreferrer noopener\">Allegato B3 (associazioni o enti pubblici)<\/a><\/li><\/ul>\n\n\n\n<hr class=\"wp-block-separator\"\/>\n\n\n\n<p><a href=\"http:\/\/parco-maremma.it\/wp-content\/uploads\/2023\/05\/Verbale-29mag2023-apertura-buste-AUTOCARRO-FIRMATO.pdf\" target=\"_blank\" rel=\"noreferrer noopener\">Verbale di apertura delle buste in data 29.05.2023<\/a><\/p>\n\n\n\n<hr class=\"wp-block-separator\"\/>\n","protected":false},"excerpt":{"rendered":"<p>L\u2019Ente Parco Regionale della Maremma rende noto che \u00e8 stata disposta la dismissione di un veicolo di propriet\u00e0 non pi\u00f9 in grado di essere adeguatamente utilizzato nell\u2019attivit\u00e0 amministrativa dell\u2019Ente, nello&#8230;<\/p>\n","protected":false},"author":9,"featured_media":0,"parent":0,"menu_order":0,"comment_status":"closed","ping_status":"closed","template":"","meta":{"_uag_custom_page_level_css":"","footnotes":""},"class_list":["post-20112","page","type-page","status-publish","hentry"],"acf":[],"yoast_head":"<!-- This site is optimized with the Yoast SEO plugin v25.5 - https:\/\/yoast.com\/wordpress\/plugins\/seo\/ -->\n<title>AVVISO di DISMISSIONE AUTOCARRO CASSONATO con GRU - Parco Maremma<\/title>\n<meta name=\"robots\" content=\"index, follow, max-snippet:-1, max-image-preview:large, max-video-preview:-1\" \/>\n<link rel=\"canonical\" href=\"https:\/\/parco-maremma.it\/avviso-di-dismissione-autocarro-cassonato-con-gru\/\" \/>\n<meta property=\"og:locale\" content=\"en_US\" \/>\n<meta property=\"og:type\" content=\"article\" \/>\n<meta property=\"og:title\" content=\"AVVISO di DISMISSIONE AUTOCARRO CASSONATO con GRU - Parco Maremma\" \/>\n<meta property=\"og:description\" content=\"L\u2019Ente Parco Regionale della Maremma rende noto che \u00e8 stata disposta la dismissione di un veicolo di propriet\u00e0 non pi\u00f9 in grado di essere adeguatamente utilizzato nell\u2019attivit\u00e0 amministrativa dell\u2019Ente, nello...\" \/>\n<meta property=\"og:url\" content=\"https:\/\/parco-maremma.it\/avviso-di-dismissione-autocarro-cassonato-con-gru\/\" \/>\n<meta property=\"og:site_name\" content=\"Parco Maremma\" \/>\n<meta property=\"article:publisher\" content=\"https:\/\/www.facebook.com\/parcodellamaremma\" \/>\n<meta property=\"article:modified_time\" content=\"2023-05-29T11:40:42+00:00\" \/>\n<meta property=\"og:image\" content=\"https:\/\/parco-maremma.it\/wp-content\/uploads\/2023\/12\/Logo-sito.png\" \/>\n\t<meta property=\"og:image:width\" content=\"1000\" \/>\n\t<meta property=\"og:image:height\" content=\"1000\" \/>\n\t<meta property=\"og:image:type\" content=\"image\/png\" \/>\n<meta name=\"twitter:card\" content=\"summary_large_image\" \/>\n<meta name=\"twitter:label1\" content=\"Est. reading time\" \/>\n\t<meta name=\"twitter:data1\" content=\"2 minutes\" \/>\n<script type=\"application\/ld+json\" class=\"yoast-schema-graph\">{\"@context\":\"https:\/\/schema.org\",\"@graph\":[{\"@type\":\"WebPage\",\"@id\":\"https:\/\/parco-maremma.it\/avviso-di-dismissione-autocarro-cassonato-con-gru\/\",\"url\":\"https:\/\/parco-maremma.it\/avviso-di-dismissione-autocarro-cassonato-con-gru\/\",\"name\":\"AVVISO di DISMISSIONE AUTOCARRO CASSONATO con GRU - Parco Maremma\",\"isPartOf\":{\"@id\":\"https:\/\/parco-maremma.it\/#website\"},\"datePublished\":\"2023-05-29T06:50:20+00:00\",\"dateModified\":\"2023-05-29T11:40:42+00:00\",\"breadcrumb\":{\"@id\":\"https:\/\/parco-maremma.it\/avviso-di-dismissione-autocarro-cassonato-con-gru\/#breadcrumb\"},\"inLanguage\":\"en-US\",\"potentialAction\":[{\"@type\":\"ReadAction\",\"target\":[\"https:\/\/parco-maremma.it\/avviso-di-dismissione-autocarro-cassonato-con-gru\/\"]}]},{\"@type\":\"BreadcrumbList\",\"@id\":\"https:\/\/parco-maremma.it\/avviso-di-dismissione-autocarro-cassonato-con-gru\/#breadcrumb\",\"itemListElement\":[{\"@type\":\"ListItem\",\"position\":1,\"name\":\"Home\",\"item\":\"https:\/\/parco-maremma.it\/en\/home\/\"},{\"@type\":\"ListItem\",\"position\":2,\"name\":\"AVVISO di DISMISSIONE AUTOCARRO CASSONATO con GRU\"}]},{\"@type\":\"WebSite\",\"@id\":\"https:\/\/parco-maremma.it\/#website\",\"url\":\"https:\/\/parco-maremma.it\/\",\"name\":\"Parco Maremma\",\"description\":\"Sito ufficiale del Parco Regionale della Maremma\",\"publisher\":{\"@id\":\"https:\/\/parco-maremma.it\/#organization\"},\"potentialAction\":[{\"@type\":\"SearchAction\",\"target\":{\"@type\":\"EntryPoint\",\"urlTemplate\":\"https:\/\/parco-maremma.it\/?s={search_term_string}\"},\"query-input\":{\"@type\":\"PropertyValueSpecification\",\"valueRequired\":true,\"valueName\":\"search_term_string\"}}],\"inLanguage\":\"en-US\"},{\"@type\":\"Organization\",\"@id\":\"https:\/\/parco-maremma.it\/#organization\",\"name\":\"Parco Maremma\",\"url\":\"https:\/\/parco-maremma.it\/\",\"logo\":{\"@type\":\"ImageObject\",\"inLanguage\":\"en-US\",\"@id\":\"https:\/\/parco-maremma.it\/#\/schema\/logo\/image\/\",\"url\":\"https:\/\/parco-maremma.it\/wp-content\/uploads\/2023\/12\/Logo-sito.png\",\"contentUrl\":\"https:\/\/parco-maremma.it\/wp-content\/uploads\/2023\/12\/Logo-sito.png\",\"width\":1000,\"height\":1000,\"caption\":\"Parco Maremma\"},\"image\":{\"@id\":\"https:\/\/parco-maremma.it\/#\/schema\/logo\/image\/\"},\"sameAs\":[\"https:\/\/www.facebook.com\/parcodellamaremma\",\"https:\/\/www.instagram.com\/parcomaremma\"]}]}<\/script>\n<!-- \/ Yoast SEO plugin. -->","yoast_head_json":{"title":"AVVISO di DISMISSIONE AUTOCARRO CASSONATO con GRU - Parco Maremma","robots":{"index":"index","follow":"follow","max-snippet":"max-snippet:-1","max-image-preview":"max-image-preview:large","max-video-preview":"max-video-preview:-1"},"canonical":"https:\/\/parco-maremma.it\/avviso-di-dismissione-autocarro-cassonato-con-gru\/","og_locale":"en_US","og_type":"article","og_title":"AVVISO di DISMISSIONE AUTOCARRO CASSONATO con GRU - Parco Maremma","og_description":"L\u2019Ente Parco Regionale della Maremma rende noto che \u00e8 stata disposta la dismissione di un veicolo di propriet\u00e0 non pi\u00f9 in grado di essere adeguatamente utilizzato nell\u2019attivit\u00e0 amministrativa dell\u2019Ente, nello...","og_url":"https:\/\/parco-maremma.it\/avviso-di-dismissione-autocarro-cassonato-con-gru\/","og_site_name":"Parco Maremma","article_publisher":"https:\/\/www.facebook.com\/parcodellamaremma","article_modified_time":"2023-05-29T11:40:42+00:00","og_image":[{"width":1000,"height":1000,"url":"https:\/\/parco-maremma.it\/wp-content\/uploads\/2023\/12\/Logo-sito.png","type":"image\/png"}],"twitter_card":"summary_large_image","twitter_misc":{"Est. reading time":"2 minutes"},"schema":{"@context":"https:\/\/schema.org","@graph":[{"@type":"WebPage","@id":"https:\/\/parco-maremma.it\/avviso-di-dismissione-autocarro-cassonato-con-gru\/","url":"https:\/\/parco-maremma.it\/avviso-di-dismissione-autocarro-cassonato-con-gru\/","name":"AVVISO di DISMISSIONE AUTOCARRO CASSONATO con GRU - Parco Maremma","isPartOf":{"@id":"https:\/\/parco-maremma.it\/#website"},"datePublished":"2023-05-29T06:50:20+00:00","dateModified":"2023-05-29T11:40:42+00:00","breadcrumb":{"@id":"https:\/\/parco-maremma.it\/avviso-di-dismissione-autocarro-cassonato-con-gru\/#breadcrumb"},"inLanguage":"en-US","potentialAction":[{"@type":"ReadAction","target":["https:\/\/parco-maremma.it\/avviso-di-dismissione-autocarro-cassonato-con-gru\/"]}]},{"@type":"BreadcrumbList","@id":"https:\/\/parco-maremma.it\/avviso-di-dismissione-autocarro-cassonato-con-gru\/#breadcrumb","itemListElement":[{"@type":"ListItem","position":1,"name":"Home","item":"https:\/\/parco-maremma.it\/en\/home\/"},{"@type":"ListItem","position":2,"name":"AVVISO di DISMISSIONE AUTOCARRO CASSONATO con GRU"}]},{"@type":"WebSite","@id":"https:\/\/parco-maremma.it\/#website","url":"https:\/\/parco-maremma.it\/","name":"Parco Maremma","description":"Sito ufficiale del Parco Regionale della Maremma","publisher":{"@id":"https:\/\/parco-maremma.it\/#organization"},"potentialAction":[{"@type":"SearchAction","target":{"@type":"EntryPoint","urlTemplate":"https:\/\/parco-maremma.it\/?s={search_term_string}"},"query-input":{"@type":"PropertyValueSpecification","valueRequired":true,"valueName":"search_term_string"}}],"inLanguage":"en-US"},{"@type":"Organization","@id":"https:\/\/parco-maremma.it\/#organization","name":"Parco Maremma","url":"https:\/\/parco-maremma.it\/","logo":{"@type":"ImageObject","inLanguage":"en-US","@id":"https:\/\/parco-maremma.it\/#\/schema\/logo\/image\/","url":"https:\/\/parco-maremma.it\/wp-content\/uploads\/2023\/12\/Logo-sito.png","contentUrl":"https:\/\/parco-maremma.it\/wp-content\/uploads\/2023\/12\/Logo-sito.png","width":1000,"height":1000,"caption":"Parco Maremma"},"image":{"@id":"https:\/\/parco-maremma.it\/#\/schema\/logo\/image\/"},"sameAs":["https:\/\/www.facebook.com\/parcodellamaremma","https:\/\/www.instagram.com\/parcomaremma"]}]}},"uagb_featured_image_src":{"full":false,"thumbnail":false,"medium":false,"large":false,"us_400_200_crop":false,"us_600_400_crop":false,"us_1440_500_crop":false},"uagb_author_info":{"display_name":"lunardi","author_link":"https:\/\/parco-maremma.it\/en\/author\/lunardi\/"},"uagb_comment_info":0,"uagb_excerpt":"L\u2019Ente Parco Regionale della Maremma rende noto che \u00e8 stata disposta la dismissione di un veicolo di propriet\u00e0 non pi\u00f9 in grado di essere adeguatamente utilizzato nell\u2019attivit\u00e0 amministrativa dell\u2019Ente, nello...","_links":{"self":[{"href":"https:\/\/parco-maremma.it\/en\/wp-json\/wp\/v2\/pages\/20112","targetHints":{"allow":["GET"]}}],"collection":[{"href":"https:\/\/parco-maremma.it\/en\/wp-json\/wp\/v2\/pages"}],"about":[{"href":"https:\/\/parco-maremma.it\/en\/wp-json\/wp\/v2\/types\/page"}],"author":[{"embeddable":true,"href":"https:\/\/parco-maremma.it\/en\/wp-json\/wp\/v2\/users\/9"}],"replies":[{"embeddable":true,"href":"https:\/\/parco-maremma.it\/en\/wp-json\/wp\/v2\/comments?post=20112"}],"version-history":[{"count":2,"href":"https:\/\/parco-maremma.it\/en\/wp-json\/wp\/v2\/pages\/20112\/revisions"}],"predecessor-version":[{"id":20143,"href":"https:\/\/parco-maremma.it\/en\/wp-json\/wp\/v2\/pages\/20112\/revisions\/20143"}],"wp:attachment":[{"href":"https:\/\/parco-maremma.it\/en\/wp-json\/wp\/v2\/media?parent=20112"}],"curies":[{"name":"wp","href":"https:\/\/api.w.org\/{rel}","templated":true}]}}