{"id":19134,"date":"2022-12-22T11:00:59","date_gmt":"2022-12-22T11:00:59","guid":{"rendered":"http:\/\/parco-maremma.it\/?page_id=19134"},"modified":"2023-09-27T07:18:20","modified_gmt":"2023-09-27T07:18:20","slug":"avviso-di-mobilita-esterna-ex-articolo-30-d-lgs-30-marzo-2001-n-165-per-la-copertura-di-n-1-posto-di-istruttore-direttivo-tecnico-categoria-d-funzionario-ex-ccnl-16-11-2022-a-tem","status":"publish","type":"page","link":"https:\/\/parco-maremma.it\/en\/amministrazione-trasparente\/bandi-di-concorso\/selezioni-scadute\/avviso-di-mobilita-esterna-ex-articolo-30-d-lgs-30-marzo-2001-n-165-per-la-copertura-di-n-1-posto-di-istruttore-direttivo-tecnico-categoria-d-funzionario-ex-ccnl-16-11-2022-a-tem\/","title":{"rendered":"AVVISO DI MOBILIT\u00c0 ESTERNA EX ARTICOLO 30 D.LGS. 30 MARZO 2001, N.165 PER LA COPERTURA DI N.1 POSTO DI \u201cISTRUTTORE DIRETTIVO TECNICO\u201d CATEGORIA D (FUNZIONARIO ex CCNL 16\/11\/2022) A TEMPO PIENO ED INDETERMINATO"},"content":{"rendered":"\n<p>L\u2019Ente Parco Regionale della Maremma intende procedere alla copertura di n. 1 posto di Istruttore Direttivo Tecnico, Categoria D (Funzionario ex CCNL 16\/11\/2022), tramite mobilit\u00e0 esterna ex articolo 30 D. Lgs. 30 marzo 2001, n.165. L\u2019assegnazione del posto messo a selezione \u00e8 individuata presso il Settore Tecnico dell\u2019Ente la posizione lavorativa si occupa dalle attivit\u00e0 di pianificazione territoriale e gestione del Piano del Parco, del Regolamento e dei Piani di gestione, dei lavori pubblici, manutenzione di opere e strutture del Parco, appalti di forniture e serviz i inerenti le predette attivit\u00e0. <\/p>\n\n\n\n<p>E\u2019 inoltre caratterizzata da:<br>&#8211; conoscenze specialistiche, di natura tecnica e approfondite in relazione alle materie proprie della posizione lavorativa .<br>&#8211; compiti di alto contenuto specialistico professionale di natura tecnica, comportanti attivit\u00e0 di progettazione, interpretazione, elaborazione e applicazione di tecniche, norme, prescrizioni nelle materie proprie dell&#8217;unit\u00e0 organizzativa di assegnazione e\/o della posizione lavorativa assegnata. Attivit\u00e0 di istruzione, predisposizione e redazione di at ti e documenti complessi inerenti il settore di competenza. Nonch\u00e9 attivit\u00e0 di analisi, studio e ricerca riferiti alle attivit\u00e0 assegnate. Cura procedimenti complessi, rapportandosi anche con l&#8217;utenza.<br>&#8211; Attivit\u00e0 caratterizzate dall\u2019esercizio sistematico e autonomo di attivit\u00e0 tecnico specialistiche, sia di tipo gestionale che progettuale e programmatorio, orientate all\u2019ottenimento dei risultati, talvolta anche di difficile conseguimento, che possono richiedere l\u2019aggregazione di variabili di differente natura.<br>&#8211; Relazioni interne di natura complessa e negoziale sia all\u2019interno nell\u2019 unit\u00e0 organizzativa di appartenenza che con le altre unit\u00e0 organizzative, funzionale all\u2019assolvimento delle proprie funzioni, comprendenti anche il coordinamento sistematic o e continuato di altre professionalit\u00e0. Relazioni esterne di natura complessa e negoziale di tipo diretto con rappresentanza istituzionale sia nei confronti dei cittadini che di enti.<\/p>\n\n\n\n<ul class=\"wp-block-list\"><li><a href=\"http:\/\/parco-maremma.it\/wp-content\/uploads\/2022\/12\/Avviso-di-selezione-CAT-D-dic2022.pdf\" target=\"_blank\" rel=\"noreferrer noopener\">Avviso di selezione<\/a><\/li><li><a href=\"http:\/\/parco-maremma.it\/wp-content\/uploads\/2022\/12\/determina-n_223-2022.pdf\" target=\"_blank\" rel=\"noreferrer noopener\">Determinazione dirigenziale<\/a><\/li><li><a href=\"http:\/\/parco-maremma.it\/wp-content\/uploads\/2022\/12\/MOBILITA-Schema-di-domanda.docx\">Schema di domanda<\/a> (formato testo)<\/li><li><a href=\"http:\/\/parco-maremma.it\/wp-content\/uploads\/2022\/12\/MOBILITA-Schema-di-domanda.pdf\">Schema di domanda<\/a> (formato .pdf)<\/li><li><a href=\"http:\/\/parco-maremma.it\/wp-content\/uploads\/2023\/01\/Determinazione-n_10-del-24-01-2023-Ammissione-candidati.pdf\" target=\"_blank\" rel=\"noreferrer noopener\">Determinazione del Direttore del Parco n.10 del 24\/01\/2023 &#8211; ammissione candidati&nbsp;<\/a><\/li><\/ul>\n\n\n\n<hr class=\"wp-block-separator\"\/>\n\n\n\n<p><a href=\"http:\/\/parco-maremma.it\/wp-content\/uploads\/2023\/01\/Determinazione-n_14-del-26-01-2023-cat-D-TECNICO.pdf\" target=\"_blank\" rel=\"noreferrer noopener\">Atto di nomina della commissione<\/a><\/p>\n\n\n\n<hr class=\"wp-block-separator\"\/>\n\n\n\n<p><a href=\"http:\/\/parco-maremma.it\/wp-content\/uploads\/2023\/02\/MOBILITA-ISTR-DIR-TECNICO-Avviso-di-convocazione.pdf\" target=\"_blank\" rel=\"noreferrer noopener\">Avviso di convocazione<\/a><\/p>\n\n\n\n<hr class=\"wp-block-separator\"\/>\n\n\n\n<p><a href=\"http:\/\/parco-maremma.it\/wp-content\/uploads\/2023\/02\/Mobilita-TECNICO-Determinazione-n_27-del-08-02-2023-approvazione-atti-commissione-e-graduatoria-finale.pdf\" target=\"_blank\" rel=\"noreferrer noopener\">Atto di approvazione dei lavori della commissione e graduatoria finale<\/a><\/p>\n\n\n\n<hr class=\"wp-block-separator\"\/>\n","protected":false},"excerpt":{"rendered":"<p>L\u2019Ente Parco Regionale della Maremma intende procedere alla copertura di n. 1 posto di Istruttore Direttivo Tecnico, Categoria D (Funzionario ex CCNL 16\/11\/2022), tramite mobilit\u00e0 esterna ex articolo 30 D&#8230;.<\/p>\n","protected":false},"author":9,"featured_media":0,"parent":6614,"menu_order":0,"comment_status":"closed","ping_status":"closed","template":"","meta":{"_uag_custom_page_level_css":"","footnotes":""},"class_list":["post-19134","page","type-page","status-publish","hentry"],"acf":[],"yoast_head":"<!-- This site is optimized with the Yoast SEO plugin v25.5 - https:\/\/yoast.com\/wordpress\/plugins\/seo\/ -->\n<title>AVVISO DI MOBILIT\u00c0 ESTERNA EX ARTICOLO 30 D.LGS. 30 MARZO 2001, N.165 PER LA COPERTURA DI N.1 POSTO DI \u201cISTRUTTORE DIRETTIVO TECNICO\u201d CATEGORIA D (FUNZIONARIO ex CCNL 16\/11\/2022) A TEMPO PIENO ED INDETERMINATO - Parco Maremma<\/title>\n<meta name=\"robots\" content=\"index, follow, max-snippet:-1, max-image-preview:large, max-video-preview:-1\" \/>\n<link rel=\"canonical\" href=\"https:\/\/parco-maremma.it\/amministrazione-trasparente\/bandi-di-concorso\/selezioni-scadute\/avviso-di-mobilita-esterna-ex-articolo-30-d-lgs-30-marzo-2001-n-165-per-la-copertura-di-n-1-posto-di-istruttore-direttivo-tecnico-categoria-d-funzionario-ex-ccnl-16-11-2022-a-tem\/\" \/>\n<meta property=\"og:locale\" content=\"en_US\" \/>\n<meta property=\"og:type\" content=\"article\" \/>\n<meta property=\"og:title\" content=\"AVVISO DI MOBILIT\u00c0 ESTERNA EX ARTICOLO 30 D.LGS. 30 MARZO 2001, N.165 PER LA COPERTURA DI N.1 POSTO DI \u201cISTRUTTORE DIRETTIVO TECNICO\u201d CATEGORIA D (FUNZIONARIO ex CCNL 16\/11\/2022) A TEMPO PIENO ED INDETERMINATO - Parco Maremma\" \/>\n<meta property=\"og:description\" content=\"L\u2019Ente Parco Regionale della Maremma intende procedere alla copertura di n. 1 posto di Istruttore Direttivo Tecnico, Categoria D (Funzionario ex CCNL 16\/11\/2022), tramite mobilit\u00e0 esterna ex articolo 30 D....\" \/>\n<meta property=\"og:url\" content=\"https:\/\/parco-maremma.it\/amministrazione-trasparente\/bandi-di-concorso\/selezioni-scadute\/avviso-di-mobilita-esterna-ex-articolo-30-d-lgs-30-marzo-2001-n-165-per-la-copertura-di-n-1-posto-di-istruttore-direttivo-tecnico-categoria-d-funzionario-ex-ccnl-16-11-2022-a-tem\/\" \/>\n<meta property=\"og:site_name\" content=\"Parco Maremma\" \/>\n<meta property=\"article:publisher\" content=\"https:\/\/www.facebook.com\/parcodellamaremma\" \/>\n<meta property=\"article:modified_time\" content=\"2023-09-27T07:18:20+00:00\" \/>\n<meta property=\"og:image\" content=\"https:\/\/parco-maremma.it\/wp-content\/uploads\/2023\/12\/Logo-sito.png\" \/>\n\t<meta property=\"og:image:width\" content=\"1000\" \/>\n\t<meta property=\"og:image:height\" content=\"1000\" \/>\n\t<meta property=\"og:image:type\" content=\"image\/png\" \/>\n<meta name=\"twitter:card\" content=\"summary_large_image\" \/>\n<meta name=\"twitter:label1\" content=\"Est. reading time\" \/>\n\t<meta name=\"twitter:data1\" content=\"2 minutes\" \/>\n<script type=\"application\/ld+json\" class=\"yoast-schema-graph\">{\"@context\":\"https:\/\/schema.org\",\"@graph\":[{\"@type\":\"WebPage\",\"@id\":\"https:\/\/parco-maremma.it\/amministrazione-trasparente\/bandi-di-concorso\/selezioni-scadute\/avviso-di-mobilita-esterna-ex-articolo-30-d-lgs-30-marzo-2001-n-165-per-la-copertura-di-n-1-posto-di-istruttore-direttivo-tecnico-categoria-d-funzionario-ex-ccnl-16-11-2022-a-tem\/\",\"url\":\"https:\/\/parco-maremma.it\/amministrazione-trasparente\/bandi-di-concorso\/selezioni-scadute\/avviso-di-mobilita-esterna-ex-articolo-30-d-lgs-30-marzo-2001-n-165-per-la-copertura-di-n-1-posto-di-istruttore-direttivo-tecnico-categoria-d-funzionario-ex-ccnl-16-11-2022-a-tem\/\",\"name\":\"AVVISO DI MOBILIT\u00c0 ESTERNA EX ARTICOLO 30 D.LGS. 30 MARZO 2001, N.165 PER LA COPERTURA DI N.1 POSTO DI \u201cISTRUTTORE DIRETTIVO TECNICO\u201d CATEGORIA D (FUNZIONARIO ex CCNL 16\/11\/2022) A TEMPO PIENO ED INDETERMINATO - Parco Maremma\",\"isPartOf\":{\"@id\":\"https:\/\/parco-maremma.it\/#website\"},\"datePublished\":\"2022-12-22T11:00:59+00:00\",\"dateModified\":\"2023-09-27T07:18:20+00:00\",\"breadcrumb\":{\"@id\":\"https:\/\/parco-maremma.it\/amministrazione-trasparente\/bandi-di-concorso\/selezioni-scadute\/avviso-di-mobilita-esterna-ex-articolo-30-d-lgs-30-marzo-2001-n-165-per-la-copertura-di-n-1-posto-di-istruttore-direttivo-tecnico-categoria-d-funzionario-ex-ccnl-16-11-2022-a-tem\/#breadcrumb\"},\"inLanguage\":\"en-US\",\"potentialAction\":[{\"@type\":\"ReadAction\",\"target\":[\"https:\/\/parco-maremma.it\/amministrazione-trasparente\/bandi-di-concorso\/selezioni-scadute\/avviso-di-mobilita-esterna-ex-articolo-30-d-lgs-30-marzo-2001-n-165-per-la-copertura-di-n-1-posto-di-istruttore-direttivo-tecnico-categoria-d-funzionario-ex-ccnl-16-11-2022-a-tem\/\"]}]},{\"@type\":\"BreadcrumbList\",\"@id\":\"https:\/\/parco-maremma.it\/amministrazione-trasparente\/bandi-di-concorso\/selezioni-scadute\/avviso-di-mobilita-esterna-ex-articolo-30-d-lgs-30-marzo-2001-n-165-per-la-copertura-di-n-1-posto-di-istruttore-direttivo-tecnico-categoria-d-funzionario-ex-ccnl-16-11-2022-a-tem\/#breadcrumb\",\"itemListElement\":[{\"@type\":\"ListItem\",\"position\":1,\"name\":\"Home\",\"item\":\"https:\/\/parco-maremma.it\/en\/home\/\"},{\"@type\":\"ListItem\",\"position\":2,\"name\":\"Amministrazione trasparente\",\"item\":\"https:\/\/parco-maremma.it\/amministrazione-trasparente\/\"},{\"@type\":\"ListItem\",\"position\":3,\"name\":\"Bandi di concorso\",\"item\":\"https:\/\/parco-maremma.it\/amministrazione-trasparente\/bandi-di-concorso\/\"},{\"@type\":\"ListItem\",\"position\":4,\"name\":\"Selezioni scadute\",\"item\":\"https:\/\/parco-maremma.it\/amministrazione-trasparente\/bandi-di-concorso\/selezioni-scadute\/\"},{\"@type\":\"ListItem\",\"position\":5,\"name\":\"AVVISO DI MOBILIT\u00c0 ESTERNA EX ARTICOLO 30 D.LGS. 30 MARZO 2001, N.165 PER LA COPERTURA DI N.1 POSTO DI \u201cISTRUTTORE DIRETTIVO TECNICO\u201d CATEGORIA D (FUNZIONARIO ex CCNL 16\/11\/2022) A TEMPO PIENO ED INDETERMINATO\"}]},{\"@type\":\"WebSite\",\"@id\":\"https:\/\/parco-maremma.it\/#website\",\"url\":\"https:\/\/parco-maremma.it\/\",\"name\":\"Parco Maremma\",\"description\":\"Sito ufficiale del Parco Regionale della Maremma\",\"publisher\":{\"@id\":\"https:\/\/parco-maremma.it\/#organization\"},\"potentialAction\":[{\"@type\":\"SearchAction\",\"target\":{\"@type\":\"EntryPoint\",\"urlTemplate\":\"https:\/\/parco-maremma.it\/?s={search_term_string}\"},\"query-input\":{\"@type\":\"PropertyValueSpecification\",\"valueRequired\":true,\"valueName\":\"search_term_string\"}}],\"inLanguage\":\"en-US\"},{\"@type\":\"Organization\",\"@id\":\"https:\/\/parco-maremma.it\/#organization\",\"name\":\"Parco Maremma\",\"url\":\"https:\/\/parco-maremma.it\/\",\"logo\":{\"@type\":\"ImageObject\",\"inLanguage\":\"en-US\",\"@id\":\"https:\/\/parco-maremma.it\/#\/schema\/logo\/image\/\",\"url\":\"https:\/\/parco-maremma.it\/wp-content\/uploads\/2023\/12\/Logo-sito.png\",\"contentUrl\":\"https:\/\/parco-maremma.it\/wp-content\/uploads\/2023\/12\/Logo-sito.png\",\"width\":1000,\"height\":1000,\"caption\":\"Parco Maremma\"},\"image\":{\"@id\":\"https:\/\/parco-maremma.it\/#\/schema\/logo\/image\/\"},\"sameAs\":[\"https:\/\/www.facebook.com\/parcodellamaremma\",\"https:\/\/www.instagram.com\/parcomaremma\"]}]}<\/script>\n<!-- \/ Yoast SEO plugin. -->","yoast_head_json":{"title":"AVVISO DI MOBILIT\u00c0 ESTERNA EX ARTICOLO 30 D.LGS. 30 MARZO 2001, N.165 PER LA COPERTURA DI N.1 POSTO DI \u201cISTRUTTORE DIRETTIVO TECNICO\u201d CATEGORIA D (FUNZIONARIO ex CCNL 16\/11\/2022) A TEMPO PIENO ED INDETERMINATO - Parco Maremma","robots":{"index":"index","follow":"follow","max-snippet":"max-snippet:-1","max-image-preview":"max-image-preview:large","max-video-preview":"max-video-preview:-1"},"canonical":"https:\/\/parco-maremma.it\/amministrazione-trasparente\/bandi-di-concorso\/selezioni-scadute\/avviso-di-mobilita-esterna-ex-articolo-30-d-lgs-30-marzo-2001-n-165-per-la-copertura-di-n-1-posto-di-istruttore-direttivo-tecnico-categoria-d-funzionario-ex-ccnl-16-11-2022-a-tem\/","og_locale":"en_US","og_type":"article","og_title":"AVVISO DI MOBILIT\u00c0 ESTERNA EX ARTICOLO 30 D.LGS. 30 MARZO 2001, N.165 PER LA COPERTURA DI N.1 POSTO DI \u201cISTRUTTORE DIRETTIVO TECNICO\u201d CATEGORIA D (FUNZIONARIO ex CCNL 16\/11\/2022) A TEMPO PIENO ED INDETERMINATO - Parco Maremma","og_description":"L\u2019Ente Parco Regionale della Maremma intende procedere alla copertura di n. 1 posto di Istruttore Direttivo Tecnico, Categoria D (Funzionario ex CCNL 16\/11\/2022), tramite mobilit\u00e0 esterna ex articolo 30 D....","og_url":"https:\/\/parco-maremma.it\/amministrazione-trasparente\/bandi-di-concorso\/selezioni-scadute\/avviso-di-mobilita-esterna-ex-articolo-30-d-lgs-30-marzo-2001-n-165-per-la-copertura-di-n-1-posto-di-istruttore-direttivo-tecnico-categoria-d-funzionario-ex-ccnl-16-11-2022-a-tem\/","og_site_name":"Parco Maremma","article_publisher":"https:\/\/www.facebook.com\/parcodellamaremma","article_modified_time":"2023-09-27T07:18:20+00:00","og_image":[{"width":1000,"height":1000,"url":"https:\/\/parco-maremma.it\/wp-content\/uploads\/2023\/12\/Logo-sito.png","type":"image\/png"}],"twitter_card":"summary_large_image","twitter_misc":{"Est. reading time":"2 minutes"},"schema":{"@context":"https:\/\/schema.org","@graph":[{"@type":"WebPage","@id":"https:\/\/parco-maremma.it\/amministrazione-trasparente\/bandi-di-concorso\/selezioni-scadute\/avviso-di-mobilita-esterna-ex-articolo-30-d-lgs-30-marzo-2001-n-165-per-la-copertura-di-n-1-posto-di-istruttore-direttivo-tecnico-categoria-d-funzionario-ex-ccnl-16-11-2022-a-tem\/","url":"https:\/\/parco-maremma.it\/amministrazione-trasparente\/bandi-di-concorso\/selezioni-scadute\/avviso-di-mobilita-esterna-ex-articolo-30-d-lgs-30-marzo-2001-n-165-per-la-copertura-di-n-1-posto-di-istruttore-direttivo-tecnico-categoria-d-funzionario-ex-ccnl-16-11-2022-a-tem\/","name":"AVVISO DI MOBILIT\u00c0 ESTERNA EX ARTICOLO 30 D.LGS. 30 MARZO 2001, N.165 PER LA COPERTURA DI N.1 POSTO DI \u201cISTRUTTORE DIRETTIVO TECNICO\u201d CATEGORIA D (FUNZIONARIO ex CCNL 16\/11\/2022) A TEMPO PIENO ED INDETERMINATO - Parco Maremma","isPartOf":{"@id":"https:\/\/parco-maremma.it\/#website"},"datePublished":"2022-12-22T11:00:59+00:00","dateModified":"2023-09-27T07:18:20+00:00","breadcrumb":{"@id":"https:\/\/parco-maremma.it\/amministrazione-trasparente\/bandi-di-concorso\/selezioni-scadute\/avviso-di-mobilita-esterna-ex-articolo-30-d-lgs-30-marzo-2001-n-165-per-la-copertura-di-n-1-posto-di-istruttore-direttivo-tecnico-categoria-d-funzionario-ex-ccnl-16-11-2022-a-tem\/#breadcrumb"},"inLanguage":"en-US","potentialAction":[{"@type":"ReadAction","target":["https:\/\/parco-maremma.it\/amministrazione-trasparente\/bandi-di-concorso\/selezioni-scadute\/avviso-di-mobilita-esterna-ex-articolo-30-d-lgs-30-marzo-2001-n-165-per-la-copertura-di-n-1-posto-di-istruttore-direttivo-tecnico-categoria-d-funzionario-ex-ccnl-16-11-2022-a-tem\/"]}]},{"@type":"BreadcrumbList","@id":"https:\/\/parco-maremma.it\/amministrazione-trasparente\/bandi-di-concorso\/selezioni-scadute\/avviso-di-mobilita-esterna-ex-articolo-30-d-lgs-30-marzo-2001-n-165-per-la-copertura-di-n-1-posto-di-istruttore-direttivo-tecnico-categoria-d-funzionario-ex-ccnl-16-11-2022-a-tem\/#breadcrumb","itemListElement":[{"@type":"ListItem","position":1,"name":"Home","item":"https:\/\/parco-maremma.it\/en\/home\/"},{"@type":"ListItem","position":2,"name":"Amministrazione trasparente","item":"https:\/\/parco-maremma.it\/amministrazione-trasparente\/"},{"@type":"ListItem","position":3,"name":"Bandi di concorso","item":"https:\/\/parco-maremma.it\/amministrazione-trasparente\/bandi-di-concorso\/"},{"@type":"ListItem","position":4,"name":"Selezioni scadute","item":"https:\/\/parco-maremma.it\/amministrazione-trasparente\/bandi-di-concorso\/selezioni-scadute\/"},{"@type":"ListItem","position":5,"name":"AVVISO DI MOBILIT\u00c0 ESTERNA EX ARTICOLO 30 D.LGS. 30 MARZO 2001, N.165 PER LA COPERTURA DI N.1 POSTO DI \u201cISTRUTTORE DIRETTIVO TECNICO\u201d CATEGORIA D (FUNZIONARIO ex CCNL 16\/11\/2022) A TEMPO PIENO ED INDETERMINATO"}]},{"@type":"WebSite","@id":"https:\/\/parco-maremma.it\/#website","url":"https:\/\/parco-maremma.it\/","name":"Parco Maremma","description":"Sito ufficiale del Parco Regionale della Maremma","publisher":{"@id":"https:\/\/parco-maremma.it\/#organization"},"potentialAction":[{"@type":"SearchAction","target":{"@type":"EntryPoint","urlTemplate":"https:\/\/parco-maremma.it\/?s={search_term_string}"},"query-input":{"@type":"PropertyValueSpecification","valueRequired":true,"valueName":"search_term_string"}}],"inLanguage":"en-US"},{"@type":"Organization","@id":"https:\/\/parco-maremma.it\/#organization","name":"Parco Maremma","url":"https:\/\/parco-maremma.it\/","logo":{"@type":"ImageObject","inLanguage":"en-US","@id":"https:\/\/parco-maremma.it\/#\/schema\/logo\/image\/","url":"https:\/\/parco-maremma.it\/wp-content\/uploads\/2023\/12\/Logo-sito.png","contentUrl":"https:\/\/parco-maremma.it\/wp-content\/uploads\/2023\/12\/Logo-sito.png","width":1000,"height":1000,"caption":"Parco Maremma"},"image":{"@id":"https:\/\/parco-maremma.it\/#\/schema\/logo\/image\/"},"sameAs":["https:\/\/www.facebook.com\/parcodellamaremma","https:\/\/www.instagram.com\/parcomaremma"]}]}},"uagb_featured_image_src":{"full":false,"thumbnail":false,"medium":false,"large":false,"us_400_200_crop":false,"us_600_400_crop":false,"us_1440_500_crop":false},"uagb_author_info":{"display_name":"lunardi","author_link":"https:\/\/parco-maremma.it\/en\/author\/lunardi\/"},"uagb_comment_info":0,"uagb_excerpt":"L\u2019Ente Parco Regionale della Maremma intende procedere alla copertura di n. 1 posto di Istruttore Direttivo Tecnico, Categoria D (Funzionario ex CCNL 16\/11\/2022), tramite mobilit\u00e0 esterna ex articolo 30 D....","_links":{"self":[{"href":"https:\/\/parco-maremma.it\/en\/wp-json\/wp\/v2\/pages\/19134","targetHints":{"allow":["GET"]}}],"collection":[{"href":"https:\/\/parco-maremma.it\/en\/wp-json\/wp\/v2\/pages"}],"about":[{"href":"https:\/\/parco-maremma.it\/en\/wp-json\/wp\/v2\/types\/page"}],"author":[{"embeddable":true,"href":"https:\/\/parco-maremma.it\/en\/wp-json\/wp\/v2\/users\/9"}],"replies":[{"embeddable":true,"href":"https:\/\/parco-maremma.it\/en\/wp-json\/wp\/v2\/comments?post=19134"}],"version-history":[{"count":2,"href":"https:\/\/parco-maremma.it\/en\/wp-json\/wp\/v2\/pages\/19134\/revisions"}],"predecessor-version":[{"id":21185,"href":"https:\/\/parco-maremma.it\/en\/wp-json\/wp\/v2\/pages\/19134\/revisions\/21185"}],"up":[{"embeddable":true,"href":"https:\/\/parco-maremma.it\/en\/wp-json\/wp\/v2\/pages\/6614"}],"wp:attachment":[{"href":"https:\/\/parco-maremma.it\/en\/wp-json\/wp\/v2\/media?parent=19134"}],"curies":[{"name":"wp","href":"https:\/\/api.w.org\/{rel}","templated":true}]}}