{"id":18858,"date":"2022-10-19T08:16:00","date_gmt":"2022-10-19T08:16:00","guid":{"rendered":"http:\/\/parco-maremma.it\/?page_id=18858"},"modified":"2023-06-23T09:15:15","modified_gmt":"2023-06-23T09:15:15","slug":"servizio-di-noleggio-a-lungo-termine-senza-conducente-di-n-1-autocarro-con-cassone-portata-massima-35-q-allestito-con-gru-di-sollevamento","status":"publish","type":"page","link":"https:\/\/parco-maremma.it\/en\/determine-a-contrarre-2022\/servizio-di-noleggio-a-lungo-termine-senza-conducente-di-n-1-autocarro-con-cassone-portata-massima-35-q-allestito-con-gru-di-sollevamento\/","title":{"rendered":"Servizio di Noleggio a lungo termine senza conducente di n\u00b0 1 autocarro con cassone, portata massima 35 q., allestito con gru di sollevamento"},"content":{"rendered":"\n<p>Indagine di mercato finalizzata ad acquisire le manifestazioni di interesse di operatori economici da invitare alla successiva fase della procedura di confronto competitivo, sul sistema telematico S.T.A.R.T. della Regione Toscana.<\/p>\n\n\n\n<p>Trattasi del Servizio di noleggio a lungo termine di n\u00b0 1 veicolo da impiegare nel Settore Tecnico per i servizi di&nbsp; manutenzione in economia del territorio e dal Servizio di Vigilanza per operazioni inerenti la gestione faunistica, all\u2019interno del territorio di competenza dell\u2019Ente Parco Regionale della Maremma. La fornitura del veicolo dovr\u00e0 rispettare i vincoli e le condizioni previste nel \u201c<em>Capitolato Speciale d\u2019Appalto<\/em>\u201d disponibile, per la visione,&nbsp; sul&nbsp; sito internet dell&#8217;Ente Parco (<a href=\"http:\/\/parco-maremma.it\/amministrazione-trasparente\/bandi-di-gara-e-contratti-2\/\">http:\/\/parco-maremma.it\/amministrazione-trasparente\/bandi-di-gara-e-contratti-2\/<\/a>).<\/p>\n\n\n\n<p>Gli operatori economici interessati a partecipare alla fase successiva, dovranno inviare la propria manifestazione di interesse, <strong>firmata digitalmente<\/strong> dal legale rappresentante, utilizzando il modulo <strong>Allegato 1 <\/strong>del presente avviso (scaricabile dal sito internet dell&#8217;Ente <a href=\"http:\/\/parco-maremma.it\/\">www.parco-maremma.it<\/a> sezione Amministrazione trasparente (<a href=\"http:\/\/parco-maremma.it\/amministrazione-trasparente\/bandi-di-gara-e-contratti-2\/\">http:\/\/parco-maremma.it\/amministrazione-trasparente\/bandi-di-gara-e-contratti-2\/<\/a>) all\u2019Ente Parco Regionale della Maremma esclusivamente tramite PEC all\u2019indirizzo <a href=\"mailto:parcomaremma@postacert.toscana.it\">parcomaremma@postacert.toscana.it<\/a> <strong>entro le ore 10:00 del giorno 04\/11\/2022 <\/strong>indicando nell\u2019oggetto \u201c<em>Manifestazione di interesse per il Servizio di Noleggio a lungo termine senza conducente di n\u00b0 01 autocarro con allestimento di gru<\/em><em>\u201d.<\/em><\/p>\n\n\n\n<p><strong>Non saranno prese in considerazione le candidature:<br>\u2212 pervenute in ritardo, per qualsiasi causa, rispetto al termine perentorio sopra indicato;<br>\u2212 non corredate dalla documentazione richiesta;<br>\u2212 non pervenute via PEC<\/strong><\/p>\n\n\n\n<p>In seguito alla ricezione delle manifestazioni di interesse, l\u2019Ente proceder\u00e0 alla fase successiva che sar\u00e0 <strong>svolta in modalit\u00e0 telematica sul sistema START<\/strong> tramitel\u2019invio della lettera di invito a ciascun operatore richiedente e ammesso.<\/p>\n\n\n\n<p><strong>DOCUMENTAZIONE:<\/strong><\/p>\n\n\n\n<ul class=\"wp-block-list\"><li><a href=\"http:\/\/parco-maremma.it\/wp-content\/uploads\/2022\/10\/Avviso-Manifestazione-Interesse-FIRMATO-1.pdf\" target=\"_blank\" rel=\"noreferrer noopener\">Avviso Manifestazione di Interesse<\/a><\/li><li><a href=\"http:\/\/parco-maremma.it\/wp-content\/uploads\/2022\/10\/Allegato-1-ADESIONE-manifestazione-di-interesse.pdf\" target=\"_blank\" rel=\"noreferrer noopener\">Allegato 1 &#8211; Modulo di adesione alla Manifestazione di Interesse<\/a><\/li><li><a href=\"http:\/\/parco-maremma.it\/wp-content\/uploads\/2022\/10\/Capitolato-speciale-dappalto-DEFINITIVO.pdf\" target=\"_blank\" rel=\"noreferrer noopener\">Capitolato Speciale di Appalto<\/a><\/li><li><a href=\"http:\/\/parco-maremma.it\/wp-content\/uploads\/2022\/10\/DET-A-CONTRARRE-N.185-18OTT2022-AUTOCARRO-2022.pdf\" target=\"_blank\" rel=\"noreferrer noopener\">Determina a contrarre<\/a><\/li><\/ul>\n","protected":false},"excerpt":{"rendered":"<p>Indagine di mercato finalizzata ad acquisire le manifestazioni di interesse di operatori economici da invitare alla successiva fase della procedura di confronto competitivo, sul sistema telematico S.T.A.R.T. della Regione Toscana&#8230;.<\/p>\n","protected":false},"author":9,"featured_media":0,"parent":16842,"menu_order":0,"comment_status":"closed","ping_status":"closed","template":"","meta":{"_uag_custom_page_level_css":"","footnotes":""},"class_list":["post-18858","page","type-page","status-publish","hentry"],"acf":[],"yoast_head":"<!-- This site is optimized with the Yoast SEO plugin v25.5 - https:\/\/yoast.com\/wordpress\/plugins\/seo\/ -->\n<title>Servizio di Noleggio a lungo termine senza conducente di n\u00b0 1 autocarro con cassone, portata massima 35 q., allestito con gru di sollevamento - Parco Maremma<\/title>\n<meta name=\"robots\" content=\"index, follow, max-snippet:-1, max-image-preview:large, max-video-preview:-1\" \/>\n<link rel=\"canonical\" href=\"https:\/\/parco-maremma.it\/determine-a-contrarre-2022\/servizio-di-noleggio-a-lungo-termine-senza-conducente-di-n-1-autocarro-con-cassone-portata-massima-35-q-allestito-con-gru-di-sollevamento\/\" \/>\n<meta property=\"og:locale\" content=\"en_US\" \/>\n<meta property=\"og:type\" content=\"article\" \/>\n<meta property=\"og:title\" content=\"Servizio di Noleggio a lungo termine senza conducente di n\u00b0 1 autocarro con cassone, portata massima 35 q., allestito con gru di sollevamento - Parco Maremma\" \/>\n<meta property=\"og:description\" content=\"Indagine di mercato finalizzata ad acquisire le manifestazioni di interesse di operatori economici da invitare alla successiva fase della procedura di confronto competitivo, sul sistema telematico S.T.A.R.T. della Regione Toscana....\" \/>\n<meta property=\"og:url\" content=\"https:\/\/parco-maremma.it\/determine-a-contrarre-2022\/servizio-di-noleggio-a-lungo-termine-senza-conducente-di-n-1-autocarro-con-cassone-portata-massima-35-q-allestito-con-gru-di-sollevamento\/\" \/>\n<meta property=\"og:site_name\" content=\"Parco Maremma\" \/>\n<meta property=\"article:publisher\" content=\"https:\/\/www.facebook.com\/parcodellamaremma\" \/>\n<meta property=\"article:modified_time\" content=\"2023-06-23T09:15:15+00:00\" \/>\n<meta property=\"og:image\" content=\"https:\/\/parco-maremma.it\/wp-content\/uploads\/2023\/12\/Logo-sito.png\" \/>\n\t<meta property=\"og:image:width\" content=\"1000\" \/>\n\t<meta property=\"og:image:height\" content=\"1000\" \/>\n\t<meta property=\"og:image:type\" content=\"image\/png\" \/>\n<meta name=\"twitter:card\" content=\"summary_large_image\" \/>\n<meta name=\"twitter:label1\" content=\"Est. reading time\" \/>\n\t<meta name=\"twitter:data1\" content=\"2 minutes\" \/>\n<script type=\"application\/ld+json\" class=\"yoast-schema-graph\">{\"@context\":\"https:\/\/schema.org\",\"@graph\":[{\"@type\":\"WebPage\",\"@id\":\"https:\/\/parco-maremma.it\/determine-a-contrarre-2022\/servizio-di-noleggio-a-lungo-termine-senza-conducente-di-n-1-autocarro-con-cassone-portata-massima-35-q-allestito-con-gru-di-sollevamento\/\",\"url\":\"https:\/\/parco-maremma.it\/determine-a-contrarre-2022\/servizio-di-noleggio-a-lungo-termine-senza-conducente-di-n-1-autocarro-con-cassone-portata-massima-35-q-allestito-con-gru-di-sollevamento\/\",\"name\":\"Servizio di Noleggio a lungo termine senza conducente di n\u00b0 1 autocarro con cassone, portata massima 35 q., allestito con gru di sollevamento - Parco Maremma\",\"isPartOf\":{\"@id\":\"https:\/\/parco-maremma.it\/#website\"},\"datePublished\":\"2022-10-19T08:16:00+00:00\",\"dateModified\":\"2023-06-23T09:15:15+00:00\",\"breadcrumb\":{\"@id\":\"https:\/\/parco-maremma.it\/determine-a-contrarre-2022\/servizio-di-noleggio-a-lungo-termine-senza-conducente-di-n-1-autocarro-con-cassone-portata-massima-35-q-allestito-con-gru-di-sollevamento\/#breadcrumb\"},\"inLanguage\":\"en-US\",\"potentialAction\":[{\"@type\":\"ReadAction\",\"target\":[\"https:\/\/parco-maremma.it\/determine-a-contrarre-2022\/servizio-di-noleggio-a-lungo-termine-senza-conducente-di-n-1-autocarro-con-cassone-portata-massima-35-q-allestito-con-gru-di-sollevamento\/\"]}]},{\"@type\":\"BreadcrumbList\",\"@id\":\"https:\/\/parco-maremma.it\/determine-a-contrarre-2022\/servizio-di-noleggio-a-lungo-termine-senza-conducente-di-n-1-autocarro-con-cassone-portata-massima-35-q-allestito-con-gru-di-sollevamento\/#breadcrumb\",\"itemListElement\":[{\"@type\":\"ListItem\",\"position\":1,\"name\":\"Home\",\"item\":\"https:\/\/parco-maremma.it\/en\/home\/\"},{\"@type\":\"ListItem\",\"position\":2,\"name\":\"Determine a contrarre 2022\",\"item\":\"https:\/\/parco-maremma.it\/determine-a-contrarre-2022\/\"},{\"@type\":\"ListItem\",\"position\":3,\"name\":\"Servizio di Noleggio a lungo termine senza conducente di n\u00b0 1 autocarro con cassone, portata massima 35 q., allestito con gru di sollevamento\"}]},{\"@type\":\"WebSite\",\"@id\":\"https:\/\/parco-maremma.it\/#website\",\"url\":\"https:\/\/parco-maremma.it\/\",\"name\":\"Parco Maremma\",\"description\":\"Sito ufficiale del Parco Regionale della Maremma\",\"publisher\":{\"@id\":\"https:\/\/parco-maremma.it\/#organization\"},\"potentialAction\":[{\"@type\":\"SearchAction\",\"target\":{\"@type\":\"EntryPoint\",\"urlTemplate\":\"https:\/\/parco-maremma.it\/?s={search_term_string}\"},\"query-input\":{\"@type\":\"PropertyValueSpecification\",\"valueRequired\":true,\"valueName\":\"search_term_string\"}}],\"inLanguage\":\"en-US\"},{\"@type\":\"Organization\",\"@id\":\"https:\/\/parco-maremma.it\/#organization\",\"name\":\"Parco Maremma\",\"url\":\"https:\/\/parco-maremma.it\/\",\"logo\":{\"@type\":\"ImageObject\",\"inLanguage\":\"en-US\",\"@id\":\"https:\/\/parco-maremma.it\/#\/schema\/logo\/image\/\",\"url\":\"https:\/\/parco-maremma.it\/wp-content\/uploads\/2023\/12\/Logo-sito.png\",\"contentUrl\":\"https:\/\/parco-maremma.it\/wp-content\/uploads\/2023\/12\/Logo-sito.png\",\"width\":1000,\"height\":1000,\"caption\":\"Parco Maremma\"},\"image\":{\"@id\":\"https:\/\/parco-maremma.it\/#\/schema\/logo\/image\/\"},\"sameAs\":[\"https:\/\/www.facebook.com\/parcodellamaremma\",\"https:\/\/www.instagram.com\/parcomaremma\"]}]}<\/script>\n<!-- \/ Yoast SEO plugin. -->","yoast_head_json":{"title":"Servizio di Noleggio a lungo termine senza conducente di n\u00b0 1 autocarro con cassone, portata massima 35 q., allestito con gru di sollevamento - Parco Maremma","robots":{"index":"index","follow":"follow","max-snippet":"max-snippet:-1","max-image-preview":"max-image-preview:large","max-video-preview":"max-video-preview:-1"},"canonical":"https:\/\/parco-maremma.it\/determine-a-contrarre-2022\/servizio-di-noleggio-a-lungo-termine-senza-conducente-di-n-1-autocarro-con-cassone-portata-massima-35-q-allestito-con-gru-di-sollevamento\/","og_locale":"en_US","og_type":"article","og_title":"Servizio di Noleggio a lungo termine senza conducente di n\u00b0 1 autocarro con cassone, portata massima 35 q., allestito con gru di sollevamento - Parco Maremma","og_description":"Indagine di mercato finalizzata ad acquisire le manifestazioni di interesse di operatori economici da invitare alla successiva fase della procedura di confronto competitivo, sul sistema telematico S.T.A.R.T. della Regione Toscana....","og_url":"https:\/\/parco-maremma.it\/determine-a-contrarre-2022\/servizio-di-noleggio-a-lungo-termine-senza-conducente-di-n-1-autocarro-con-cassone-portata-massima-35-q-allestito-con-gru-di-sollevamento\/","og_site_name":"Parco Maremma","article_publisher":"https:\/\/www.facebook.com\/parcodellamaremma","article_modified_time":"2023-06-23T09:15:15+00:00","og_image":[{"width":1000,"height":1000,"url":"https:\/\/parco-maremma.it\/wp-content\/uploads\/2023\/12\/Logo-sito.png","type":"image\/png"}],"twitter_card":"summary_large_image","twitter_misc":{"Est. reading time":"2 minutes"},"schema":{"@context":"https:\/\/schema.org","@graph":[{"@type":"WebPage","@id":"https:\/\/parco-maremma.it\/determine-a-contrarre-2022\/servizio-di-noleggio-a-lungo-termine-senza-conducente-di-n-1-autocarro-con-cassone-portata-massima-35-q-allestito-con-gru-di-sollevamento\/","url":"https:\/\/parco-maremma.it\/determine-a-contrarre-2022\/servizio-di-noleggio-a-lungo-termine-senza-conducente-di-n-1-autocarro-con-cassone-portata-massima-35-q-allestito-con-gru-di-sollevamento\/","name":"Servizio di Noleggio a lungo termine senza conducente di n\u00b0 1 autocarro con cassone, portata massima 35 q., allestito con gru di sollevamento - Parco Maremma","isPartOf":{"@id":"https:\/\/parco-maremma.it\/#website"},"datePublished":"2022-10-19T08:16:00+00:00","dateModified":"2023-06-23T09:15:15+00:00","breadcrumb":{"@id":"https:\/\/parco-maremma.it\/determine-a-contrarre-2022\/servizio-di-noleggio-a-lungo-termine-senza-conducente-di-n-1-autocarro-con-cassone-portata-massima-35-q-allestito-con-gru-di-sollevamento\/#breadcrumb"},"inLanguage":"en-US","potentialAction":[{"@type":"ReadAction","target":["https:\/\/parco-maremma.it\/determine-a-contrarre-2022\/servizio-di-noleggio-a-lungo-termine-senza-conducente-di-n-1-autocarro-con-cassone-portata-massima-35-q-allestito-con-gru-di-sollevamento\/"]}]},{"@type":"BreadcrumbList","@id":"https:\/\/parco-maremma.it\/determine-a-contrarre-2022\/servizio-di-noleggio-a-lungo-termine-senza-conducente-di-n-1-autocarro-con-cassone-portata-massima-35-q-allestito-con-gru-di-sollevamento\/#breadcrumb","itemListElement":[{"@type":"ListItem","position":1,"name":"Home","item":"https:\/\/parco-maremma.it\/en\/home\/"},{"@type":"ListItem","position":2,"name":"Determine a contrarre 2022","item":"https:\/\/parco-maremma.it\/determine-a-contrarre-2022\/"},{"@type":"ListItem","position":3,"name":"Servizio di Noleggio a lungo termine senza conducente di n\u00b0 1 autocarro con cassone, portata massima 35 q., allestito con gru di sollevamento"}]},{"@type":"WebSite","@id":"https:\/\/parco-maremma.it\/#website","url":"https:\/\/parco-maremma.it\/","name":"Parco Maremma","description":"Sito ufficiale del Parco Regionale della Maremma","publisher":{"@id":"https:\/\/parco-maremma.it\/#organization"},"potentialAction":[{"@type":"SearchAction","target":{"@type":"EntryPoint","urlTemplate":"https:\/\/parco-maremma.it\/?s={search_term_string}"},"query-input":{"@type":"PropertyValueSpecification","valueRequired":true,"valueName":"search_term_string"}}],"inLanguage":"en-US"},{"@type":"Organization","@id":"https:\/\/parco-maremma.it\/#organization","name":"Parco Maremma","url":"https:\/\/parco-maremma.it\/","logo":{"@type":"ImageObject","inLanguage":"en-US","@id":"https:\/\/parco-maremma.it\/#\/schema\/logo\/image\/","url":"https:\/\/parco-maremma.it\/wp-content\/uploads\/2023\/12\/Logo-sito.png","contentUrl":"https:\/\/parco-maremma.it\/wp-content\/uploads\/2023\/12\/Logo-sito.png","width":1000,"height":1000,"caption":"Parco Maremma"},"image":{"@id":"https:\/\/parco-maremma.it\/#\/schema\/logo\/image\/"},"sameAs":["https:\/\/www.facebook.com\/parcodellamaremma","https:\/\/www.instagram.com\/parcomaremma"]}]}},"uagb_featured_image_src":{"full":false,"thumbnail":false,"medium":false,"large":false,"us_400_200_crop":false,"us_600_400_crop":false,"us_1440_500_crop":false},"uagb_author_info":{"display_name":"lunardi","author_link":"https:\/\/parco-maremma.it\/en\/author\/lunardi\/"},"uagb_comment_info":0,"uagb_excerpt":"Indagine di mercato finalizzata ad acquisire le manifestazioni di interesse di operatori economici da invitare alla successiva fase della procedura di confronto competitivo, sul sistema telematico S.T.A.R.T. della Regione Toscana....","_links":{"self":[{"href":"https:\/\/parco-maremma.it\/en\/wp-json\/wp\/v2\/pages\/18858","targetHints":{"allow":["GET"]}}],"collection":[{"href":"https:\/\/parco-maremma.it\/en\/wp-json\/wp\/v2\/pages"}],"about":[{"href":"https:\/\/parco-maremma.it\/en\/wp-json\/wp\/v2\/types\/page"}],"author":[{"embeddable":true,"href":"https:\/\/parco-maremma.it\/en\/wp-json\/wp\/v2\/users\/9"}],"replies":[{"embeddable":true,"href":"https:\/\/parco-maremma.it\/en\/wp-json\/wp\/v2\/comments?post=18858"}],"version-history":[{"count":3,"href":"https:\/\/parco-maremma.it\/en\/wp-json\/wp\/v2\/pages\/18858\/revisions"}],"predecessor-version":[{"id":18884,"href":"https:\/\/parco-maremma.it\/en\/wp-json\/wp\/v2\/pages\/18858\/revisions\/18884"}],"up":[{"embeddable":true,"href":"https:\/\/parco-maremma.it\/en\/wp-json\/wp\/v2\/pages\/16842"}],"wp:attachment":[{"href":"https:\/\/parco-maremma.it\/en\/wp-json\/wp\/v2\/media?parent=18858"}],"curies":[{"name":"wp","href":"https:\/\/api.w.org\/{rel}","templated":true}]}}