{"id":15079,"date":"2021-07-20T11:23:44","date_gmt":"2021-07-20T11:23:44","guid":{"rendered":"http:\/\/parco-maremma.it\/?page_id=15079"},"modified":"2021-08-06T09:14:29","modified_gmt":"2021-08-06T09:14:29","slug":"protezione-dei-dati-personali","status":"publish","type":"page","link":"https:\/\/parco-maremma.it\/en\/amministrazione-trasparente\/altri-contenuti\/protezione-dei-dati-personali\/","title":{"rendered":"Protezione dei dati personali"},"content":{"rendered":"\n<p>Il <strong>regolamento generale sulla protezione dei dati<\/strong> (in inglese <em><strong>General Data Protection Regulation<\/strong><\/em>), ufficialmente <a href=\"https:\/\/eur-lex.europa.eu\/legal-content\/IT\/TXT\/HTML\/?uri=OJ:L:2016:119:FULL&amp;from=IT\" target=\"_blank\" rel=\"noreferrer noopener\"><strong>regolamento (UE) n. 2016\/679<\/strong><\/a> e meglio noto con la sigla <strong>GDPR<\/strong>, \u00e8 un regolamento dell\u2019Unione europea in materia di trattamento dei dati personali e di privacy.<\/p>\n\n\n\n<p>Con questo regolamento, la Commissione europea intende rafforzare e rendere pi\u00f9 omogenea la protezione dei dati personali di cittadini dell\u2019Unione europea e dei residenti nell\u2019Unione europea, sia all\u2019interno che all\u2019esterno dei confini dell\u2019Unione europea (UE).<\/p>\n\n\n\n<p>Il testo, adottato il 27 aprile 2016, \u00e8 stato pubblicato sulla <a href=\"https:\/\/eur-lex.europa.eu\/legal-content\/IT\/TXT\/?uri=OJ:L:2016:119:TOC\" target=\"_blank\" rel=\"noreferrer noopener\">Gazzetta Ufficiale Europea il 4 maggio 2016&nbsp;<\/a> ed \u00e8 entrato in vigore il 25 maggio dello stesso anno. Ha iniziato ad avere definitivamente efficacia il 25 maggio 2018.<\/p>\n\n\n\n<p>Il <strong>Responsabile della Protezione dei dati Personali<\/strong> (RPD) \u2013 Data Protection Officier (DPO) del Parco della Maremma \u00e8 il <a href=\"https:\/\/www.consorziometis.it\/\" target=\"_blank\" rel=\"noreferrer noopener\">Consorzio Metis<\/a>, referente RPD \u2013 avv. Filippo Castagna, nominato con\u00a0<a href=\"http:\/\/parco-maremma.it\/wp-content\/uploads\/2021\/08\/DECRETO-12-2021.pdf\" target=\"_blank\" rel=\"noreferrer noopener\">Decreto del Presidente n. 12 del 28\/06\/2021<\/a>.<\/p>\n\n\n\n<p>Gli interessati possono esercitare i propri diritti ai sensi degli artt. 15 e seguenti del GDPR utilizzando i seguenti recapiti:<\/p>\n\n\n\n<p>PEC: <a href=\"https:\/\/webmail.parco.local\/index.php?menuaction=felamimail.uidisplay.displayBody&amp;uid=2638&amp;part=&amp;mailbox=SU5CT1g%3D#\">parcomaremma@postacert.toscana.it<\/a><br>MAIL: <a href=\"https:\/\/webmail.parco.local\/index.php?menuaction=felamimail.uidisplay.displayBody&amp;uid=2638&amp;part=&amp;mailbox=SU5CT1g%3D#\">dpo@parco-maremma.it<\/a><\/p>\n\n\n\n<p>I dati sono acquisiti, conservati e trattati in ottemperanza alle nuove norme. Il titolare dei dati potr\u00e0 richiederne in qualsiasi momento la conferma dell\u2019esistenza, la modifica o la cancellazione.<br>I dati sono trattati al solo scopo di inviare comunicazioni in merito alle nostre iniziative e ai progetti, senza alcuna possibilit\u00e0 di scambio degli stessi dati con soggetti terzi, n\u00e9 a titolo oneroso, n\u00e9 gratuito.<\/p>\n\n\n\n<p class=\"has-text-align-center\"><a href=\"http:\/\/parco-maremma.it\/wp-content\/uploads\/2021\/07\/Informativa-Newsletter.pdf\" target=\"_blank\" rel=\"noreferrer noopener\"><strong>Informativa Newsletter<\/strong><\/a><\/p>\n","protected":false},"excerpt":{"rendered":"<p>Il regolamento generale sulla protezione dei dati (in inglese General Data Protection Regulation), ufficialmente regolamento (UE) n. 2016\/679 e meglio noto con la sigla GDPR, \u00e8 un regolamento dell\u2019Unione europea&#8230;<\/p>\n","protected":false},"author":9,"featured_media":0,"parent":6530,"menu_order":0,"comment_status":"closed","ping_status":"closed","template":"","meta":{"_uag_custom_page_level_css":"","footnotes":""},"class_list":["post-15079","page","type-page","status-publish","hentry"],"acf":[],"yoast_head":"<!-- This site is optimized with the Yoast SEO plugin v25.5 - https:\/\/yoast.com\/wordpress\/plugins\/seo\/ -->\n<title>Protezione dei dati personali - Parco Maremma<\/title>\n<meta name=\"robots\" content=\"index, follow, max-snippet:-1, max-image-preview:large, max-video-preview:-1\" \/>\n<link rel=\"canonical\" href=\"https:\/\/parco-maremma.it\/amministrazione-trasparente\/altri-contenuti\/protezione-dei-dati-personali\/\" \/>\n<meta property=\"og:locale\" content=\"en_US\" \/>\n<meta property=\"og:type\" content=\"article\" \/>\n<meta property=\"og:title\" content=\"Protezione dei dati personali - Parco Maremma\" \/>\n<meta property=\"og:description\" content=\"Il regolamento generale sulla protezione dei dati (in inglese General Data Protection Regulation), ufficialmente regolamento (UE) n. 2016\/679 e meglio noto con la sigla GDPR, \u00e8 un regolamento dell\u2019Unione europea...\" \/>\n<meta property=\"og:url\" content=\"https:\/\/parco-maremma.it\/amministrazione-trasparente\/altri-contenuti\/protezione-dei-dati-personali\/\" \/>\n<meta property=\"og:site_name\" content=\"Parco Maremma\" \/>\n<meta property=\"article:publisher\" content=\"https:\/\/www.facebook.com\/parcodellamaremma\" \/>\n<meta property=\"article:modified_time\" content=\"2021-08-06T09:14:29+00:00\" \/>\n<meta property=\"og:image\" content=\"https:\/\/parco-maremma.it\/wp-content\/uploads\/2023\/12\/Logo-sito.png\" \/>\n\t<meta property=\"og:image:width\" content=\"1000\" \/>\n\t<meta property=\"og:image:height\" content=\"1000\" \/>\n\t<meta property=\"og:image:type\" content=\"image\/png\" \/>\n<meta name=\"twitter:card\" content=\"summary_large_image\" \/>\n<meta name=\"twitter:label1\" content=\"Est. reading time\" \/>\n\t<meta name=\"twitter:data1\" content=\"2 minutes\" \/>\n<script type=\"application\/ld+json\" class=\"yoast-schema-graph\">{\"@context\":\"https:\/\/schema.org\",\"@graph\":[{\"@type\":\"WebPage\",\"@id\":\"https:\/\/parco-maremma.it\/amministrazione-trasparente\/altri-contenuti\/protezione-dei-dati-personali\/\",\"url\":\"https:\/\/parco-maremma.it\/amministrazione-trasparente\/altri-contenuti\/protezione-dei-dati-personali\/\",\"name\":\"Protezione dei dati personali - Parco Maremma\",\"isPartOf\":{\"@id\":\"https:\/\/parco-maremma.it\/#website\"},\"datePublished\":\"2021-07-20T11:23:44+00:00\",\"dateModified\":\"2021-08-06T09:14:29+00:00\",\"breadcrumb\":{\"@id\":\"https:\/\/parco-maremma.it\/amministrazione-trasparente\/altri-contenuti\/protezione-dei-dati-personali\/#breadcrumb\"},\"inLanguage\":\"en-US\",\"potentialAction\":[{\"@type\":\"ReadAction\",\"target\":[\"https:\/\/parco-maremma.it\/amministrazione-trasparente\/altri-contenuti\/protezione-dei-dati-personali\/\"]}]},{\"@type\":\"BreadcrumbList\",\"@id\":\"https:\/\/parco-maremma.it\/amministrazione-trasparente\/altri-contenuti\/protezione-dei-dati-personali\/#breadcrumb\",\"itemListElement\":[{\"@type\":\"ListItem\",\"position\":1,\"name\":\"Home\",\"item\":\"https:\/\/parco-maremma.it\/en\/home\/\"},{\"@type\":\"ListItem\",\"position\":2,\"name\":\"Amministrazione trasparente\",\"item\":\"https:\/\/parco-maremma.it\/amministrazione-trasparente\/\"},{\"@type\":\"ListItem\",\"position\":3,\"name\":\"Altri contenuti\",\"item\":\"https:\/\/parco-maremma.it\/amministrazione-trasparente\/altri-contenuti\/\"},{\"@type\":\"ListItem\",\"position\":4,\"name\":\"Protezione dei dati personali\"}]},{\"@type\":\"WebSite\",\"@id\":\"https:\/\/parco-maremma.it\/#website\",\"url\":\"https:\/\/parco-maremma.it\/\",\"name\":\"Parco Maremma\",\"description\":\"Sito ufficiale del Parco Regionale della Maremma\",\"publisher\":{\"@id\":\"https:\/\/parco-maremma.it\/#organization\"},\"potentialAction\":[{\"@type\":\"SearchAction\",\"target\":{\"@type\":\"EntryPoint\",\"urlTemplate\":\"https:\/\/parco-maremma.it\/?s={search_term_string}\"},\"query-input\":{\"@type\":\"PropertyValueSpecification\",\"valueRequired\":true,\"valueName\":\"search_term_string\"}}],\"inLanguage\":\"en-US\"},{\"@type\":\"Organization\",\"@id\":\"https:\/\/parco-maremma.it\/#organization\",\"name\":\"Parco Maremma\",\"url\":\"https:\/\/parco-maremma.it\/\",\"logo\":{\"@type\":\"ImageObject\",\"inLanguage\":\"en-US\",\"@id\":\"https:\/\/parco-maremma.it\/#\/schema\/logo\/image\/\",\"url\":\"https:\/\/parco-maremma.it\/wp-content\/uploads\/2023\/12\/Logo-sito.png\",\"contentUrl\":\"https:\/\/parco-maremma.it\/wp-content\/uploads\/2023\/12\/Logo-sito.png\",\"width\":1000,\"height\":1000,\"caption\":\"Parco Maremma\"},\"image\":{\"@id\":\"https:\/\/parco-maremma.it\/#\/schema\/logo\/image\/\"},\"sameAs\":[\"https:\/\/www.facebook.com\/parcodellamaremma\",\"https:\/\/www.instagram.com\/parcomaremma\"]}]}<\/script>\n<!-- \/ Yoast SEO plugin. -->","yoast_head_json":{"title":"Protezione dei dati personali - Parco Maremma","robots":{"index":"index","follow":"follow","max-snippet":"max-snippet:-1","max-image-preview":"max-image-preview:large","max-video-preview":"max-video-preview:-1"},"canonical":"https:\/\/parco-maremma.it\/amministrazione-trasparente\/altri-contenuti\/protezione-dei-dati-personali\/","og_locale":"en_US","og_type":"article","og_title":"Protezione dei dati personali - Parco Maremma","og_description":"Il regolamento generale sulla protezione dei dati (in inglese General Data Protection Regulation), ufficialmente regolamento (UE) n. 2016\/679 e meglio noto con la sigla GDPR, \u00e8 un regolamento dell\u2019Unione europea...","og_url":"https:\/\/parco-maremma.it\/amministrazione-trasparente\/altri-contenuti\/protezione-dei-dati-personali\/","og_site_name":"Parco Maremma","article_publisher":"https:\/\/www.facebook.com\/parcodellamaremma","article_modified_time":"2021-08-06T09:14:29+00:00","og_image":[{"width":1000,"height":1000,"url":"https:\/\/parco-maremma.it\/wp-content\/uploads\/2023\/12\/Logo-sito.png","type":"image\/png"}],"twitter_card":"summary_large_image","twitter_misc":{"Est. reading time":"2 minutes"},"schema":{"@context":"https:\/\/schema.org","@graph":[{"@type":"WebPage","@id":"https:\/\/parco-maremma.it\/amministrazione-trasparente\/altri-contenuti\/protezione-dei-dati-personali\/","url":"https:\/\/parco-maremma.it\/amministrazione-trasparente\/altri-contenuti\/protezione-dei-dati-personali\/","name":"Protezione dei dati personali - Parco Maremma","isPartOf":{"@id":"https:\/\/parco-maremma.it\/#website"},"datePublished":"2021-07-20T11:23:44+00:00","dateModified":"2021-08-06T09:14:29+00:00","breadcrumb":{"@id":"https:\/\/parco-maremma.it\/amministrazione-trasparente\/altri-contenuti\/protezione-dei-dati-personali\/#breadcrumb"},"inLanguage":"en-US","potentialAction":[{"@type":"ReadAction","target":["https:\/\/parco-maremma.it\/amministrazione-trasparente\/altri-contenuti\/protezione-dei-dati-personali\/"]}]},{"@type":"BreadcrumbList","@id":"https:\/\/parco-maremma.it\/amministrazione-trasparente\/altri-contenuti\/protezione-dei-dati-personali\/#breadcrumb","itemListElement":[{"@type":"ListItem","position":1,"name":"Home","item":"https:\/\/parco-maremma.it\/en\/home\/"},{"@type":"ListItem","position":2,"name":"Amministrazione trasparente","item":"https:\/\/parco-maremma.it\/amministrazione-trasparente\/"},{"@type":"ListItem","position":3,"name":"Altri contenuti","item":"https:\/\/parco-maremma.it\/amministrazione-trasparente\/altri-contenuti\/"},{"@type":"ListItem","position":4,"name":"Protezione dei dati personali"}]},{"@type":"WebSite","@id":"https:\/\/parco-maremma.it\/#website","url":"https:\/\/parco-maremma.it\/","name":"Parco Maremma","description":"Sito ufficiale del Parco Regionale della Maremma","publisher":{"@id":"https:\/\/parco-maremma.it\/#organization"},"potentialAction":[{"@type":"SearchAction","target":{"@type":"EntryPoint","urlTemplate":"https:\/\/parco-maremma.it\/?s={search_term_string}"},"query-input":{"@type":"PropertyValueSpecification","valueRequired":true,"valueName":"search_term_string"}}],"inLanguage":"en-US"},{"@type":"Organization","@id":"https:\/\/parco-maremma.it\/#organization","name":"Parco Maremma","url":"https:\/\/parco-maremma.it\/","logo":{"@type":"ImageObject","inLanguage":"en-US","@id":"https:\/\/parco-maremma.it\/#\/schema\/logo\/image\/","url":"https:\/\/parco-maremma.it\/wp-content\/uploads\/2023\/12\/Logo-sito.png","contentUrl":"https:\/\/parco-maremma.it\/wp-content\/uploads\/2023\/12\/Logo-sito.png","width":1000,"height":1000,"caption":"Parco Maremma"},"image":{"@id":"https:\/\/parco-maremma.it\/#\/schema\/logo\/image\/"},"sameAs":["https:\/\/www.facebook.com\/parcodellamaremma","https:\/\/www.instagram.com\/parcomaremma"]}]}},"uagb_featured_image_src":{"full":false,"thumbnail":false,"medium":false,"large":false,"us_400_200_crop":false,"us_600_400_crop":false,"us_1440_500_crop":false},"uagb_author_info":{"display_name":"lunardi","author_link":"https:\/\/parco-maremma.it\/en\/author\/lunardi\/"},"uagb_comment_info":0,"uagb_excerpt":"Il regolamento generale sulla protezione dei dati (in inglese General Data Protection Regulation), ufficialmente regolamento (UE) n. 2016\/679 e meglio noto con la sigla GDPR, \u00e8 un regolamento dell\u2019Unione europea...","_links":{"self":[{"href":"https:\/\/parco-maremma.it\/en\/wp-json\/wp\/v2\/pages\/15079","targetHints":{"allow":["GET"]}}],"collection":[{"href":"https:\/\/parco-maremma.it\/en\/wp-json\/wp\/v2\/pages"}],"about":[{"href":"https:\/\/parco-maremma.it\/en\/wp-json\/wp\/v2\/types\/page"}],"author":[{"embeddable":true,"href":"https:\/\/parco-maremma.it\/en\/wp-json\/wp\/v2\/users\/9"}],"replies":[{"embeddable":true,"href":"https:\/\/parco-maremma.it\/en\/wp-json\/wp\/v2\/comments?post=15079"}],"version-history":[{"count":3,"href":"https:\/\/parco-maremma.it\/en\/wp-json\/wp\/v2\/pages\/15079\/revisions"}],"predecessor-version":[{"id":15276,"href":"https:\/\/parco-maremma.it\/en\/wp-json\/wp\/v2\/pages\/15079\/revisions\/15276"}],"up":[{"embeddable":true,"href":"https:\/\/parco-maremma.it\/en\/wp-json\/wp\/v2\/pages\/6530"}],"wp:attachment":[{"href":"https:\/\/parco-maremma.it\/en\/wp-json\/wp\/v2\/media?parent=15079"}],"curies":[{"name":"wp","href":"https:\/\/api.w.org\/{rel}","templated":true}]}}