{"id":12977,"date":"2021-07-08T16:47:45","date_gmt":"2021-07-08T16:47:45","guid":{"rendered":"http:\/\/parco-maremma.it\/?page_id=12977"},"modified":"2021-07-08T16:47:47","modified_gmt":"2021-07-08T16:47:47","slug":"ecocontatore-biciclette-in-loc-vaccareccia","status":"publish","type":"page","link":"https:\/\/parco-maremma.it\/en\/cosa-facciamo\/progetti-di-valorizzazione-e-manutenzione\/ecocontatore-biciclette-in-loc-vaccareccia\/","title":{"rendered":"Ecocontatore biciclette in loc. Vaccareccia"},"content":{"rendered":"\n<p>L&#8217;impegno dell&#8217;Ente Parco a sostegno dello sviluppo della mobilit\u00e0 a maggior sostenibilit\u00e0 ambientale si \u00e8 concretizzata nel vertiginoso incremento della modalit\u00e0 di visita in bicicletta, nel nostro territorio. Lo sviluppo del sistema ciclabile e l&#8217;apertura di tutti gli itinerari a questo mezzo, unitamente alla chiusura al transito dell&#8217;autobus per il trasporto dei visitatori sulla Strada degli Ulivi, ha portato ad un risultato di notevole interesse riassunto nel grafico degli ingressi sugli intinerari ciclabili dal 2016 al 2019:<\/p>\n\n\n\n<figure class=\"wp-block-image size-large is-style-default\"><img loading=\"lazy\" decoding=\"async\" width=\"1828\" height=\"799\" src=\"http:\/\/parco-maremma.it\/wp-content\/uploads\/2020\/02\/Itinerari-BICI-2016-2019.jpg\" alt=\"\" class=\"wp-image-4266\" srcset=\"https:\/\/parco-maremma.it\/wp-content\/uploads\/2020\/02\/Itinerari-BICI-2016-2019.jpg 1828w, https:\/\/parco-maremma.it\/wp-content\/uploads\/2020\/02\/Itinerari-BICI-2016-2019-300x131.jpg 300w\" sizes=\"auto, (max-width: 1828px) 100vw, 1828px\" \/><\/figure>\n\n\n\n<p>Alla fine di luglio del 2019 \u00e8 stato introdotto un meccanismo automatico di controllo degli accessi in bicicletta\u00a0 sulla Strada del Mare, costituito da un sistema denominato \u201c<em>People Counter\u201d (Eco contatore)\u00a0<\/em>che attraverso l\u2019uso di una telecamera con controllo remoto tramite software, consente di elaborare i dati registrati su qualsiasi base temporale ed in tempo reale.<br>Il sistema \u00e8 gestito da un software denominato<a href=\"https:\/\/www.mtechnology.it\/mt-smart-pss.1.0.0.gd.2630.uw\" target=\"_blank\" rel=\"noreferrer noopener\">\u00a0<em>SMARTPSS<\/em>\u00a0(<em>Smart Professional Surveillance System<\/em>)<\/a>.<br>Qui sotto immagine della vista in tempo reale del dispositivo collocato in loc. Vacchereccia sulla corsia di transito dei velocipedi, adiacente il sistema automatizzato di sbarre per l\u2019accesso sulla strada del Mare:<\/p>\n\n\n\n<figure class=\"wp-block-image size-large is-style-default\"><img loading=\"lazy\" decoding=\"async\" width=\"1344\" height=\"887\" src=\"http:\/\/parco-maremma.it\/wp-content\/uploads\/2020\/02\/Eco-contatore-Vacchereccia.png\" alt=\"\" class=\"wp-image-4251\" srcset=\"https:\/\/parco-maremma.it\/wp-content\/uploads\/2020\/02\/Eco-contatore-Vacchereccia.png 1344w, https:\/\/parco-maremma.it\/wp-content\/uploads\/2020\/02\/Eco-contatore-Vacchereccia-300x198.png 300w\" sizes=\"auto, (max-width: 1344px) 100vw, 1344px\" \/><\/figure>\n\n\n\n<p>A titolo di esempio si riportano i dati di accesso, elaborati dal sistema, relativi al mese di agosto 2020:<\/p>\n\n\n\n<figure class=\"wp-block-image size-large is-style-default\"><img loading=\"lazy\" decoding=\"async\" width=\"727\" height=\"378\" src=\"http:\/\/parco-maremma.it\/wp-content\/uploads\/2020\/11\/accessi-bici-agosto-2020.png\" alt=\"\" class=\"wp-image-4631\" srcset=\"https:\/\/parco-maremma.it\/wp-content\/uploads\/2020\/11\/accessi-bici-agosto-2020.png 727w, https:\/\/parco-maremma.it\/wp-content\/uploads\/2020\/11\/accessi-bici-agosto-2020-300x156.png 300w\" sizes=\"auto, (max-width: 727px) 100vw, 727px\" \/><\/figure>\n\n\n\n<p>Si riporta qui sotto il riepilogo generale dei transiti nel 2020, fino al 21 ottobre, che triplica il dato di accesso dell&#8217;anno precedente infatti\u00a0<strong>alla data del 31 ottobre 2019 gli accessi totali erano stati complessivamente circa 22.000.<\/strong><\/p>\n\n\n\n<figure class=\"wp-block-image size-large is-style-default\"><img loading=\"lazy\" decoding=\"async\" width=\"297\" height=\"363\" src=\"http:\/\/parco-maremma.it\/wp-content\/uploads\/2020\/11\/bici-totali-21ott2020.png\" alt=\"\" class=\"wp-image-4633\" srcset=\"https:\/\/parco-maremma.it\/wp-content\/uploads\/2020\/11\/bici-totali-21ott2020.png 297w, https:\/\/parco-maremma.it\/wp-content\/uploads\/2020\/11\/bici-totali-21ott2020-245x300.png 245w\" sizes=\"auto, (max-width: 297px) 100vw, 297px\" \/><\/figure>\n\n\n\n<p>Il dato relativo ai transiti in uscita comprende sia quelli effettuati percorrendo l&#8217;itinerario interno che, passando dalla Strada degli Olivi raggiunge Collelungo e poi Marina di Alberese, sia quelli derivanti dalla sola percorrenza della pista ciclabile da Alberese per Marina.<\/p>\n","protected":false},"excerpt":{"rendered":"<p>L&#8217;impegno dell&#8217;Ente Parco a sostegno dello sviluppo della mobilit\u00e0 a maggior sostenibilit\u00e0 ambientale si \u00e8 concretizzata nel vertiginoso incremento della modalit\u00e0 di visita in bicicletta, nel nostro territorio. Lo sviluppo&#8230;<\/p>\n","protected":false},"author":12,"featured_media":4817,"parent":12966,"menu_order":0,"comment_status":"closed","ping_status":"closed","template":"","meta":{"_uag_custom_page_level_css":"","footnotes":""},"class_list":["post-12977","page","type-page","status-publish","has-post-thumbnail","hentry"],"acf":[],"yoast_head":"<!-- This site is optimized with the Yoast SEO plugin v25.5 - https:\/\/yoast.com\/wordpress\/plugins\/seo\/ -->\n<title>Ecocontatore biciclette in loc. Vaccareccia - Parco Maremma<\/title>\n<meta name=\"robots\" content=\"index, follow, max-snippet:-1, max-image-preview:large, max-video-preview:-1\" \/>\n<link rel=\"canonical\" href=\"https:\/\/parco-maremma.it\/cosa-facciamo\/progetti-di-valorizzazione-e-manutenzione\/ecocontatore-biciclette-in-loc-vaccareccia\/\" \/>\n<meta property=\"og:locale\" content=\"en_US\" \/>\n<meta property=\"og:type\" content=\"article\" \/>\n<meta property=\"og:title\" content=\"Ecocontatore biciclette in loc. Vaccareccia - Parco Maremma\" \/>\n<meta property=\"og:description\" content=\"L&#8217;impegno dell&#8217;Ente Parco a sostegno dello sviluppo della mobilit\u00e0 a maggior sostenibilit\u00e0 ambientale si \u00e8 concretizzata nel vertiginoso incremento della modalit\u00e0 di visita in bicicletta, nel nostro territorio. Lo sviluppo...\" \/>\n<meta property=\"og:url\" content=\"https:\/\/parco-maremma.it\/cosa-facciamo\/progetti-di-valorizzazione-e-manutenzione\/ecocontatore-biciclette-in-loc-vaccareccia\/\" \/>\n<meta property=\"og:site_name\" content=\"Parco Maremma\" \/>\n<meta property=\"article:publisher\" content=\"https:\/\/www.facebook.com\/parcodellamaremma\" \/>\n<meta property=\"article:modified_time\" content=\"2021-07-08T16:47:47+00:00\" \/>\n<meta property=\"og:image\" content=\"https:\/\/parco-maremma.it\/wp-content\/uploads\/2021\/05\/Panorama-Torre-Castelmarino-1.jpg\" \/>\n\t<meta property=\"og:image:width\" content=\"1911\" \/>\n\t<meta property=\"og:image:height\" content=\"1378\" \/>\n\t<meta property=\"og:image:type\" content=\"image\/jpeg\" \/>\n<meta name=\"twitter:card\" content=\"summary_large_image\" \/>\n<meta name=\"twitter:label1\" content=\"Est. reading time\" \/>\n\t<meta name=\"twitter:data1\" content=\"3 minutes\" \/>\n<script type=\"application\/ld+json\" class=\"yoast-schema-graph\">{\"@context\":\"https:\/\/schema.org\",\"@graph\":[{\"@type\":\"WebPage\",\"@id\":\"https:\/\/parco-maremma.it\/cosa-facciamo\/progetti-di-valorizzazione-e-manutenzione\/ecocontatore-biciclette-in-loc-vaccareccia\/\",\"url\":\"https:\/\/parco-maremma.it\/cosa-facciamo\/progetti-di-valorizzazione-e-manutenzione\/ecocontatore-biciclette-in-loc-vaccareccia\/\",\"name\":\"Ecocontatore biciclette in loc. Vaccareccia - Parco Maremma\",\"isPartOf\":{\"@id\":\"https:\/\/parco-maremma.it\/#website\"},\"primaryImageOfPage\":{\"@id\":\"https:\/\/parco-maremma.it\/cosa-facciamo\/progetti-di-valorizzazione-e-manutenzione\/ecocontatore-biciclette-in-loc-vaccareccia\/#primaryimage\"},\"image\":{\"@id\":\"https:\/\/parco-maremma.it\/cosa-facciamo\/progetti-di-valorizzazione-e-manutenzione\/ecocontatore-biciclette-in-loc-vaccareccia\/#primaryimage\"},\"thumbnailUrl\":\"https:\/\/parco-maremma.it\/wp-content\/uploads\/2021\/05\/Panorama-Torre-Castelmarino-1.jpg\",\"datePublished\":\"2021-07-08T16:47:45+00:00\",\"dateModified\":\"2021-07-08T16:47:47+00:00\",\"breadcrumb\":{\"@id\":\"https:\/\/parco-maremma.it\/cosa-facciamo\/progetti-di-valorizzazione-e-manutenzione\/ecocontatore-biciclette-in-loc-vaccareccia\/#breadcrumb\"},\"inLanguage\":\"en-US\",\"potentialAction\":[{\"@type\":\"ReadAction\",\"target\":[\"https:\/\/parco-maremma.it\/cosa-facciamo\/progetti-di-valorizzazione-e-manutenzione\/ecocontatore-biciclette-in-loc-vaccareccia\/\"]}]},{\"@type\":\"ImageObject\",\"inLanguage\":\"en-US\",\"@id\":\"https:\/\/parco-maremma.it\/cosa-facciamo\/progetti-di-valorizzazione-e-manutenzione\/ecocontatore-biciclette-in-loc-vaccareccia\/#primaryimage\",\"url\":\"https:\/\/parco-maremma.it\/wp-content\/uploads\/2021\/05\/Panorama-Torre-Castelmarino-1.jpg\",\"contentUrl\":\"https:\/\/parco-maremma.it\/wp-content\/uploads\/2021\/05\/Panorama-Torre-Castelmarino-1.jpg\",\"width\":1911,\"height\":1378,\"caption\":\"Panorama Torre Castelmarino\"},{\"@type\":\"BreadcrumbList\",\"@id\":\"https:\/\/parco-maremma.it\/cosa-facciamo\/progetti-di-valorizzazione-e-manutenzione\/ecocontatore-biciclette-in-loc-vaccareccia\/#breadcrumb\",\"itemListElement\":[{\"@type\":\"ListItem\",\"position\":1,\"name\":\"Home\",\"item\":\"https:\/\/parco-maremma.it\/en\/home\/\"},{\"@type\":\"ListItem\",\"position\":2,\"name\":\"Cosa facciamo\",\"item\":\"https:\/\/parco-maremma.it\/cosa-facciamo\/\"},{\"@type\":\"ListItem\",\"position\":3,\"name\":\"Progetti di valorizzazione e manutenzione\",\"item\":\"https:\/\/parco-maremma.it\/cosa-facciamo\/progetti-di-valorizzazione-e-manutenzione\/\"},{\"@type\":\"ListItem\",\"position\":4,\"name\":\"Ecocontatore biciclette in loc. Vaccareccia\"}]},{\"@type\":\"WebSite\",\"@id\":\"https:\/\/parco-maremma.it\/#website\",\"url\":\"https:\/\/parco-maremma.it\/\",\"name\":\"Parco Maremma\",\"description\":\"Sito ufficiale del Parco Regionale della Maremma\",\"publisher\":{\"@id\":\"https:\/\/parco-maremma.it\/#organization\"},\"potentialAction\":[{\"@type\":\"SearchAction\",\"target\":{\"@type\":\"EntryPoint\",\"urlTemplate\":\"https:\/\/parco-maremma.it\/?s={search_term_string}\"},\"query-input\":{\"@type\":\"PropertyValueSpecification\",\"valueRequired\":true,\"valueName\":\"search_term_string\"}}],\"inLanguage\":\"en-US\"},{\"@type\":\"Organization\",\"@id\":\"https:\/\/parco-maremma.it\/#organization\",\"name\":\"Parco Maremma\",\"url\":\"https:\/\/parco-maremma.it\/\",\"logo\":{\"@type\":\"ImageObject\",\"inLanguage\":\"en-US\",\"@id\":\"https:\/\/parco-maremma.it\/#\/schema\/logo\/image\/\",\"url\":\"https:\/\/parco-maremma.it\/wp-content\/uploads\/2023\/12\/Logo-sito.png\",\"contentUrl\":\"https:\/\/parco-maremma.it\/wp-content\/uploads\/2023\/12\/Logo-sito.png\",\"width\":1000,\"height\":1000,\"caption\":\"Parco Maremma\"},\"image\":{\"@id\":\"https:\/\/parco-maremma.it\/#\/schema\/logo\/image\/\"},\"sameAs\":[\"https:\/\/www.facebook.com\/parcodellamaremma\",\"https:\/\/www.instagram.com\/parcomaremma\"]}]}<\/script>\n<!-- \/ Yoast SEO plugin. -->","yoast_head_json":{"title":"Ecocontatore biciclette in loc. Vaccareccia - Parco Maremma","robots":{"index":"index","follow":"follow","max-snippet":"max-snippet:-1","max-image-preview":"max-image-preview:large","max-video-preview":"max-video-preview:-1"},"canonical":"https:\/\/parco-maremma.it\/cosa-facciamo\/progetti-di-valorizzazione-e-manutenzione\/ecocontatore-biciclette-in-loc-vaccareccia\/","og_locale":"en_US","og_type":"article","og_title":"Ecocontatore biciclette in loc. Vaccareccia - Parco Maremma","og_description":"L&#8217;impegno dell&#8217;Ente Parco a sostegno dello sviluppo della mobilit\u00e0 a maggior sostenibilit\u00e0 ambientale si \u00e8 concretizzata nel vertiginoso incremento della modalit\u00e0 di visita in bicicletta, nel nostro territorio. Lo sviluppo...","og_url":"https:\/\/parco-maremma.it\/cosa-facciamo\/progetti-di-valorizzazione-e-manutenzione\/ecocontatore-biciclette-in-loc-vaccareccia\/","og_site_name":"Parco Maremma","article_publisher":"https:\/\/www.facebook.com\/parcodellamaremma","article_modified_time":"2021-07-08T16:47:47+00:00","og_image":[{"width":1911,"height":1378,"url":"https:\/\/parco-maremma.it\/wp-content\/uploads\/2021\/05\/Panorama-Torre-Castelmarino-1.jpg","type":"image\/jpeg"}],"twitter_card":"summary_large_image","twitter_misc":{"Est. reading time":"3 minutes"},"schema":{"@context":"https:\/\/schema.org","@graph":[{"@type":"WebPage","@id":"https:\/\/parco-maremma.it\/cosa-facciamo\/progetti-di-valorizzazione-e-manutenzione\/ecocontatore-biciclette-in-loc-vaccareccia\/","url":"https:\/\/parco-maremma.it\/cosa-facciamo\/progetti-di-valorizzazione-e-manutenzione\/ecocontatore-biciclette-in-loc-vaccareccia\/","name":"Ecocontatore biciclette in loc. Vaccareccia - Parco Maremma","isPartOf":{"@id":"https:\/\/parco-maremma.it\/#website"},"primaryImageOfPage":{"@id":"https:\/\/parco-maremma.it\/cosa-facciamo\/progetti-di-valorizzazione-e-manutenzione\/ecocontatore-biciclette-in-loc-vaccareccia\/#primaryimage"},"image":{"@id":"https:\/\/parco-maremma.it\/cosa-facciamo\/progetti-di-valorizzazione-e-manutenzione\/ecocontatore-biciclette-in-loc-vaccareccia\/#primaryimage"},"thumbnailUrl":"https:\/\/parco-maremma.it\/wp-content\/uploads\/2021\/05\/Panorama-Torre-Castelmarino-1.jpg","datePublished":"2021-07-08T16:47:45+00:00","dateModified":"2021-07-08T16:47:47+00:00","breadcrumb":{"@id":"https:\/\/parco-maremma.it\/cosa-facciamo\/progetti-di-valorizzazione-e-manutenzione\/ecocontatore-biciclette-in-loc-vaccareccia\/#breadcrumb"},"inLanguage":"en-US","potentialAction":[{"@type":"ReadAction","target":["https:\/\/parco-maremma.it\/cosa-facciamo\/progetti-di-valorizzazione-e-manutenzione\/ecocontatore-biciclette-in-loc-vaccareccia\/"]}]},{"@type":"ImageObject","inLanguage":"en-US","@id":"https:\/\/parco-maremma.it\/cosa-facciamo\/progetti-di-valorizzazione-e-manutenzione\/ecocontatore-biciclette-in-loc-vaccareccia\/#primaryimage","url":"https:\/\/parco-maremma.it\/wp-content\/uploads\/2021\/05\/Panorama-Torre-Castelmarino-1.jpg","contentUrl":"https:\/\/parco-maremma.it\/wp-content\/uploads\/2021\/05\/Panorama-Torre-Castelmarino-1.jpg","width":1911,"height":1378,"caption":"Panorama Torre Castelmarino"},{"@type":"BreadcrumbList","@id":"https:\/\/parco-maremma.it\/cosa-facciamo\/progetti-di-valorizzazione-e-manutenzione\/ecocontatore-biciclette-in-loc-vaccareccia\/#breadcrumb","itemListElement":[{"@type":"ListItem","position":1,"name":"Home","item":"https:\/\/parco-maremma.it\/en\/home\/"},{"@type":"ListItem","position":2,"name":"Cosa facciamo","item":"https:\/\/parco-maremma.it\/cosa-facciamo\/"},{"@type":"ListItem","position":3,"name":"Progetti di valorizzazione e manutenzione","item":"https:\/\/parco-maremma.it\/cosa-facciamo\/progetti-di-valorizzazione-e-manutenzione\/"},{"@type":"ListItem","position":4,"name":"Ecocontatore biciclette in loc. Vaccareccia"}]},{"@type":"WebSite","@id":"https:\/\/parco-maremma.it\/#website","url":"https:\/\/parco-maremma.it\/","name":"Parco Maremma","description":"Sito ufficiale del Parco Regionale della Maremma","publisher":{"@id":"https:\/\/parco-maremma.it\/#organization"},"potentialAction":[{"@type":"SearchAction","target":{"@type":"EntryPoint","urlTemplate":"https:\/\/parco-maremma.it\/?s={search_term_string}"},"query-input":{"@type":"PropertyValueSpecification","valueRequired":true,"valueName":"search_term_string"}}],"inLanguage":"en-US"},{"@type":"Organization","@id":"https:\/\/parco-maremma.it\/#organization","name":"Parco Maremma","url":"https:\/\/parco-maremma.it\/","logo":{"@type":"ImageObject","inLanguage":"en-US","@id":"https:\/\/parco-maremma.it\/#\/schema\/logo\/image\/","url":"https:\/\/parco-maremma.it\/wp-content\/uploads\/2023\/12\/Logo-sito.png","contentUrl":"https:\/\/parco-maremma.it\/wp-content\/uploads\/2023\/12\/Logo-sito.png","width":1000,"height":1000,"caption":"Parco Maremma"},"image":{"@id":"https:\/\/parco-maremma.it\/#\/schema\/logo\/image\/"},"sameAs":["https:\/\/www.facebook.com\/parcodellamaremma","https:\/\/www.instagram.com\/parcomaremma"]}]}},"uagb_featured_image_src":{"full":["https:\/\/parco-maremma.it\/wp-content\/uploads\/2021\/05\/Panorama-Torre-Castelmarino-1.jpg",1911,1378,false],"thumbnail":["https:\/\/parco-maremma.it\/wp-content\/uploads\/2021\/05\/Panorama-Torre-Castelmarino-1-150x150.jpg",150,150,true],"medium":["https:\/\/parco-maremma.it\/wp-content\/uploads\/2021\/05\/Panorama-Torre-Castelmarino-1-300x216.jpg",300,216,true],"large":["https:\/\/parco-maremma.it\/wp-content\/uploads\/2021\/05\/Panorama-Torre-Castelmarino-1-1024x738.jpg",1024,738,true],"us_400_200_crop":["https:\/\/parco-maremma.it\/wp-content\/uploads\/2021\/05\/Panorama-Torre-Castelmarino-1-400x200.jpg",400,200,true],"us_600_400_crop":["https:\/\/parco-maremma.it\/wp-content\/uploads\/2021\/05\/Panorama-Torre-Castelmarino-1-600x400.jpg",600,400,true],"us_1440_500_crop":["https:\/\/parco-maremma.it\/wp-content\/uploads\/2021\/05\/Panorama-Torre-Castelmarino-1-1440x500.jpg",1440,500,true]},"uagb_author_info":{"display_name":"Webmapp","author_link":"https:\/\/parco-maremma.it\/en\/author\/webmapp\/"},"uagb_comment_info":0,"uagb_excerpt":"L&#8217;impegno dell&#8217;Ente Parco a sostegno dello sviluppo della mobilit\u00e0 a maggior sostenibilit\u00e0 ambientale si \u00e8 concretizzata nel vertiginoso incremento della modalit\u00e0 di visita in bicicletta, nel nostro territorio. Lo sviluppo...","_links":{"self":[{"href":"https:\/\/parco-maremma.it\/en\/wp-json\/wp\/v2\/pages\/12977","targetHints":{"allow":["GET"]}}],"collection":[{"href":"https:\/\/parco-maremma.it\/en\/wp-json\/wp\/v2\/pages"}],"about":[{"href":"https:\/\/parco-maremma.it\/en\/wp-json\/wp\/v2\/types\/page"}],"author":[{"embeddable":true,"href":"https:\/\/parco-maremma.it\/en\/wp-json\/wp\/v2\/users\/12"}],"replies":[{"embeddable":true,"href":"https:\/\/parco-maremma.it\/en\/wp-json\/wp\/v2\/comments?post=12977"}],"version-history":[{"count":1,"href":"https:\/\/parco-maremma.it\/en\/wp-json\/wp\/v2\/pages\/12977\/revisions"}],"predecessor-version":[{"id":12978,"href":"https:\/\/parco-maremma.it\/en\/wp-json\/wp\/v2\/pages\/12977\/revisions\/12978"}],"up":[{"embeddable":true,"href":"https:\/\/parco-maremma.it\/en\/wp-json\/wp\/v2\/pages\/12966"}],"wp:featuredmedia":[{"embeddable":true,"href":"https:\/\/parco-maremma.it\/en\/wp-json\/wp\/v2\/media\/4817"}],"wp:attachment":[{"href":"https:\/\/parco-maremma.it\/en\/wp-json\/wp\/v2\/media?parent=12977"}],"curies":[{"name":"wp","href":"https:\/\/api.w.org\/{rel}","templated":true}]}}