{"id":12973,"date":"2021-07-08T16:40:04","date_gmt":"2021-07-08T16:40:04","guid":{"rendered":"http:\/\/parco-maremma.it\/?page_id=12973"},"modified":"2021-07-08T16:40:06","modified_gmt":"2021-07-08T16:40:06","slug":"manutenzione-ponte-strada-del-mare-in-loc-scoglietto","status":"publish","type":"page","link":"https:\/\/parco-maremma.it\/en\/cosa-facciamo\/progetti-di-valorizzazione-e-manutenzione\/manutenzione-ponte-strada-del-mare-in-loc-scoglietto\/","title":{"rendered":"Manutenzione ponte Strada del Mare in loc. Scoglietto"},"content":{"rendered":"\n<h3 class=\"wp-block-heading\">L\u2019Ente Parco \u00e8 proprietario della \u201cStrada del Mare\u201d che, dall\u2019intersezione con la Strada Provinciale di Alberese, conduce alla localit\u00e0 di Marina di Alberese e pertanto \u00e8 responsabile degli interventi di manutenzione ordinaria e straordinaria da eseguirsi su tale viabilit\u00e0.<\/h3>\n\n\n\n<p>Sulla stessa Strada del Mare \u00e8 presente un attraversamento\/ponte, in loc. Scoglietto, a servizio di un canale di bonifica che, negli ultimi mesi, ha subito un deterioramento rivelato dal movimento della balaustra posta sul lato sinistro, con relativo cedimento di una parte del fondo stradale, che necessitava di un intervento sollecito.<\/p>\n\n\n\n<figure class=\"wp-block-gallery columns-3 is-cropped wp-block-gallery-1 is-layout-flex wp-block-gallery-is-layout-flex\"><ul class=\"blocks-gallery-grid\"><li class=\"blocks-gallery-item\"><figure><img loading=\"lazy\" decoding=\"async\" width=\"4272\" height=\"2848\" src=\"http:\/\/parco-maremma.it\/wp-content\/uploads\/2020\/11\/Ponticino-2.jpg\" alt=\"\" data-id=\"4625\" data-full-url=\"http:\/\/parco-maremma.it\/wp-content\/uploads\/2020\/11\/Ponticino-2.jpg\" data-link=\"http:\/\/parco-maremma.it\/ponticino-2\/\" class=\"wp-image-4625\" srcset=\"https:\/\/parco-maremma.it\/wp-content\/uploads\/2020\/11\/Ponticino-2.jpg 4272w, https:\/\/parco-maremma.it\/wp-content\/uploads\/2020\/11\/Ponticino-2-300x200.jpg 300w\" sizes=\"auto, (max-width: 4272px) 100vw, 4272px\" \/><\/figure><\/li><li class=\"blocks-gallery-item\"><figure><img loading=\"lazy\" decoding=\"async\" width=\"2848\" height=\"4272\" src=\"http:\/\/parco-maremma.it\/wp-content\/uploads\/2020\/11\/Ponticino-1.jpg\" alt=\"\" data-id=\"4624\" data-full-url=\"http:\/\/parco-maremma.it\/wp-content\/uploads\/2020\/11\/Ponticino-1.jpg\" data-link=\"http:\/\/parco-maremma.it\/ponticino-1\/\" class=\"wp-image-4624\" srcset=\"https:\/\/parco-maremma.it\/wp-content\/uploads\/2020\/11\/Ponticino-1.jpg 2848w, https:\/\/parco-maremma.it\/wp-content\/uploads\/2020\/11\/Ponticino-1-200x300.jpg 200w\" sizes=\"auto, (max-width: 2848px) 100vw, 2848px\" \/><\/figure><\/li><li class=\"blocks-gallery-item\"><figure><img loading=\"lazy\" decoding=\"async\" width=\"3456\" height=\"4608\" src=\"http:\/\/parco-maremma.it\/wp-content\/uploads\/2020\/02\/IMG_20200219_084428.jpg\" alt=\"\" data-id=\"4257\" data-full-url=\"http:\/\/parco-maremma.it\/wp-content\/uploads\/2020\/02\/IMG_20200219_084428.jpg\" data-link=\"http:\/\/parco-maremma.it\/img_20200219_084428\/\" class=\"wp-image-4257\" srcset=\"https:\/\/parco-maremma.it\/wp-content\/uploads\/2020\/02\/IMG_20200219_084428.jpg 3456w, https:\/\/parco-maremma.it\/wp-content\/uploads\/2020\/02\/IMG_20200219_084428-225x300.jpg 225w\" sizes=\"auto, (max-width: 3456px) 100vw, 3456px\" \/><\/figure><\/li><li class=\"blocks-gallery-item\"><figure><img loading=\"lazy\" decoding=\"async\" width=\"4608\" height=\"3456\" src=\"http:\/\/parco-maremma.it\/wp-content\/uploads\/2020\/02\/IMG_20200219_084636.jpg\" alt=\"\" data-id=\"4259\" data-full-url=\"http:\/\/parco-maremma.it\/wp-content\/uploads\/2020\/02\/IMG_20200219_084636.jpg\" data-link=\"http:\/\/parco-maremma.it\/img_20200219_084636\/\" class=\"wp-image-4259\" srcset=\"https:\/\/parco-maremma.it\/wp-content\/uploads\/2020\/02\/IMG_20200219_084636.jpg 4608w, https:\/\/parco-maremma.it\/wp-content\/uploads\/2020\/02\/IMG_20200219_084636-300x225.jpg 300w\" sizes=\"auto, (max-width: 4608px) 100vw, 4608px\" \/><\/figure><\/li><li class=\"blocks-gallery-item\"><figure><img loading=\"lazy\" decoding=\"async\" width=\"4608\" height=\"3456\" src=\"http:\/\/parco-maremma.it\/wp-content\/uploads\/2020\/02\/IMG_20200219_084458.jpg\" alt=\"\" data-id=\"4258\" data-full-url=\"http:\/\/parco-maremma.it\/wp-content\/uploads\/2020\/02\/IMG_20200219_084458.jpg\" data-link=\"http:\/\/parco-maremma.it\/img_20200219_084458\/\" class=\"wp-image-4258\" srcset=\"https:\/\/parco-maremma.it\/wp-content\/uploads\/2020\/02\/IMG_20200219_084458.jpg 4608w, https:\/\/parco-maremma.it\/wp-content\/uploads\/2020\/02\/IMG_20200219_084458-300x225.jpg 300w\" sizes=\"auto, (max-width: 4608px) 100vw, 4608px\" \/><\/figure><\/li><\/ul><\/figure>\n","protected":false},"excerpt":{"rendered":"<p>L\u2019Ente Parco \u00e8 proprietario della \u201cStrada del Mare\u201d che, dall\u2019intersezione con la Strada Provinciale di Alberese, conduce alla localit\u00e0 di Marina di Alberese e pertanto \u00e8 responsabile degli interventi di&#8230;<\/p>\n","protected":false},"author":12,"featured_media":4817,"parent":12966,"menu_order":0,"comment_status":"closed","ping_status":"closed","template":"","meta":{"_uag_custom_page_level_css":"","footnotes":""},"class_list":["post-12973","page","type-page","status-publish","has-post-thumbnail","hentry"],"acf":[],"yoast_head":"<!-- This site is optimized with the Yoast SEO plugin v25.5 - https:\/\/yoast.com\/wordpress\/plugins\/seo\/ -->\n<title>Manutenzione ponte Strada del Mare in loc. Scoglietto - Parco Maremma<\/title>\n<meta name=\"robots\" content=\"index, follow, max-snippet:-1, max-image-preview:large, max-video-preview:-1\" \/>\n<link rel=\"canonical\" href=\"https:\/\/parco-maremma.it\/en\/cosa-facciamo\/progetti-di-valorizzazione-e-manutenzione\/manutenzione-ponte-strada-del-mare-in-loc-scoglietto\/\" \/>\n<meta property=\"og:locale\" content=\"en_US\" \/>\n<meta property=\"og:type\" content=\"article\" \/>\n<meta property=\"og:title\" content=\"Manutenzione ponte Strada del Mare in loc. Scoglietto - Parco Maremma\" \/>\n<meta property=\"og:description\" content=\"L\u2019Ente Parco \u00e8 proprietario della \u201cStrada del Mare\u201d che, dall\u2019intersezione con la Strada Provinciale di Alberese, conduce alla localit\u00e0 di Marina di Alberese e pertanto \u00e8 responsabile degli interventi di...\" \/>\n<meta property=\"og:url\" content=\"https:\/\/parco-maremma.it\/en\/cosa-facciamo\/progetti-di-valorizzazione-e-manutenzione\/manutenzione-ponte-strada-del-mare-in-loc-scoglietto\/\" \/>\n<meta property=\"og:site_name\" content=\"Parco Maremma\" \/>\n<meta property=\"article:publisher\" content=\"https:\/\/www.facebook.com\/parcodellamaremma\" \/>\n<meta property=\"article:modified_time\" content=\"2021-07-08T16:40:06+00:00\" \/>\n<meta property=\"og:image\" content=\"https:\/\/parco-maremma.it\/wp-content\/uploads\/2021\/05\/Panorama-Torre-Castelmarino-1.jpg\" \/>\n\t<meta property=\"og:image:width\" content=\"1911\" \/>\n\t<meta property=\"og:image:height\" content=\"1378\" \/>\n\t<meta property=\"og:image:type\" content=\"image\/jpeg\" \/>\n<meta name=\"twitter:card\" content=\"summary_large_image\" \/>\n<meta name=\"twitter:label1\" content=\"Est. reading time\" \/>\n\t<meta name=\"twitter:data1\" content=\"2 minutes\" \/>\n<script type=\"application\/ld+json\" class=\"yoast-schema-graph\">{\"@context\":\"https:\/\/schema.org\",\"@graph\":[{\"@type\":\"WebPage\",\"@id\":\"https:\/\/parco-maremma.it\/en\/cosa-facciamo\/progetti-di-valorizzazione-e-manutenzione\/manutenzione-ponte-strada-del-mare-in-loc-scoglietto\/\",\"url\":\"https:\/\/parco-maremma.it\/en\/cosa-facciamo\/progetti-di-valorizzazione-e-manutenzione\/manutenzione-ponte-strada-del-mare-in-loc-scoglietto\/\",\"name\":\"Manutenzione ponte Strada del Mare in loc. Scoglietto - Parco Maremma\",\"isPartOf\":{\"@id\":\"https:\/\/parco-maremma.it\/#website\"},\"primaryImageOfPage\":{\"@id\":\"https:\/\/parco-maremma.it\/en\/cosa-facciamo\/progetti-di-valorizzazione-e-manutenzione\/manutenzione-ponte-strada-del-mare-in-loc-scoglietto\/#primaryimage\"},\"image\":{\"@id\":\"https:\/\/parco-maremma.it\/en\/cosa-facciamo\/progetti-di-valorizzazione-e-manutenzione\/manutenzione-ponte-strada-del-mare-in-loc-scoglietto\/#primaryimage\"},\"thumbnailUrl\":\"https:\/\/parco-maremma.it\/wp-content\/uploads\/2021\/05\/Panorama-Torre-Castelmarino-1.jpg\",\"datePublished\":\"2021-07-08T16:40:04+00:00\",\"dateModified\":\"2021-07-08T16:40:06+00:00\",\"breadcrumb\":{\"@id\":\"https:\/\/parco-maremma.it\/en\/cosa-facciamo\/progetti-di-valorizzazione-e-manutenzione\/manutenzione-ponte-strada-del-mare-in-loc-scoglietto\/#breadcrumb\"},\"inLanguage\":\"en-US\",\"potentialAction\":[{\"@type\":\"ReadAction\",\"target\":[\"https:\/\/parco-maremma.it\/en\/cosa-facciamo\/progetti-di-valorizzazione-e-manutenzione\/manutenzione-ponte-strada-del-mare-in-loc-scoglietto\/\"]}]},{\"@type\":\"ImageObject\",\"inLanguage\":\"en-US\",\"@id\":\"https:\/\/parco-maremma.it\/en\/cosa-facciamo\/progetti-di-valorizzazione-e-manutenzione\/manutenzione-ponte-strada-del-mare-in-loc-scoglietto\/#primaryimage\",\"url\":\"https:\/\/parco-maremma.it\/wp-content\/uploads\/2021\/05\/Panorama-Torre-Castelmarino-1.jpg\",\"contentUrl\":\"https:\/\/parco-maremma.it\/wp-content\/uploads\/2021\/05\/Panorama-Torre-Castelmarino-1.jpg\",\"width\":1911,\"height\":1378,\"caption\":\"Panorama Torre Castelmarino\"},{\"@type\":\"BreadcrumbList\",\"@id\":\"https:\/\/parco-maremma.it\/en\/cosa-facciamo\/progetti-di-valorizzazione-e-manutenzione\/manutenzione-ponte-strada-del-mare-in-loc-scoglietto\/#breadcrumb\",\"itemListElement\":[{\"@type\":\"ListItem\",\"position\":1,\"name\":\"Home\",\"item\":\"https:\/\/parco-maremma.it\/en\/home\/\"},{\"@type\":\"ListItem\",\"position\":2,\"name\":\"Cosa facciamo\",\"item\":\"https:\/\/parco-maremma.it\/cosa-facciamo\/\"},{\"@type\":\"ListItem\",\"position\":3,\"name\":\"Progetti di valorizzazione e manutenzione\",\"item\":\"https:\/\/parco-maremma.it\/cosa-facciamo\/progetti-di-valorizzazione-e-manutenzione\/\"},{\"@type\":\"ListItem\",\"position\":4,\"name\":\"Manutenzione ponte Strada del Mare in loc. Scoglietto\"}]},{\"@type\":\"WebSite\",\"@id\":\"https:\/\/parco-maremma.it\/#website\",\"url\":\"https:\/\/parco-maremma.it\/\",\"name\":\"Parco Maremma\",\"description\":\"Sito ufficiale del Parco Regionale della Maremma\",\"publisher\":{\"@id\":\"https:\/\/parco-maremma.it\/#organization\"},\"potentialAction\":[{\"@type\":\"SearchAction\",\"target\":{\"@type\":\"EntryPoint\",\"urlTemplate\":\"https:\/\/parco-maremma.it\/?s={search_term_string}\"},\"query-input\":{\"@type\":\"PropertyValueSpecification\",\"valueRequired\":true,\"valueName\":\"search_term_string\"}}],\"inLanguage\":\"en-US\"},{\"@type\":\"Organization\",\"@id\":\"https:\/\/parco-maremma.it\/#organization\",\"name\":\"Parco Maremma\",\"url\":\"https:\/\/parco-maremma.it\/\",\"logo\":{\"@type\":\"ImageObject\",\"inLanguage\":\"en-US\",\"@id\":\"https:\/\/parco-maremma.it\/#\/schema\/logo\/image\/\",\"url\":\"https:\/\/parco-maremma.it\/wp-content\/uploads\/2023\/12\/Logo-sito.png\",\"contentUrl\":\"https:\/\/parco-maremma.it\/wp-content\/uploads\/2023\/12\/Logo-sito.png\",\"width\":1000,\"height\":1000,\"caption\":\"Parco Maremma\"},\"image\":{\"@id\":\"https:\/\/parco-maremma.it\/#\/schema\/logo\/image\/\"},\"sameAs\":[\"https:\/\/www.facebook.com\/parcodellamaremma\",\"https:\/\/www.instagram.com\/parcomaremma\"]}]}<\/script>\n<!-- \/ Yoast SEO plugin. -->","yoast_head_json":{"title":"Manutenzione ponte Strada del Mare in loc. Scoglietto - Parco Maremma","robots":{"index":"index","follow":"follow","max-snippet":"max-snippet:-1","max-image-preview":"max-image-preview:large","max-video-preview":"max-video-preview:-1"},"canonical":"https:\/\/parco-maremma.it\/en\/cosa-facciamo\/progetti-di-valorizzazione-e-manutenzione\/manutenzione-ponte-strada-del-mare-in-loc-scoglietto\/","og_locale":"en_US","og_type":"article","og_title":"Manutenzione ponte Strada del Mare in loc. Scoglietto - Parco Maremma","og_description":"L\u2019Ente Parco \u00e8 proprietario della \u201cStrada del Mare\u201d che, dall\u2019intersezione con la Strada Provinciale di Alberese, conduce alla localit\u00e0 di Marina di Alberese e pertanto \u00e8 responsabile degli interventi di...","og_url":"https:\/\/parco-maremma.it\/en\/cosa-facciamo\/progetti-di-valorizzazione-e-manutenzione\/manutenzione-ponte-strada-del-mare-in-loc-scoglietto\/","og_site_name":"Parco Maremma","article_publisher":"https:\/\/www.facebook.com\/parcodellamaremma","article_modified_time":"2021-07-08T16:40:06+00:00","og_image":[{"width":1911,"height":1378,"url":"https:\/\/parco-maremma.it\/wp-content\/uploads\/2021\/05\/Panorama-Torre-Castelmarino-1.jpg","type":"image\/jpeg"}],"twitter_card":"summary_large_image","twitter_misc":{"Est. reading time":"2 minutes"},"schema":{"@context":"https:\/\/schema.org","@graph":[{"@type":"WebPage","@id":"https:\/\/parco-maremma.it\/en\/cosa-facciamo\/progetti-di-valorizzazione-e-manutenzione\/manutenzione-ponte-strada-del-mare-in-loc-scoglietto\/","url":"https:\/\/parco-maremma.it\/en\/cosa-facciamo\/progetti-di-valorizzazione-e-manutenzione\/manutenzione-ponte-strada-del-mare-in-loc-scoglietto\/","name":"Manutenzione ponte Strada del Mare in loc. Scoglietto - Parco Maremma","isPartOf":{"@id":"https:\/\/parco-maremma.it\/#website"},"primaryImageOfPage":{"@id":"https:\/\/parco-maremma.it\/en\/cosa-facciamo\/progetti-di-valorizzazione-e-manutenzione\/manutenzione-ponte-strada-del-mare-in-loc-scoglietto\/#primaryimage"},"image":{"@id":"https:\/\/parco-maremma.it\/en\/cosa-facciamo\/progetti-di-valorizzazione-e-manutenzione\/manutenzione-ponte-strada-del-mare-in-loc-scoglietto\/#primaryimage"},"thumbnailUrl":"https:\/\/parco-maremma.it\/wp-content\/uploads\/2021\/05\/Panorama-Torre-Castelmarino-1.jpg","datePublished":"2021-07-08T16:40:04+00:00","dateModified":"2021-07-08T16:40:06+00:00","breadcrumb":{"@id":"https:\/\/parco-maremma.it\/en\/cosa-facciamo\/progetti-di-valorizzazione-e-manutenzione\/manutenzione-ponte-strada-del-mare-in-loc-scoglietto\/#breadcrumb"},"inLanguage":"en-US","potentialAction":[{"@type":"ReadAction","target":["https:\/\/parco-maremma.it\/en\/cosa-facciamo\/progetti-di-valorizzazione-e-manutenzione\/manutenzione-ponte-strada-del-mare-in-loc-scoglietto\/"]}]},{"@type":"ImageObject","inLanguage":"en-US","@id":"https:\/\/parco-maremma.it\/en\/cosa-facciamo\/progetti-di-valorizzazione-e-manutenzione\/manutenzione-ponte-strada-del-mare-in-loc-scoglietto\/#primaryimage","url":"https:\/\/parco-maremma.it\/wp-content\/uploads\/2021\/05\/Panorama-Torre-Castelmarino-1.jpg","contentUrl":"https:\/\/parco-maremma.it\/wp-content\/uploads\/2021\/05\/Panorama-Torre-Castelmarino-1.jpg","width":1911,"height":1378,"caption":"Panorama Torre Castelmarino"},{"@type":"BreadcrumbList","@id":"https:\/\/parco-maremma.it\/en\/cosa-facciamo\/progetti-di-valorizzazione-e-manutenzione\/manutenzione-ponte-strada-del-mare-in-loc-scoglietto\/#breadcrumb","itemListElement":[{"@type":"ListItem","position":1,"name":"Home","item":"https:\/\/parco-maremma.it\/en\/home\/"},{"@type":"ListItem","position":2,"name":"Cosa facciamo","item":"https:\/\/parco-maremma.it\/cosa-facciamo\/"},{"@type":"ListItem","position":3,"name":"Progetti di valorizzazione e manutenzione","item":"https:\/\/parco-maremma.it\/cosa-facciamo\/progetti-di-valorizzazione-e-manutenzione\/"},{"@type":"ListItem","position":4,"name":"Manutenzione ponte Strada del Mare in loc. Scoglietto"}]},{"@type":"WebSite","@id":"https:\/\/parco-maremma.it\/#website","url":"https:\/\/parco-maremma.it\/","name":"Parco Maremma","description":"Sito ufficiale del Parco Regionale della Maremma","publisher":{"@id":"https:\/\/parco-maremma.it\/#organization"},"potentialAction":[{"@type":"SearchAction","target":{"@type":"EntryPoint","urlTemplate":"https:\/\/parco-maremma.it\/?s={search_term_string}"},"query-input":{"@type":"PropertyValueSpecification","valueRequired":true,"valueName":"search_term_string"}}],"inLanguage":"en-US"},{"@type":"Organization","@id":"https:\/\/parco-maremma.it\/#organization","name":"Parco Maremma","url":"https:\/\/parco-maremma.it\/","logo":{"@type":"ImageObject","inLanguage":"en-US","@id":"https:\/\/parco-maremma.it\/#\/schema\/logo\/image\/","url":"https:\/\/parco-maremma.it\/wp-content\/uploads\/2023\/12\/Logo-sito.png","contentUrl":"https:\/\/parco-maremma.it\/wp-content\/uploads\/2023\/12\/Logo-sito.png","width":1000,"height":1000,"caption":"Parco Maremma"},"image":{"@id":"https:\/\/parco-maremma.it\/#\/schema\/logo\/image\/"},"sameAs":["https:\/\/www.facebook.com\/parcodellamaremma","https:\/\/www.instagram.com\/parcomaremma"]}]}},"uagb_featured_image_src":{"full":["https:\/\/parco-maremma.it\/wp-content\/uploads\/2021\/05\/Panorama-Torre-Castelmarino-1.jpg",1911,1378,false],"thumbnail":["https:\/\/parco-maremma.it\/wp-content\/uploads\/2021\/05\/Panorama-Torre-Castelmarino-1-150x150.jpg",150,150,true],"medium":["https:\/\/parco-maremma.it\/wp-content\/uploads\/2021\/05\/Panorama-Torre-Castelmarino-1-300x216.jpg",300,216,true],"large":["https:\/\/parco-maremma.it\/wp-content\/uploads\/2021\/05\/Panorama-Torre-Castelmarino-1-1024x738.jpg",1024,738,true],"us_400_200_crop":["https:\/\/parco-maremma.it\/wp-content\/uploads\/2021\/05\/Panorama-Torre-Castelmarino-1-400x200.jpg",400,200,true],"us_600_400_crop":["https:\/\/parco-maremma.it\/wp-content\/uploads\/2021\/05\/Panorama-Torre-Castelmarino-1-600x400.jpg",600,400,true],"us_1440_500_crop":["https:\/\/parco-maremma.it\/wp-content\/uploads\/2021\/05\/Panorama-Torre-Castelmarino-1-1440x500.jpg",1440,500,true]},"uagb_author_info":{"display_name":"Webmapp","author_link":"https:\/\/parco-maremma.it\/en\/author\/webmapp\/"},"uagb_comment_info":0,"uagb_excerpt":"L\u2019Ente Parco \u00e8 proprietario della \u201cStrada del Mare\u201d che, dall\u2019intersezione con la Strada Provinciale di Alberese, conduce alla localit\u00e0 di Marina di Alberese e pertanto \u00e8 responsabile degli interventi di...","_links":{"self":[{"href":"https:\/\/parco-maremma.it\/en\/wp-json\/wp\/v2\/pages\/12973","targetHints":{"allow":["GET"]}}],"collection":[{"href":"https:\/\/parco-maremma.it\/en\/wp-json\/wp\/v2\/pages"}],"about":[{"href":"https:\/\/parco-maremma.it\/en\/wp-json\/wp\/v2\/types\/page"}],"author":[{"embeddable":true,"href":"https:\/\/parco-maremma.it\/en\/wp-json\/wp\/v2\/users\/12"}],"replies":[{"embeddable":true,"href":"https:\/\/parco-maremma.it\/en\/wp-json\/wp\/v2\/comments?post=12973"}],"version-history":[{"count":1,"href":"https:\/\/parco-maremma.it\/en\/wp-json\/wp\/v2\/pages\/12973\/revisions"}],"predecessor-version":[{"id":12974,"href":"https:\/\/parco-maremma.it\/en\/wp-json\/wp\/v2\/pages\/12973\/revisions\/12974"}],"up":[{"embeddable":true,"href":"https:\/\/parco-maremma.it\/en\/wp-json\/wp\/v2\/pages\/12966"}],"wp:featuredmedia":[{"embeddable":true,"href":"https:\/\/parco-maremma.it\/en\/wp-json\/wp\/v2\/media\/4817"}],"wp:attachment":[{"href":"https:\/\/parco-maremma.it\/en\/wp-json\/wp\/v2\/media?parent=12973"}],"curies":[{"name":"wp","href":"https:\/\/api.w.org\/{rel}","templated":true}]}}