{"id":12970,"date":"2021-07-08T16:34:54","date_gmt":"2021-07-08T16:34:54","guid":{"rendered":"http:\/\/parco-maremma.it\/?page_id=12970"},"modified":"2021-07-08T16:36:27","modified_gmt":"2021-07-08T16:36:27","slug":"manutenzione-strada-degli-olivi","status":"publish","type":"page","link":"https:\/\/parco-maremma.it\/en\/cosa-facciamo\/progetti-di-valorizzazione-e-manutenzione\/manutenzione-strada-degli-olivi\/","title":{"rendered":"Manutenzione Strada degli Olivi"},"content":{"rendered":"\n<h4 class=\"wp-block-heading\"><em>Gli interventi sulla Strada vicinale degli Ulivi rientrano tra i lavori previsti nell\u2019ambito del progetto&nbsp;<a href=\"http:\/\/interreg-maritime.eu\/web\/intense\" target=\"_blank\" rel=\"noreferrer noopener\">&#8220;Intense&#8221;<\/a>&nbsp;relativo percorso ciclabile escursionistico (itinerari turistici sostenibili dell\u2019area transfrontaliera approvato nell\u2019ambito del PC Italia-Francia Marittimo) che comprende il collegamento con gli itinerari ciclabili interni al Parco.<\/em><\/h4>\n\n\n\n<p>Il risultato \u00e8 stato il ripristino completo del manto stradale nonch\u00e9 la corretta regimazione delle acque al fine di assicurare le condizioni di percorribilit\u00e0 ottimali.<\/p>\n\n\n\n<figure class=\"wp-block-gallery columns-3 is-cropped wp-block-gallery-1 is-layout-flex wp-block-gallery-is-layout-flex\"><ul class=\"blocks-gallery-grid\"><li class=\"blocks-gallery-item\"><figure><img loading=\"lazy\" decoding=\"async\" width=\"2848\" height=\"3365\" src=\"http:\/\/parco-maremma.it\/wp-content\/uploads\/2020\/11\/Strada-Olivi-1.jpg\" alt=\"\" data-id=\"4628\" data-full-url=\"http:\/\/parco-maremma.it\/wp-content\/uploads\/2020\/11\/Strada-Olivi-1.jpg\" data-link=\"http:\/\/parco-maremma.it\/strada-olivi-1\/\" class=\"wp-image-4628\" srcset=\"https:\/\/parco-maremma.it\/wp-content\/uploads\/2020\/11\/Strada-Olivi-1.jpg 2848w, https:\/\/parco-maremma.it\/wp-content\/uploads\/2020\/11\/Strada-Olivi-1-254x300.jpg 254w\" sizes=\"auto, (max-width: 2848px) 100vw, 2848px\" \/><\/figure><\/li><li class=\"blocks-gallery-item\"><figure><img loading=\"lazy\" decoding=\"async\" width=\"2848\" height=\"4272\" src=\"http:\/\/parco-maremma.it\/wp-content\/uploads\/2020\/11\/Strada-Olivi-2.jpg\" alt=\"\" data-id=\"4629\" data-full-url=\"http:\/\/parco-maremma.it\/wp-content\/uploads\/2020\/11\/Strada-Olivi-2.jpg\" data-link=\"http:\/\/parco-maremma.it\/strada-olivi-2\/\" class=\"wp-image-4629\" srcset=\"https:\/\/parco-maremma.it\/wp-content\/uploads\/2020\/11\/Strada-Olivi-2.jpg 2848w, https:\/\/parco-maremma.it\/wp-content\/uploads\/2020\/11\/Strada-Olivi-2-200x300.jpg 200w\" sizes=\"auto, (max-width: 2848px) 100vw, 2848px\" \/><\/figure><\/li><li class=\"blocks-gallery-item\"><figure><img loading=\"lazy\" decoding=\"async\" width=\"4608\" height=\"3456\" src=\"http:\/\/parco-maremma.it\/wp-content\/uploads\/2020\/02\/IMG_20200219_085436.jpg\" alt=\"\" data-id=\"4261\" data-full-url=\"http:\/\/parco-maremma.it\/wp-content\/uploads\/2020\/02\/IMG_20200219_085436.jpg\" data-link=\"http:\/\/parco-maremma.it\/img_20200219_085436\/\" class=\"wp-image-4261\" srcset=\"https:\/\/parco-maremma.it\/wp-content\/uploads\/2020\/02\/IMG_20200219_085436.jpg 4608w, https:\/\/parco-maremma.it\/wp-content\/uploads\/2020\/02\/IMG_20200219_085436-300x225.jpg 300w\" sizes=\"auto, (max-width: 4608px) 100vw, 4608px\" \/><\/figure><\/li><li class=\"blocks-gallery-item\"><figure><img loading=\"lazy\" decoding=\"async\" width=\"4608\" height=\"3456\" src=\"http:\/\/parco-maremma.it\/wp-content\/uploads\/2020\/02\/IMG_20200219_085248.jpg\" alt=\"\" data-id=\"4260\" data-full-url=\"http:\/\/parco-maremma.it\/wp-content\/uploads\/2020\/02\/IMG_20200219_085248.jpg\" data-link=\"http:\/\/parco-maremma.it\/img_20200219_085248\/\" class=\"wp-image-4260\" srcset=\"https:\/\/parco-maremma.it\/wp-content\/uploads\/2020\/02\/IMG_20200219_085248.jpg 4608w, https:\/\/parco-maremma.it\/wp-content\/uploads\/2020\/02\/IMG_20200219_085248-300x225.jpg 300w\" sizes=\"auto, (max-width: 4608px) 100vw, 4608px\" \/><\/figure><\/li><li class=\"blocks-gallery-item\"><figure><img loading=\"lazy\" decoding=\"async\" width=\"3456\" height=\"4608\" src=\"http:\/\/parco-maremma.it\/wp-content\/uploads\/2020\/02\/IMG_20200219_085552.jpg\" alt=\"\" data-id=\"4262\" data-full-url=\"http:\/\/parco-maremma.it\/wp-content\/uploads\/2020\/02\/IMG_20200219_085552.jpg\" data-link=\"http:\/\/parco-maremma.it\/img_20200219_085552\/\" class=\"wp-image-4262\" srcset=\"https:\/\/parco-maremma.it\/wp-content\/uploads\/2020\/02\/IMG_20200219_085552.jpg 3456w, https:\/\/parco-maremma.it\/wp-content\/uploads\/2020\/02\/IMG_20200219_085552-225x300.jpg 225w\" sizes=\"auto, (max-width: 3456px) 100vw, 3456px\" \/><\/figure><\/li><li class=\"blocks-gallery-item\"><figure><img loading=\"lazy\" decoding=\"async\" width=\"3456\" height=\"4608\" src=\"http:\/\/parco-maremma.it\/wp-content\/uploads\/2020\/02\/IMG_20200219_085714.jpg\" alt=\"\" data-id=\"4263\" data-full-url=\"http:\/\/parco-maremma.it\/wp-content\/uploads\/2020\/02\/IMG_20200219_085714.jpg\" data-link=\"http:\/\/parco-maremma.it\/img_20200219_085714\/\" class=\"wp-image-4263\" srcset=\"https:\/\/parco-maremma.it\/wp-content\/uploads\/2020\/02\/IMG_20200219_085714.jpg 3456w, https:\/\/parco-maremma.it\/wp-content\/uploads\/2020\/02\/IMG_20200219_085714-225x300.jpg 225w\" sizes=\"auto, (max-width: 3456px) 100vw, 3456px\" \/><\/figure><\/li><\/ul><\/figure>\n","protected":false},"excerpt":{"rendered":"<p>Gli interventi sulla Strada vicinale degli Ulivi rientrano tra i lavori previsti nell\u2019ambito del progetto&nbsp;&#8220;Intense&#8221;&nbsp;relativo percorso ciclabile escursionistico (itinerari turistici sostenibili dell\u2019area transfrontaliera approvato nell\u2019ambito del PC Italia-Francia Marittimo) che&#8230;<\/p>\n","protected":false},"author":12,"featured_media":4817,"parent":12966,"menu_order":0,"comment_status":"closed","ping_status":"closed","template":"","meta":{"_uag_custom_page_level_css":"","footnotes":""},"class_list":["post-12970","page","type-page","status-publish","has-post-thumbnail","hentry"],"acf":[],"yoast_head":"<!-- This site is optimized with the Yoast SEO plugin v25.5 - https:\/\/yoast.com\/wordpress\/plugins\/seo\/ -->\n<title>Manutenzione Strada degli Olivi - Parco Maremma<\/title>\n<meta name=\"robots\" content=\"index, follow, max-snippet:-1, max-image-preview:large, max-video-preview:-1\" \/>\n<link rel=\"canonical\" href=\"https:\/\/parco-maremma.it\/cosa-facciamo\/progetti-di-valorizzazione-e-manutenzione\/manutenzione-strada-degli-olivi\/\" \/>\n<meta property=\"og:locale\" content=\"en_US\" \/>\n<meta property=\"og:type\" content=\"article\" \/>\n<meta property=\"og:title\" content=\"Manutenzione Strada degli Olivi - Parco Maremma\" \/>\n<meta property=\"og:description\" content=\"Gli interventi sulla Strada vicinale degli Ulivi rientrano tra i lavori previsti nell\u2019ambito del progetto&nbsp;&#8220;Intense&#8221;&nbsp;relativo percorso ciclabile escursionistico (itinerari turistici sostenibili dell\u2019area transfrontaliera approvato nell\u2019ambito del PC Italia-Francia Marittimo) che...\" \/>\n<meta property=\"og:url\" content=\"https:\/\/parco-maremma.it\/cosa-facciamo\/progetti-di-valorizzazione-e-manutenzione\/manutenzione-strada-degli-olivi\/\" \/>\n<meta property=\"og:site_name\" content=\"Parco Maremma\" \/>\n<meta property=\"article:publisher\" content=\"https:\/\/www.facebook.com\/parcodellamaremma\" \/>\n<meta property=\"article:modified_time\" content=\"2021-07-08T16:36:27+00:00\" \/>\n<meta property=\"og:image\" content=\"https:\/\/parco-maremma.it\/wp-content\/uploads\/2021\/05\/Panorama-Torre-Castelmarino-1.jpg\" \/>\n\t<meta property=\"og:image:width\" content=\"1911\" \/>\n\t<meta property=\"og:image:height\" content=\"1378\" \/>\n\t<meta property=\"og:image:type\" content=\"image\/jpeg\" \/>\n<meta name=\"twitter:card\" content=\"summary_large_image\" \/>\n<meta name=\"twitter:label1\" content=\"Est. reading time\" \/>\n\t<meta name=\"twitter:data1\" content=\"2 minutes\" \/>\n<script type=\"application\/ld+json\" class=\"yoast-schema-graph\">{\"@context\":\"https:\/\/schema.org\",\"@graph\":[{\"@type\":\"WebPage\",\"@id\":\"https:\/\/parco-maremma.it\/cosa-facciamo\/progetti-di-valorizzazione-e-manutenzione\/manutenzione-strada-degli-olivi\/\",\"url\":\"https:\/\/parco-maremma.it\/cosa-facciamo\/progetti-di-valorizzazione-e-manutenzione\/manutenzione-strada-degli-olivi\/\",\"name\":\"Manutenzione Strada degli Olivi - Parco Maremma\",\"isPartOf\":{\"@id\":\"https:\/\/parco-maremma.it\/#website\"},\"primaryImageOfPage\":{\"@id\":\"https:\/\/parco-maremma.it\/cosa-facciamo\/progetti-di-valorizzazione-e-manutenzione\/manutenzione-strada-degli-olivi\/#primaryimage\"},\"image\":{\"@id\":\"https:\/\/parco-maremma.it\/cosa-facciamo\/progetti-di-valorizzazione-e-manutenzione\/manutenzione-strada-degli-olivi\/#primaryimage\"},\"thumbnailUrl\":\"https:\/\/parco-maremma.it\/wp-content\/uploads\/2021\/05\/Panorama-Torre-Castelmarino-1.jpg\",\"datePublished\":\"2021-07-08T16:34:54+00:00\",\"dateModified\":\"2021-07-08T16:36:27+00:00\",\"breadcrumb\":{\"@id\":\"https:\/\/parco-maremma.it\/cosa-facciamo\/progetti-di-valorizzazione-e-manutenzione\/manutenzione-strada-degli-olivi\/#breadcrumb\"},\"inLanguage\":\"en-US\",\"potentialAction\":[{\"@type\":\"ReadAction\",\"target\":[\"https:\/\/parco-maremma.it\/cosa-facciamo\/progetti-di-valorizzazione-e-manutenzione\/manutenzione-strada-degli-olivi\/\"]}]},{\"@type\":\"ImageObject\",\"inLanguage\":\"en-US\",\"@id\":\"https:\/\/parco-maremma.it\/cosa-facciamo\/progetti-di-valorizzazione-e-manutenzione\/manutenzione-strada-degli-olivi\/#primaryimage\",\"url\":\"https:\/\/parco-maremma.it\/wp-content\/uploads\/2021\/05\/Panorama-Torre-Castelmarino-1.jpg\",\"contentUrl\":\"https:\/\/parco-maremma.it\/wp-content\/uploads\/2021\/05\/Panorama-Torre-Castelmarino-1.jpg\",\"width\":1911,\"height\":1378,\"caption\":\"Panorama Torre Castelmarino\"},{\"@type\":\"BreadcrumbList\",\"@id\":\"https:\/\/parco-maremma.it\/cosa-facciamo\/progetti-di-valorizzazione-e-manutenzione\/manutenzione-strada-degli-olivi\/#breadcrumb\",\"itemListElement\":[{\"@type\":\"ListItem\",\"position\":1,\"name\":\"Home\",\"item\":\"https:\/\/parco-maremma.it\/en\/home\/\"},{\"@type\":\"ListItem\",\"position\":2,\"name\":\"Cosa facciamo\",\"item\":\"https:\/\/parco-maremma.it\/cosa-facciamo\/\"},{\"@type\":\"ListItem\",\"position\":3,\"name\":\"Progetti di valorizzazione e manutenzione\",\"item\":\"https:\/\/parco-maremma.it\/cosa-facciamo\/progetti-di-valorizzazione-e-manutenzione\/\"},{\"@type\":\"ListItem\",\"position\":4,\"name\":\"Manutenzione Strada degli Olivi\"}]},{\"@type\":\"WebSite\",\"@id\":\"https:\/\/parco-maremma.it\/#website\",\"url\":\"https:\/\/parco-maremma.it\/\",\"name\":\"Parco Maremma\",\"description\":\"Sito ufficiale del Parco Regionale della Maremma\",\"publisher\":{\"@id\":\"https:\/\/parco-maremma.it\/#organization\"},\"potentialAction\":[{\"@type\":\"SearchAction\",\"target\":{\"@type\":\"EntryPoint\",\"urlTemplate\":\"https:\/\/parco-maremma.it\/?s={search_term_string}\"},\"query-input\":{\"@type\":\"PropertyValueSpecification\",\"valueRequired\":true,\"valueName\":\"search_term_string\"}}],\"inLanguage\":\"en-US\"},{\"@type\":\"Organization\",\"@id\":\"https:\/\/parco-maremma.it\/#organization\",\"name\":\"Parco Maremma\",\"url\":\"https:\/\/parco-maremma.it\/\",\"logo\":{\"@type\":\"ImageObject\",\"inLanguage\":\"en-US\",\"@id\":\"https:\/\/parco-maremma.it\/#\/schema\/logo\/image\/\",\"url\":\"https:\/\/parco-maremma.it\/wp-content\/uploads\/2023\/12\/Logo-sito.png\",\"contentUrl\":\"https:\/\/parco-maremma.it\/wp-content\/uploads\/2023\/12\/Logo-sito.png\",\"width\":1000,\"height\":1000,\"caption\":\"Parco Maremma\"},\"image\":{\"@id\":\"https:\/\/parco-maremma.it\/#\/schema\/logo\/image\/\"},\"sameAs\":[\"https:\/\/www.facebook.com\/parcodellamaremma\",\"https:\/\/www.instagram.com\/parcomaremma\"]}]}<\/script>\n<!-- \/ Yoast SEO plugin. -->","yoast_head_json":{"title":"Manutenzione Strada degli Olivi - Parco Maremma","robots":{"index":"index","follow":"follow","max-snippet":"max-snippet:-1","max-image-preview":"max-image-preview:large","max-video-preview":"max-video-preview:-1"},"canonical":"https:\/\/parco-maremma.it\/cosa-facciamo\/progetti-di-valorizzazione-e-manutenzione\/manutenzione-strada-degli-olivi\/","og_locale":"en_US","og_type":"article","og_title":"Manutenzione Strada degli Olivi - Parco Maremma","og_description":"Gli interventi sulla Strada vicinale degli Ulivi rientrano tra i lavori previsti nell\u2019ambito del progetto&nbsp;&#8220;Intense&#8221;&nbsp;relativo percorso ciclabile escursionistico (itinerari turistici sostenibili dell\u2019area transfrontaliera approvato nell\u2019ambito del PC Italia-Francia Marittimo) che...","og_url":"https:\/\/parco-maremma.it\/cosa-facciamo\/progetti-di-valorizzazione-e-manutenzione\/manutenzione-strada-degli-olivi\/","og_site_name":"Parco Maremma","article_publisher":"https:\/\/www.facebook.com\/parcodellamaremma","article_modified_time":"2021-07-08T16:36:27+00:00","og_image":[{"width":1911,"height":1378,"url":"https:\/\/parco-maremma.it\/wp-content\/uploads\/2021\/05\/Panorama-Torre-Castelmarino-1.jpg","type":"image\/jpeg"}],"twitter_card":"summary_large_image","twitter_misc":{"Est. reading time":"2 minutes"},"schema":{"@context":"https:\/\/schema.org","@graph":[{"@type":"WebPage","@id":"https:\/\/parco-maremma.it\/cosa-facciamo\/progetti-di-valorizzazione-e-manutenzione\/manutenzione-strada-degli-olivi\/","url":"https:\/\/parco-maremma.it\/cosa-facciamo\/progetti-di-valorizzazione-e-manutenzione\/manutenzione-strada-degli-olivi\/","name":"Manutenzione Strada degli Olivi - Parco Maremma","isPartOf":{"@id":"https:\/\/parco-maremma.it\/#website"},"primaryImageOfPage":{"@id":"https:\/\/parco-maremma.it\/cosa-facciamo\/progetti-di-valorizzazione-e-manutenzione\/manutenzione-strada-degli-olivi\/#primaryimage"},"image":{"@id":"https:\/\/parco-maremma.it\/cosa-facciamo\/progetti-di-valorizzazione-e-manutenzione\/manutenzione-strada-degli-olivi\/#primaryimage"},"thumbnailUrl":"https:\/\/parco-maremma.it\/wp-content\/uploads\/2021\/05\/Panorama-Torre-Castelmarino-1.jpg","datePublished":"2021-07-08T16:34:54+00:00","dateModified":"2021-07-08T16:36:27+00:00","breadcrumb":{"@id":"https:\/\/parco-maremma.it\/cosa-facciamo\/progetti-di-valorizzazione-e-manutenzione\/manutenzione-strada-degli-olivi\/#breadcrumb"},"inLanguage":"en-US","potentialAction":[{"@type":"ReadAction","target":["https:\/\/parco-maremma.it\/cosa-facciamo\/progetti-di-valorizzazione-e-manutenzione\/manutenzione-strada-degli-olivi\/"]}]},{"@type":"ImageObject","inLanguage":"en-US","@id":"https:\/\/parco-maremma.it\/cosa-facciamo\/progetti-di-valorizzazione-e-manutenzione\/manutenzione-strada-degli-olivi\/#primaryimage","url":"https:\/\/parco-maremma.it\/wp-content\/uploads\/2021\/05\/Panorama-Torre-Castelmarino-1.jpg","contentUrl":"https:\/\/parco-maremma.it\/wp-content\/uploads\/2021\/05\/Panorama-Torre-Castelmarino-1.jpg","width":1911,"height":1378,"caption":"Panorama Torre Castelmarino"},{"@type":"BreadcrumbList","@id":"https:\/\/parco-maremma.it\/cosa-facciamo\/progetti-di-valorizzazione-e-manutenzione\/manutenzione-strada-degli-olivi\/#breadcrumb","itemListElement":[{"@type":"ListItem","position":1,"name":"Home","item":"https:\/\/parco-maremma.it\/en\/home\/"},{"@type":"ListItem","position":2,"name":"Cosa facciamo","item":"https:\/\/parco-maremma.it\/cosa-facciamo\/"},{"@type":"ListItem","position":3,"name":"Progetti di valorizzazione e manutenzione","item":"https:\/\/parco-maremma.it\/cosa-facciamo\/progetti-di-valorizzazione-e-manutenzione\/"},{"@type":"ListItem","position":4,"name":"Manutenzione Strada degli Olivi"}]},{"@type":"WebSite","@id":"https:\/\/parco-maremma.it\/#website","url":"https:\/\/parco-maremma.it\/","name":"Parco Maremma","description":"Sito ufficiale del Parco Regionale della Maremma","publisher":{"@id":"https:\/\/parco-maremma.it\/#organization"},"potentialAction":[{"@type":"SearchAction","target":{"@type":"EntryPoint","urlTemplate":"https:\/\/parco-maremma.it\/?s={search_term_string}"},"query-input":{"@type":"PropertyValueSpecification","valueRequired":true,"valueName":"search_term_string"}}],"inLanguage":"en-US"},{"@type":"Organization","@id":"https:\/\/parco-maremma.it\/#organization","name":"Parco Maremma","url":"https:\/\/parco-maremma.it\/","logo":{"@type":"ImageObject","inLanguage":"en-US","@id":"https:\/\/parco-maremma.it\/#\/schema\/logo\/image\/","url":"https:\/\/parco-maremma.it\/wp-content\/uploads\/2023\/12\/Logo-sito.png","contentUrl":"https:\/\/parco-maremma.it\/wp-content\/uploads\/2023\/12\/Logo-sito.png","width":1000,"height":1000,"caption":"Parco Maremma"},"image":{"@id":"https:\/\/parco-maremma.it\/#\/schema\/logo\/image\/"},"sameAs":["https:\/\/www.facebook.com\/parcodellamaremma","https:\/\/www.instagram.com\/parcomaremma"]}]}},"uagb_featured_image_src":{"full":["https:\/\/parco-maremma.it\/wp-content\/uploads\/2021\/05\/Panorama-Torre-Castelmarino-1.jpg",1911,1378,false],"thumbnail":["https:\/\/parco-maremma.it\/wp-content\/uploads\/2021\/05\/Panorama-Torre-Castelmarino-1-150x150.jpg",150,150,true],"medium":["https:\/\/parco-maremma.it\/wp-content\/uploads\/2021\/05\/Panorama-Torre-Castelmarino-1-300x216.jpg",300,216,true],"large":["https:\/\/parco-maremma.it\/wp-content\/uploads\/2021\/05\/Panorama-Torre-Castelmarino-1-1024x738.jpg",1024,738,true],"us_400_200_crop":["https:\/\/parco-maremma.it\/wp-content\/uploads\/2021\/05\/Panorama-Torre-Castelmarino-1-400x200.jpg",400,200,true],"us_600_400_crop":["https:\/\/parco-maremma.it\/wp-content\/uploads\/2021\/05\/Panorama-Torre-Castelmarino-1-600x400.jpg",600,400,true],"us_1440_500_crop":["https:\/\/parco-maremma.it\/wp-content\/uploads\/2021\/05\/Panorama-Torre-Castelmarino-1-1440x500.jpg",1440,500,true]},"uagb_author_info":{"display_name":"Webmapp","author_link":"https:\/\/parco-maremma.it\/en\/author\/webmapp\/"},"uagb_comment_info":0,"uagb_excerpt":"Gli interventi sulla Strada vicinale degli Ulivi rientrano tra i lavori previsti nell\u2019ambito del progetto&nbsp;&#8220;Intense&#8221;&nbsp;relativo percorso ciclabile escursionistico (itinerari turistici sostenibili dell\u2019area transfrontaliera approvato nell\u2019ambito del PC Italia-Francia Marittimo) che...","_links":{"self":[{"href":"https:\/\/parco-maremma.it\/en\/wp-json\/wp\/v2\/pages\/12970","targetHints":{"allow":["GET"]}}],"collection":[{"href":"https:\/\/parco-maremma.it\/en\/wp-json\/wp\/v2\/pages"}],"about":[{"href":"https:\/\/parco-maremma.it\/en\/wp-json\/wp\/v2\/types\/page"}],"author":[{"embeddable":true,"href":"https:\/\/parco-maremma.it\/en\/wp-json\/wp\/v2\/users\/12"}],"replies":[{"embeddable":true,"href":"https:\/\/parco-maremma.it\/en\/wp-json\/wp\/v2\/comments?post=12970"}],"version-history":[{"count":1,"href":"https:\/\/parco-maremma.it\/en\/wp-json\/wp\/v2\/pages\/12970\/revisions"}],"predecessor-version":[{"id":12971,"href":"https:\/\/parco-maremma.it\/en\/wp-json\/wp\/v2\/pages\/12970\/revisions\/12971"}],"up":[{"embeddable":true,"href":"https:\/\/parco-maremma.it\/en\/wp-json\/wp\/v2\/pages\/12966"}],"wp:featuredmedia":[{"embeddable":true,"href":"https:\/\/parco-maremma.it\/en\/wp-json\/wp\/v2\/media\/4817"}],"wp:attachment":[{"href":"https:\/\/parco-maremma.it\/en\/wp-json\/wp\/v2\/media?parent=12970"}],"curies":[{"name":"wp","href":"https:\/\/api.w.org\/{rel}","templated":true}]}}