{"id":12550,"date":"2021-07-05T14:51:12","date_gmt":"2021-07-05T14:51:12","guid":{"rendered":"http:\/\/parco-maremma.it\/?page_id=12550"},"modified":"2023-12-15T10:31:47","modified_gmt":"2023-12-15T10:31:47","slug":"promozioni-abbonamenti-e-convenzioni-per-gli-itinerari","status":"publish","type":"page","link":"https:\/\/parco-maremma.it\/en\/visita\/promozioni-abbonamenti-e-convenzioni-per-gli-itinerari\/","title":{"rendered":"Promozioni abbonamenti e convenzioni per gli itinerari"},"content":{"rendered":"\n<h2 class=\"wp-block-heading\"><strong>Convenzioni<\/strong>:<\/h2>\n\n\n\n<ul class=\"wp-block-list\"><li><strong>Soci Coop<\/strong><br><strong>I Soci Coop e i loro accompagnatori<\/strong>&nbsp;possono usufruire dello sconto di<strong>&nbsp;1,00\u20ac<\/strong>&nbsp;su tutti&nbsp;<strong>gli itinerari a piedi<\/strong>&nbsp;del Parco della Maremma,&nbsp;acquistati presso i Centri Visite del Parco.<\/li><\/ul>\n\n\n\n<ul class=\"wp-block-list\"><li><strong>Soci Mutua della Maremma \u2013 Mutua del Credito Cooperativo<\/strong><br>I&nbsp;<strong>soci della Mutua ed i loro accompagnatori<\/strong>&nbsp;e&nbsp;<strong>i soci delle Mutue aderenti al COMIPA titolari della Carta Mutuasalus\u00ae<\/strong>, dietro presentazione della Carta medesima, possono usufruire dello sconto di&nbsp;<strong>1,00\u20ac<\/strong>&nbsp;sui biglietti di ingresso al Parco (per i&nbsp;<strong>percorsi a piedi, in bicicletta e ingresso Acquario della Laguna di Orbetello a Talamone<\/strong>), acquistati presso i Centri Visite del Parco.<\/li><\/ul>\n\n\n\n<ul class=\"wp-block-list\"><li><strong>I Soci FAI<\/strong>&nbsp;possono usufruire&nbsp;<strong>di uno sconto del 10% del biglietto sugli itinerari a piedi e ciclabili<\/strong>&nbsp;all\u2019interno del Parco della Maremma acquistati presso&nbsp;i Centri Visite del Parco.<\/li><li><strong>Soci Auser<\/strong><br><strong>I soci Auser<\/strong>&nbsp;possono usufruire&nbsp;<strong>di uno sconto del 10% del biglietto sugli itinerari a piedi e ciclabili<\/strong>&nbsp;all\u2019interno del Parco della Maremma acquistati presso&nbsp;i Centri Visite del Parco.<\/li><\/ul>\n\n\n\n<ul class=\"wp-block-list\"><li><strong>Guardia di Finanza<\/strong><br><strong>Coloro che sono appartenenti alla Guardia di Finanza&nbsp;<\/strong>possono usufruire&nbsp;<strong>di uno sconto del 10% del biglietto sugli itinerari a piedi e ciclabili<\/strong>&nbsp;all\u2019interno del Parco della Maremma acquistati presso&nbsp;i Centri Visite del Parco.<\/li><\/ul>\n\n\n\n<ul class=\"wp-block-list\"><li><strong>Polizia di Stato<\/strong><br><strong>Coloro che sono appartenenti alla Polizia di Stato&nbsp;<\/strong>possono usufruire&nbsp;<strong>di uno sconto del 10% del biglietto sugli itinerari a piedi e ciclabili<\/strong>&nbsp;all\u2019interno del Parco della Maremma acquistati presso&nbsp;i Centri Visite del Parco.<\/li><\/ul>\n\n\n\n<h2 class=\"wp-block-heading\"><strong>Abbonamenti<\/strong><\/h2>\n\n\n\n<h3 class=\"wp-block-heading\">\u00c9&nbsp;possibile acquistare degli abbonamenti per visitare gli itinerari a piedi ed in bici del Parco della Maremma.<\/h3>\n\n\n\n<h4 class=\"wp-block-heading\"><strong>Ti ricordiamo che l\u2019abbonamento \u00e8 nominativo ed individuale, pu\u00f2 usufruire dell\u2019abbonamento solo l\u2019utente con il nominativo indicato sul ticket, che in caso di abbonamento on line corrisponde all\u2019utente registrato!<\/strong><\/h4>\n\n\n\n<h5 class=\"wp-block-heading\">NB. <strong>Si ricorda, inoltre, che l&#8217;entrata al Parco anche con abbonamento \u00e8 prevista per le 8,30, <mark style=\"background-color:#cfd318\" class=\"has-inline-color\">non prima<\/mark><\/strong><\/h5>\n\n\n\n<p>Gli abbonamenti sono validi tutto l\u2019anno. Nel periodo in cui&nbsp;<em><strong>\u00e8 in vigore la disciplina estiva<\/strong><\/em>, \u00e8 possibile percorrere solo gli itinerari previsti nella disciplina stessa.<br><em>Prezzi per RESIDENTI<\/em> (Grosseto, Orbetello e Magliano in Toscana)<br><strong><em>abbonamento mensile<\/em><\/strong><em>:<\/em>&nbsp;15,00 Euro&nbsp;<strong>(nel periodo in cui&nbsp;<em>\u00e8 in vigore la disciplina estiva<\/em>, \u00e8 possibile percorrere solo gli itinerari previsti nella disciplina stessa.)<\/strong>&nbsp;<br><strong><em>abbonamento trimestrale<\/em><\/strong><em>:<\/em>&nbsp;35,00 Euro&nbsp;<strong>(nel periodo in cui&nbsp;<em>\u00e8 in vigore la disciplina estiva<\/em>, \u00e8 possibile percorrere solo gli itinerari previsti nella disciplina stessa.)<\/strong><br><strong><em>abbonamento annuale:<\/em><\/strong>&nbsp;100 Euro&nbsp;<strong>(nel periodo in cui&nbsp;<em>\u00e8 in vigore la disciplina estiva<\/em>, \u00e8 possibile percorrere solo gli itinerari previsti nella disciplina stessa.)&nbsp;&nbsp;<\/strong><\/p>\n\n\n\n<p>PREZZI PER NON RESIDENTI <\/p>\n\n\n\n<p><strong><em>abbonamento mensile<\/em><\/strong><em>:<\/em>&nbsp;50,00 Euro&nbsp;<strong>(nel periodo in cui&nbsp;<em>\u00e8 in vigore la disciplina estiva<\/em>, \u00e8 possibile percorrere solo gli itinerari previsti nella disciplina stessa.)<\/strong>&nbsp;<br><strong><em>abbonamento trimestrale<\/em><\/strong><em>:<\/em>&nbsp;70,00 Euro&nbsp;<strong>(nel periodo in cui&nbsp;<em>\u00e8 in vigore la disciplina estiva<\/em>, \u00e8 possibile percorrere solo gli itinerari previsti nella disciplina stessa.)<\/strong>&nbsp;<br><strong><em>abbonamento annuale:<\/em><\/strong>&nbsp;150 Euro&nbsp;<strong>(nel periodo in cui&nbsp;<em>\u00e8 in vigore la disciplina estiva<\/em>, \u00e8 possibile percorrere solo gli itinerari previsti nella disciplina stessa.)&nbsp;&nbsp;<\/strong><\/p>\n\n\n\n<p>N.B. Sono esclusi dagli abbonamenti: l\u2019itinerario notturno, la Traversata del Parco della Maremma e l\u2019itinerario C3.<\/p>\n\n\n\n<ul class=\"wp-block-list\"><li>gli abbonamenti sono validi sia per gli itinerari a piedi che in bici, limitatamente a quelli aperti in relazione al periodo di percorrenza, ricordati di verificare sul sito le eventuali limitazioni;<\/li><li>se acquisti on line ricordati che per gli itinerari con partenza dalla Loc. Pinottolaio \u00e8 necessario lasciare una copia del voucher sul cruscotto dell\u2019auto o passare dal Centro visite per avere l\u2019autorizzazione al parcheggio.<strong>&nbsp;Dal 15 aprile 2022 per poter accedere all\u2019area parcheggio \u00e8 necessario ritirare presso il Centro visite il gettone per l\u2019apertura della Sbarra di accesso alla strada<\/strong>;<\/li><li>se acquisti on line invia una mail al Centrovisite (<a href=\"mailto:centrovisite@parco-maremma.it\">centrovisite@parco-maremma.it<\/a>) indicando le date del tuo abbonamento e un numero di cellulare, sarai avvertito su ogni variazione relativa al tuo abbonamento;<\/li><\/ul>\n\n\n\n<h2 class=\"wp-block-heading\"><strong>Permessi di Pesca<\/strong><\/h2>\n\n\n\n<p>E\u2019 possibile acquistare i permessi di pesca on line depositando preventivamente copia della propria licenza di pesca presso il Centro visite anche mediante invio all\u2019indirizzo mail:\u00a0<a href=\"mailto:centrovisite@parco-maremma.it\">centrovisite@parco-maremma.it<\/a>.<br>L\u2019utente ricever\u00e0 copia dell\u2019estratto del Regolamento per la disciplina della pesca che dovr\u00e0 stampare e portare con se unitamente al ticket acquistato. (<a href=\"http:\/\/parco-maremma.it\/wp-content\/uploads\/2021\/04\/estratto-regolamento-pesca-on-line-1.pdf\" target=\"_blank\" rel=\"noreferrer noopener\">scarica e stampa qui<\/a>)<br>In fase di registrazione al sistema di vendita on line si raccomanda di registrare il proprio nome e cognome, il ticket dovr\u00e0 essere nominativo e intestato al pescatore.<br>Il permesso di pesca \u00e8 acquistabile on-line fino alle ore 24.00 del giorno antecedente la data prescelta.<br>Si ricorda che il pescatore dovr\u00e0 registrare il pescato sull\u2019estratto del regolamento e lasciarne copia presso le apposite cassette della posta posizionate presso il cancello in Loc. Spolverino al termine della giornata.<br>Si raccomanda altres\u00ec di prendere visione del\u00a0<a href=\"http:\/\/parco-maremma.it\/wp-content\/uploads\/2018\/04\/Nuovo-disciplinare-pesca-def.pdf\" target=\"_blank\" rel=\"noreferrer noopener\">Regolamento per la disciplina della pesca<\/a>\u00a0per tutte le ulteriori informazioni necessarie. \u2705\u00a0 <a href=\"https:\/\/b2c.ticket-cloud.it\/router.php?pagina=vendita&amp;bundle=fornitore&amp;servizio=99&amp;nomeservizio=Permesso%20di%20pesca\" target=\"_blank\" rel=\"noreferrer noopener\">Acquista ora!<\/a><\/p>\n\n\n\n<h2 class=\"wp-block-heading\"><strong>Promozioni<\/strong>:<\/h2>\n\n\n\n<h3 class=\"wp-block-heading\">Per gli itinerari a piedi e in bici sono in vigore le seguenti promozioni<\/h3>\n\n\n\n<p>N.B. Sono esclusi dagli abbonamenti: l\u2019itinerario notturno, la Traversata del Parco della Maremma e l\u2019itinerario C3.<\/p>\n\n\n\n<ul class=\"wp-block-list\"><li><strong>Sconto n. 1- sconto per famiglie o gruppi (<em>3 x 4<\/em>)<\/strong><br><em>\u2013 Sconto per le famiglie con almeno 2 figli o per gruppi di 4 persone \u2013<\/em><br>In questo caso viene fornito un biglietto omaggio ad uno dei componenti della famiglia o del gruppo, precisando che il biglietto omaggio medesimo riguarda uno di quelli a costo intero (costo variabile in rapporto alla tipologia di itinerario).<\/li><\/ul>\n\n\n\n<ul class=\"wp-block-list\"><li><strong>Sconto n. 2- sconto \u201cprendi 3 paghi 2\u201d (<em>3 x 2<\/em>)<\/strong><br>Il visitatore che acquista i biglietti per tre differenti escursioni in tre giorni distinti, ne avr\u00e0 uno in omaggio.Tutte le escursioni devono essere obbligatoriamente prenotate e pagate al momento del ritiro dei biglietti medesimi.<\/li><\/ul>\n\n\n\n<ul class=\"wp-block-list\"><li><strong>Sconto&nbsp;n. 3- sconto \u201cprendi 2 paghi 1\u201d (<em>2 x 1<\/em>)<\/strong><br>Il visitatore che acquista un biglietto del costo di 10 \u20ac, potr\u00e0, nello stesso giorno, effettuare, gratuitamente con lo stesso biglietto, un altro itinerario di costo inferiore.<\/li><\/ul>\n\n\n\n<ul class=\"wp-block-list\"><li><strong>Sconto&nbsp;n. 4- sconto \u201cfedelt\u00e0\u201d (<em>fidelity ticket<\/em>)<\/strong><br>In questo caso si applica uno sconto al visitatore che effettua pi\u00f9 escursioni all\u2019interno del Parco nell\u2019arco di una settimana. I biglietti successivi alla prima escursione sono emessi come ridotti alla esibizione del biglietto acquistato precedentemente.<\/li><\/ul>\n\n\n\n<ul class=\"wp-block-list\"><li><strong>Sconto n.5- sconto \u201cdona le tue foto\u201d(<em>photo ticket<\/em>)<\/strong><br>Chi regala al Parco, inviandole per e-mail al Centro Visite (<em>centrovisite@parco-maremma.it<\/em>), almeno 4 foto in alta definizione (3-4 M) scattate lungo gli itinerari del Parco, avr\u00e0 diritto ad un biglietto ridotto per un futuro ingresso al Parco.<\/li><\/ul>\n\n\n\n<ul class=\"wp-block-list\"><li><strong>Sconto n.6 \u2013 Sconto \u201cStudenti under 25\u201d<\/strong><br>Sconto rivolto a tutti i ragazzi, studenti entro i 25 anni.<\/li><\/ul>\n\n\n\n<ul class=\"wp-block-list\"><li><strong>Per gli ospiti degli esercizi consigliati<\/strong><br>Gli ospiti degli&nbsp;<strong>esercizi consigliati<\/strong>&nbsp;potranno usufruire dello&nbsp;<strong>sconto del 20%<\/strong>&nbsp;su&nbsp;<strong>tutti gli itinerari (a piedi e in bicicletta)&nbsp;<\/strong>del Parco della Maremma.<br>Gli ospiti degli&nbsp;esercizi consigliati con qualificazione di<strong>&nbsp;\u201cECCELLENZA AMBIENTALE\u201d<\/strong>&nbsp;dal Parco hanno diritto allo<strong>&nbsp;sconto del 30%<\/strong>&nbsp;sugli ingressi agli itinerari del Parco della Maremma.<\/li><\/ul>\n","protected":false},"excerpt":{"rendered":"<p>Convenzioni: Soci CoopI Soci Coop e i loro accompagnatori&nbsp;possono usufruire dello sconto di&nbsp;1,00\u20ac&nbsp;su tutti&nbsp;gli itinerari a piedi&nbsp;del Parco della Maremma,&nbsp;acquistati presso i Centri Visite del Parco. Soci Mutua della Maremma&#8230;<\/p>\n","protected":false},"author":12,"featured_media":0,"parent":22297,"menu_order":0,"comment_status":"closed","ping_status":"closed","template":"","meta":{"_uag_custom_page_level_css":"","footnotes":""},"class_list":["post-12550","page","type-page","status-publish","hentry"],"acf":[],"yoast_head":"<!-- This site is optimized with the Yoast SEO plugin v25.5 - https:\/\/yoast.com\/wordpress\/plugins\/seo\/ -->\n<title>Promozioni abbonamenti e convenzioni per gli itinerari - Parco Maremma<\/title>\n<meta name=\"robots\" content=\"index, follow, max-snippet:-1, max-image-preview:large, max-video-preview:-1\" \/>\n<link rel=\"canonical\" href=\"https:\/\/parco-maremma.it\/visita\/promozioni-abbonamenti-e-convenzioni-per-gli-itinerari\/\" \/>\n<meta property=\"og:locale\" content=\"en_US\" \/>\n<meta property=\"og:type\" content=\"article\" \/>\n<meta property=\"og:title\" content=\"Promozioni abbonamenti e convenzioni per gli itinerari - Parco Maremma\" \/>\n<meta property=\"og:description\" content=\"Convenzioni: Soci CoopI Soci Coop e i loro accompagnatori&nbsp;possono usufruire dello sconto di&nbsp;1,00\u20ac&nbsp;su tutti&nbsp;gli itinerari a piedi&nbsp;del Parco della Maremma,&nbsp;acquistati presso i Centri Visite del Parco. Soci Mutua della Maremma...\" \/>\n<meta property=\"og:url\" content=\"https:\/\/parco-maremma.it\/visita\/promozioni-abbonamenti-e-convenzioni-per-gli-itinerari\/\" \/>\n<meta property=\"og:site_name\" content=\"Parco Maremma\" \/>\n<meta property=\"article:publisher\" content=\"https:\/\/www.facebook.com\/parcodellamaremma\" \/>\n<meta property=\"article:modified_time\" content=\"2023-12-15T10:31:47+00:00\" \/>\n<meta property=\"og:image\" content=\"https:\/\/parco-maremma.it\/wp-content\/uploads\/2023\/12\/Logo-sito.png\" \/>\n\t<meta property=\"og:image:width\" content=\"1000\" \/>\n\t<meta property=\"og:image:height\" content=\"1000\" \/>\n\t<meta property=\"og:image:type\" content=\"image\/png\" \/>\n<meta name=\"twitter:card\" content=\"summary_large_image\" \/>\n<meta name=\"twitter:label1\" content=\"Est. reading time\" \/>\n\t<meta name=\"twitter:data1\" content=\"6 minutes\" \/>\n<script type=\"application\/ld+json\" class=\"yoast-schema-graph\">{\"@context\":\"https:\/\/schema.org\",\"@graph\":[{\"@type\":\"WebPage\",\"@id\":\"https:\/\/parco-maremma.it\/visita\/promozioni-abbonamenti-e-convenzioni-per-gli-itinerari\/\",\"url\":\"https:\/\/parco-maremma.it\/visita\/promozioni-abbonamenti-e-convenzioni-per-gli-itinerari\/\",\"name\":\"Promozioni abbonamenti e convenzioni per gli itinerari - Parco Maremma\",\"isPartOf\":{\"@id\":\"https:\/\/parco-maremma.it\/#website\"},\"datePublished\":\"2021-07-05T14:51:12+00:00\",\"dateModified\":\"2023-12-15T10:31:47+00:00\",\"breadcrumb\":{\"@id\":\"https:\/\/parco-maremma.it\/visita\/promozioni-abbonamenti-e-convenzioni-per-gli-itinerari\/#breadcrumb\"},\"inLanguage\":\"en-US\",\"potentialAction\":[{\"@type\":\"ReadAction\",\"target\":[\"https:\/\/parco-maremma.it\/visita\/promozioni-abbonamenti-e-convenzioni-per-gli-itinerari\/\"]}]},{\"@type\":\"BreadcrumbList\",\"@id\":\"https:\/\/parco-maremma.it\/visita\/promozioni-abbonamenti-e-convenzioni-per-gli-itinerari\/#breadcrumb\",\"itemListElement\":[{\"@type\":\"ListItem\",\"position\":1,\"name\":\"Home\",\"item\":\"https:\/\/parco-maremma.it\/en\/home\/\"},{\"@type\":\"ListItem\",\"position\":2,\"name\":\"Visita\",\"item\":\"https:\/\/parco-maremma.it\/visita\/\"},{\"@type\":\"ListItem\",\"position\":3,\"name\":\"Promozioni abbonamenti e convenzioni per gli itinerari\"}]},{\"@type\":\"WebSite\",\"@id\":\"https:\/\/parco-maremma.it\/#website\",\"url\":\"https:\/\/parco-maremma.it\/\",\"name\":\"Parco Maremma\",\"description\":\"Sito ufficiale del Parco Regionale della Maremma\",\"publisher\":{\"@id\":\"https:\/\/parco-maremma.it\/#organization\"},\"potentialAction\":[{\"@type\":\"SearchAction\",\"target\":{\"@type\":\"EntryPoint\",\"urlTemplate\":\"https:\/\/parco-maremma.it\/?s={search_term_string}\"},\"query-input\":{\"@type\":\"PropertyValueSpecification\",\"valueRequired\":true,\"valueName\":\"search_term_string\"}}],\"inLanguage\":\"en-US\"},{\"@type\":\"Organization\",\"@id\":\"https:\/\/parco-maremma.it\/#organization\",\"name\":\"Parco Maremma\",\"url\":\"https:\/\/parco-maremma.it\/\",\"logo\":{\"@type\":\"ImageObject\",\"inLanguage\":\"en-US\",\"@id\":\"https:\/\/parco-maremma.it\/#\/schema\/logo\/image\/\",\"url\":\"https:\/\/parco-maremma.it\/wp-content\/uploads\/2023\/12\/Logo-sito.png\",\"contentUrl\":\"https:\/\/parco-maremma.it\/wp-content\/uploads\/2023\/12\/Logo-sito.png\",\"width\":1000,\"height\":1000,\"caption\":\"Parco Maremma\"},\"image\":{\"@id\":\"https:\/\/parco-maremma.it\/#\/schema\/logo\/image\/\"},\"sameAs\":[\"https:\/\/www.facebook.com\/parcodellamaremma\",\"https:\/\/www.instagram.com\/parcomaremma\"]}]}<\/script>\n<!-- \/ Yoast SEO plugin. -->","yoast_head_json":{"title":"Promozioni abbonamenti e convenzioni per gli itinerari - Parco Maremma","robots":{"index":"index","follow":"follow","max-snippet":"max-snippet:-1","max-image-preview":"max-image-preview:large","max-video-preview":"max-video-preview:-1"},"canonical":"https:\/\/parco-maremma.it\/visita\/promozioni-abbonamenti-e-convenzioni-per-gli-itinerari\/","og_locale":"en_US","og_type":"article","og_title":"Promozioni abbonamenti e convenzioni per gli itinerari - Parco Maremma","og_description":"Convenzioni: Soci CoopI Soci Coop e i loro accompagnatori&nbsp;possono usufruire dello sconto di&nbsp;1,00\u20ac&nbsp;su tutti&nbsp;gli itinerari a piedi&nbsp;del Parco della Maremma,&nbsp;acquistati presso i Centri Visite del Parco. Soci Mutua della Maremma...","og_url":"https:\/\/parco-maremma.it\/visita\/promozioni-abbonamenti-e-convenzioni-per-gli-itinerari\/","og_site_name":"Parco Maremma","article_publisher":"https:\/\/www.facebook.com\/parcodellamaremma","article_modified_time":"2023-12-15T10:31:47+00:00","og_image":[{"width":1000,"height":1000,"url":"https:\/\/parco-maremma.it\/wp-content\/uploads\/2023\/12\/Logo-sito.png","type":"image\/png"}],"twitter_card":"summary_large_image","twitter_misc":{"Est. reading time":"6 minutes"},"schema":{"@context":"https:\/\/schema.org","@graph":[{"@type":"WebPage","@id":"https:\/\/parco-maremma.it\/visita\/promozioni-abbonamenti-e-convenzioni-per-gli-itinerari\/","url":"https:\/\/parco-maremma.it\/visita\/promozioni-abbonamenti-e-convenzioni-per-gli-itinerari\/","name":"Promozioni abbonamenti e convenzioni per gli itinerari - Parco Maremma","isPartOf":{"@id":"https:\/\/parco-maremma.it\/#website"},"datePublished":"2021-07-05T14:51:12+00:00","dateModified":"2023-12-15T10:31:47+00:00","breadcrumb":{"@id":"https:\/\/parco-maremma.it\/visita\/promozioni-abbonamenti-e-convenzioni-per-gli-itinerari\/#breadcrumb"},"inLanguage":"en-US","potentialAction":[{"@type":"ReadAction","target":["https:\/\/parco-maremma.it\/visita\/promozioni-abbonamenti-e-convenzioni-per-gli-itinerari\/"]}]},{"@type":"BreadcrumbList","@id":"https:\/\/parco-maremma.it\/visita\/promozioni-abbonamenti-e-convenzioni-per-gli-itinerari\/#breadcrumb","itemListElement":[{"@type":"ListItem","position":1,"name":"Home","item":"https:\/\/parco-maremma.it\/en\/home\/"},{"@type":"ListItem","position":2,"name":"Visita","item":"https:\/\/parco-maremma.it\/visita\/"},{"@type":"ListItem","position":3,"name":"Promozioni abbonamenti e convenzioni per gli itinerari"}]},{"@type":"WebSite","@id":"https:\/\/parco-maremma.it\/#website","url":"https:\/\/parco-maremma.it\/","name":"Parco Maremma","description":"Sito ufficiale del Parco Regionale della Maremma","publisher":{"@id":"https:\/\/parco-maremma.it\/#organization"},"potentialAction":[{"@type":"SearchAction","target":{"@type":"EntryPoint","urlTemplate":"https:\/\/parco-maremma.it\/?s={search_term_string}"},"query-input":{"@type":"PropertyValueSpecification","valueRequired":true,"valueName":"search_term_string"}}],"inLanguage":"en-US"},{"@type":"Organization","@id":"https:\/\/parco-maremma.it\/#organization","name":"Parco Maremma","url":"https:\/\/parco-maremma.it\/","logo":{"@type":"ImageObject","inLanguage":"en-US","@id":"https:\/\/parco-maremma.it\/#\/schema\/logo\/image\/","url":"https:\/\/parco-maremma.it\/wp-content\/uploads\/2023\/12\/Logo-sito.png","contentUrl":"https:\/\/parco-maremma.it\/wp-content\/uploads\/2023\/12\/Logo-sito.png","width":1000,"height":1000,"caption":"Parco Maremma"},"image":{"@id":"https:\/\/parco-maremma.it\/#\/schema\/logo\/image\/"},"sameAs":["https:\/\/www.facebook.com\/parcodellamaremma","https:\/\/www.instagram.com\/parcomaremma"]}]}},"uagb_featured_image_src":{"full":false,"thumbnail":false,"medium":false,"large":false,"us_400_200_crop":false,"us_600_400_crop":false,"us_1440_500_crop":false},"uagb_author_info":{"display_name":"Webmapp","author_link":"https:\/\/parco-maremma.it\/en\/author\/webmapp\/"},"uagb_comment_info":0,"uagb_excerpt":"Convenzioni: Soci CoopI Soci Coop e i loro accompagnatori&nbsp;possono usufruire dello sconto di&nbsp;1,00\u20ac&nbsp;su tutti&nbsp;gli itinerari a piedi&nbsp;del Parco della Maremma,&nbsp;acquistati presso i Centri Visite del Parco. Soci Mutua della Maremma...","_links":{"self":[{"href":"https:\/\/parco-maremma.it\/en\/wp-json\/wp\/v2\/pages\/12550","targetHints":{"allow":["GET"]}}],"collection":[{"href":"https:\/\/parco-maremma.it\/en\/wp-json\/wp\/v2\/pages"}],"about":[{"href":"https:\/\/parco-maremma.it\/en\/wp-json\/wp\/v2\/types\/page"}],"author":[{"embeddable":true,"href":"https:\/\/parco-maremma.it\/en\/wp-json\/wp\/v2\/users\/12"}],"replies":[{"embeddable":true,"href":"https:\/\/parco-maremma.it\/en\/wp-json\/wp\/v2\/comments?post=12550"}],"version-history":[{"count":3,"href":"https:\/\/parco-maremma.it\/en\/wp-json\/wp\/v2\/pages\/12550\/revisions"}],"predecessor-version":[{"id":22082,"href":"https:\/\/parco-maremma.it\/en\/wp-json\/wp\/v2\/pages\/12550\/revisions\/22082"}],"up":[{"embeddable":true,"href":"https:\/\/parco-maremma.it\/en\/wp-json\/wp\/v2\/pages\/22297"}],"wp:attachment":[{"href":"https:\/\/parco-maremma.it\/en\/wp-json\/wp\/v2\/media?parent=12550"}],"curies":[{"name":"wp","href":"https:\/\/api.w.org\/{rel}","templated":true}]}}